{"id":12695,"date":"2020-10-20T01:39:25","date_gmt":"2020-10-19T22:39:25","guid":{"rendered":"https:\/\/hookahshop.lt\/?post_type=product&#038;p=12695"},"modified":"2026-04-15T23:29:15","modified_gmt":"2026-04-15T20:29:15","slug":"taurele-kaljanui-smokelab-rocks-black","status":"publish","type":"product","link":"https:\/\/hookahshop.lt\/lv\/produkt\/kauss-udenspipe-smokelab-rocks-melns\/","title":{"rendered":"\u016adensp\u012bpes kauss SMOKELAB Rocks Black"},"content":{"rendered":"<h2>\u016adensp\u012bpes kauss SMOKELAB Rocks Black<\/h2>\n<p>Smokelab Rocks b\u013coda ir patiesi daudzpus\u012bga, jo b\u013codas biez\u0101s sienas vienm\u0113r\u012bgi silda karstumiztur\u012bgu tabaku bez p\u0101rkar\u0161anas, ar ko pietiek gar\u0161\u012bgam d\u016bmam, stiprai tabakai.<\/p>\n<p>Specifik\u0101cijas:<br \/>\nAugstums: 81 mm<br \/>\nDiametrs (\u0101r\u0113jais): 76 mm<br \/>\nDiametrs (iek\u0161\u0113jais): 67 mm<br \/>\nDzi\u013cums: 16mm<br \/>\nCauruma diametrs: 8 mm<br \/>\nUrbumu skaits: 5<br \/>\nSvars: apm\u0113ram 319 grami<\/p>\n<p>Vai jums ir k\u0101di jaut\u0101jumi? Sazinies ar mums <a href=\"https:\/\/hookahshop.lt\/lv\/kontaktiem\/\">kontaktu lapa<\/a> vai rakstiet mums pa e-pastu <a href=\"https:\/\/facebook.com\/HookahShop.lt\/\" target=\"_blank\" rel=\"noopener noreferrer\">Facebook konts<\/a> un m\u0113s atbild\u0113sim uz j\u016bsu piepras\u012bjumu taj\u0101 pa\u0161\u0101 dien\u0101.<\/p>","protected":false},"excerpt":{"rendered":"<p>\u016adensp\u012bpes kr\u016bze SMOKELAB Rocks Black Kr\u016bz\u012bte &quot;Smokelab Rocks&quot; ir patiesi daudzpus\u012bga, jo biez\u0101s kr\u016bzes sieni\u0146as vienm\u0113r\u012bgi silda karstumiztur\u012bgu tabaku, ne\u013caujot tai p\u0101rkarst, ar ko pietiek gar\u0161\u012bgai sm\u0113\u0137\u0113\u0161anai, sp\u0113c\u012bgai tabakas sm\u0113\u0137\u0113\u0161anai. Specifik\u0101cijas: Augstums: 81 mm Diametrs (\u0101r\u0113jais): 76 mm Diametrs (iek\u0161\u0113jais): 67 mm Dzi\u013cums: 16 mm Cauruma diametrs: 8 mm Caurumu skaits: 5 Svars: aptuveni 319 grami [\u2026]<\/p>","protected":false},"featured_media":12697,"comment_status":"open","ping_status":"closed","template":"","meta":[],"_links":{"self":[{"href":"https:\/\/hookahshop.lt\/lv\/wp-json\/wp\/v2\/product\/12695"}],"collection":[{"href":"https:\/\/hookahshop.lt\/lv\/wp-json\/wp\/v2\/product"}],"about":[{"href":"https:\/\/hookahshop.lt\/lv\/wp-json\/wp\/v2\/types\/product"}],"replies":[{"embeddable":true,"href":"https:\/\/hookahshop.lt\/lv\/wp-json\/wp\/v2\/comments?post=12695"}],"version-history":[{"count":3,"href":"https:\/\/hookahshop.lt\/lv\/wp-json\/wp\/v2\/product\/12695\/revisions"}],"predecessor-version":[{"id":29357,"href":"https:\/\/hookahshop.lt\/lv\/wp-json\/wp\/v2\/product\/12695\/revisions\/29357"}],"wp:featuredmedia":[{"embeddable":true,"href":"https:\/\/hookahshop.lt\/lv\/wp-json\/wp\/v2\/media\/12697"}],"wp:attachment":[{"href":"https:\/\/hookahshop.lt\/lv\/wp-json\/wp\/v2\/media?parent=12695"}],"curies":[{"name":"wp","href":"https:\/\/api.w.org\/{rel}","templated":true}]}}