{"id":12703,"date":"2020-10-20T01:49:51","date_gmt":"2020-10-19T22:49:51","guid":{"rendered":"https:\/\/hookahshop.lt\/?post_type=product&#038;p=12703"},"modified":"2026-04-22T23:29:33","modified_gmt":"2026-04-22T20:29:33","slug":"taurele-kaljanui-upgrade-form-standard","status":"publish","type":"product","link":"https:\/\/hookahshop.lt\/lv\/produkt\/kauss-udenspipe-upgrade-form-standard\/","title":{"rendered":"\u016adensp\u012bpes kauss UPGRADE Form Standard"},"content":{"rendered":"<h2>\u016adensp\u012bpes kauss UPGRADE Form Standard<\/h2>\n<p>&quot;Upgrade Form Standart&quot; (Mini) kr\u016bz\u012bte ir izgatavota no \u012bpa\u0161a m\u0101la-majolika sast\u0101va, kas izv\u0113l\u0113ts, lai pan\u0101ktu optim\u0101lu tabakas uzkars\u0113\u0161anu, minim\u0101lu deg\u0161anu. \u0160\u012b kr\u016bze izce\u013cas ar savu iztur\u012bbu, iztur\u012bbu un iztur\u012bbu pret augst\u0101m temperat\u016br\u0101m. Turkl\u0101t \u0161im m\u0101lam p\u0113c apdedzin\u0101\u0161anas ir balta kr\u0101sa, kas pie\u0161\u0137ir tiem stil\u012bgu un skaistu est\u0113tisku izskatu.<\/p>\n<p>Specifik\u0101cijas:<br \/>\nAugstums: 82 mm<br \/>\nDiametrs (\u0101r\u0113jais): 70 mm<br \/>\nDiametrs (iek\u0161\u0113jais): 60 mm<br \/>\nDzi\u013cums: 20 mm<br \/>\nCauruma diametrs: 5 mm<br \/>\nCaurumu skaits: 6<br \/>\nSvars: apm\u0113ram 170 grami<\/p>\n<p>Vai jums ir k\u0101di jaut\u0101jumi? Sazinies ar mums <a href=\"https:\/\/hookahshop.lt\/lv\/kontaktiem\/\">kontaktu lapa<\/a> vai rakstiet mums pa e-pastu <a href=\"https:\/\/facebook.com\/HookahShop.lt\/\" target=\"_blank\" rel=\"noopener noreferrer\">Facebook konts<\/a> un m\u0113s atbild\u0113sim uz j\u016bsu piepras\u012bjumu taj\u0101 pa\u0161\u0101 dien\u0101.<\/p>","protected":false},"excerpt":{"rendered":"<p>Kr\u016bz\u012bte \u016bdensp\u012bpei UPGRADE Form Standard &quot;Upgrade Form Standard&quot; (Mini) kr\u016bze ir izgatavota no \u012bpa\u0161a m\u0101la-majolika sast\u0101va, kas izv\u0113l\u0113ts, lai pan\u0101ktu optim\u0101lu tabakas uzkars\u0113\u0161anu un minim\u0101lu deg\u0161anu. \u0160\u012b kr\u016bze izce\u013cas ar savu iztur\u012bbu, iztur\u012bbu un iztur\u012bbu pret augst\u0101m temperat\u016br\u0101m. Turkl\u0101t \u0161im m\u0101lam p\u0113c apdedzin\u0101\u0161anas ir balta kr\u0101sa, kas pie\u0161\u0137ir tiem stil\u012bgu un skaistu est\u0113tisku izskatu. Specifik\u0101cijas: Augstums: 82 mm [\u2026]<\/p>","protected":false},"featured_media":12704,"comment_status":"open","ping_status":"closed","template":"","meta":[],"_links":{"self":[{"href":"https:\/\/hookahshop.lt\/lv\/wp-json\/wp\/v2\/product\/12703"}],"collection":[{"href":"https:\/\/hookahshop.lt\/lv\/wp-json\/wp\/v2\/product"}],"about":[{"href":"https:\/\/hookahshop.lt\/lv\/wp-json\/wp\/v2\/types\/product"}],"replies":[{"embeddable":true,"href":"https:\/\/hookahshop.lt\/lv\/wp-json\/wp\/v2\/comments?post=12703"}],"version-history":[{"count":5,"href":"https:\/\/hookahshop.lt\/lv\/wp-json\/wp\/v2\/product\/12703\/revisions"}],"predecessor-version":[{"id":30024,"href":"https:\/\/hookahshop.lt\/lv\/wp-json\/wp\/v2\/product\/12703\/revisions\/30024"}],"wp:featuredmedia":[{"embeddable":true,"href":"https:\/\/hookahshop.lt\/lv\/wp-json\/wp\/v2\/media\/12704"}],"wp:attachment":[{"href":"https:\/\/hookahshop.lt\/lv\/wp-json\/wp\/v2\/media?parent=12703"}],"curies":[{"name":"wp","href":"https:\/\/api.w.org\/{rel}","templated":true}]}}