{"id":12708,"date":"2020-10-20T01:59:37","date_gmt":"2020-10-19T22:59:37","guid":{"rendered":"https:\/\/hookahshop.lt\/?post_type=product&#038;p=12708"},"modified":"2026-04-16T23:29:13","modified_gmt":"2026-04-16T20:29:13","slug":"kaljano-plastikinis-praputimo-voztuvas-8-mm","status":"publish","type":"product","link":"https:\/\/hookahshop.lt\/lv\/produkt\/udenspipe-plastmasa-skalosanas-varsts-8-mm\/","title":{"rendered":"\u016adensp\u012bpes plastmasas iztuk\u0161o\u0161anas v\u0101rsts 8 mm"},"content":{"rendered":"<h2>\u016adensp\u012bpes plastmasas iztuk\u0161o\u0161anas v\u0101rsts 8 mm<\/h2>\n<p>\u016adensp\u012bpes att\u012br\u012b\u0161anas v\u0101rsts ir lod\u012bte, ar kuras pal\u012bdz\u012bbu m\u0113s varam kontrol\u0113t d\u016bmu daudzumu \u016bdensp\u012bpes kolb\u0101, izmantojot \u016bdensp\u012bpi. Pavelkot, bumbi\u0146a aizver p\u016b\u0161anas atveri, izp\u016b\u0161ot d\u016bmus no kolbas \u2013 atver to.<\/p>\n<p><strong>Specifik\u0101cijas:<\/strong><br \/>\nDiametrs: 5mm, 6mm, 7mm, 8mm, 10mm, 12mm<br \/>\nsvars: 0,1 g<\/p>\n<p><span style=\"color: #ff0000;\">PIEZ\u012aME. Atz\u012bm\u0113jiet piez\u012bm\u0113s, ja nepiecie\u0161ams izm\u0113rs, kas nav 8 mm<\/span><\/p>\n<p>Vai jums ir k\u0101di jaut\u0101jumi? Sazinies ar mums <a href=\"https:\/\/hookahshop.lt\/lv\/kontaktiem\/\">kontaktu lapa<\/a> vai rakstiet mums pa e-pastu <a href=\"https:\/\/facebook.com\/HookahShop.lt\/\" target=\"_blank\" rel=\"noopener noreferrer\">Facebook konts<\/a> un m\u0113s atbild\u0113sim uz j\u016bsu piepras\u012bjumu taj\u0101 pa\u0161\u0101 dien\u0101.<\/p>","protected":false},"excerpt":{"rendered":"<p>\u016adensp\u012bpes plastmasas att\u012br\u012b\u0161anas v\u0101rstulis 8 mm. \u016adensp\u012bpes att\u012br\u012b\u0161anas v\u0101rstulis ir bumbi\u0146a, ar kuras pal\u012bdz\u012bbu, lietojot \u016bdensp\u012bpi, varam kontrol\u0113t d\u016bmu daudzumu \u016bdensp\u012bpes bla\u0161\u0137\u012bt\u012b. Pavelkot bumbi\u0146u, t\u0101 aizsprosto att\u012br\u012b\u0161anas atveri, bet, izp\u016b\u0161ot d\u016bmus no bla\u0161\u0137es, t\u0101 atveras. Specifik\u0101cijas: Diametrs: 5 mm, 6 mm, 7 mm, 8 mm, 10 mm, 12 mm Svars: 0,1 g PIEZ\u012aME. L\u016bdzu, atz\u012bm\u0113jiet piez\u012bm\u0113s, ja nepiecie\u0161ams izm\u0113rs, kas nav 8 mm [\u2026]<\/p>","protected":false},"featured_media":12709,"comment_status":"open","ping_status":"closed","template":"","meta":[],"_links":{"self":[{"href":"https:\/\/hookahshop.lt\/lv\/wp-json\/wp\/v2\/product\/12708"}],"collection":[{"href":"https:\/\/hookahshop.lt\/lv\/wp-json\/wp\/v2\/product"}],"about":[{"href":"https:\/\/hookahshop.lt\/lv\/wp-json\/wp\/v2\/types\/product"}],"replies":[{"embeddable":true,"href":"https:\/\/hookahshop.lt\/lv\/wp-json\/wp\/v2\/comments?post=12708"}],"version-history":[{"count":7,"href":"https:\/\/hookahshop.lt\/lv\/wp-json\/wp\/v2\/product\/12708\/revisions"}],"predecessor-version":[{"id":44945,"href":"https:\/\/hookahshop.lt\/lv\/wp-json\/wp\/v2\/product\/12708\/revisions\/44945"}],"wp:featuredmedia":[{"embeddable":true,"href":"https:\/\/hookahshop.lt\/lv\/wp-json\/wp\/v2\/media\/12709"}],"wp:attachment":[{"href":"https:\/\/hookahshop.lt\/lv\/wp-json\/wp\/v2\/media?parent=12708"}],"curies":[{"name":"wp","href":"https:\/\/api.w.org\/{rel}","templated":true}]}}