{"id":12712,"date":"2020-10-20T02:09:36","date_gmt":"2020-10-19T23:09:36","guid":{"rendered":"https:\/\/hookahshop.lt\/?post_type=product&#038;p=12712"},"modified":"2026-04-10T23:29:26","modified_gmt":"2026-04-10T20:29:26","slug":"znyples-kaljano-anglims-arma-spikes-gold","status":"publish","type":"product","link":"https:\/\/hookahshop.lt\/lv\/produkt\/znyples-udenspipe-ogles-arma-spices-zelts\/","title":{"rendered":"Knaibles \u016bdensp\u012bpe ogl\u0113m ARMA Spikes Gold"},"content":{"rendered":"<h2>Knaibles \u016bdensp\u012bpe ogl\u0113m ARMA Spikes Gold<\/h2>\n<p>\u0160\u012bs knaibles ir \u013coti \u0113rtas p\u0113c izm\u0113ra un neliecas, kad t\u0101s tiek lietotas.<\/p>\n<p>Vai jums ir k\u0101di jaut\u0101jumi? Sazinies ar mums <a href=\"https:\/\/hookahshop.lt\/lv\/kontaktiem\/\">kontaktu lapa<\/a> vai rakstiet mums pa e-pastu <a href=\"https:\/\/facebook.com\/HookahShop.lt\/\" target=\"_blank\" rel=\"noopener noreferrer\">Facebook konts<\/a> un m\u0113s atbild\u0113sim uz j\u016bsu piepras\u012bjumu taj\u0101 pa\u0161\u0101 dien\u0101.<\/p>","protected":false},"excerpt":{"rendered":"<p>Knaibles \u016bdensp\u012bpes ogl\u0113m ARMA Spikes Gold \u0160\u012bs knaibles ir \u013coti \u0113rta izm\u0113ra un nesabr\u016bk lieto\u0161anas laik\u0101. Vai jums ir k\u0101di jaut\u0101jumi? Sazinieties ar mums kontaktu lap\u0101 vai rakstiet mums uz m\u016bsu Facebook kontu un m\u0113s atbild\u0113sim uz j\u016bsu piepras\u012bjumu taj\u0101 pa\u0161\u0101 dien\u0101.<\/p>","protected":false},"featured_media":12748,"comment_status":"open","ping_status":"closed","template":"","meta":[],"_links":{"self":[{"href":"https:\/\/hookahshop.lt\/lv\/wp-json\/wp\/v2\/product\/12712"}],"collection":[{"href":"https:\/\/hookahshop.lt\/lv\/wp-json\/wp\/v2\/product"}],"about":[{"href":"https:\/\/hookahshop.lt\/lv\/wp-json\/wp\/v2\/types\/product"}],"replies":[{"embeddable":true,"href":"https:\/\/hookahshop.lt\/lv\/wp-json\/wp\/v2\/comments?post=12712"}],"version-history":[{"count":6,"href":"https:\/\/hookahshop.lt\/lv\/wp-json\/wp\/v2\/product\/12712\/revisions"}],"predecessor-version":[{"id":43456,"href":"https:\/\/hookahshop.lt\/lv\/wp-json\/wp\/v2\/product\/12712\/revisions\/43456"}],"wp:featuredmedia":[{"embeddable":true,"href":"https:\/\/hookahshop.lt\/lv\/wp-json\/wp\/v2\/media\/12748"}],"wp:attachment":[{"href":"https:\/\/hookahshop.lt\/lv\/wp-json\/wp\/v2\/media?parent=12712"}],"curies":[{"name":"wp","href":"https:\/\/api.w.org\/{rel}","templated":true}]}}