{"id":12720,"date":"2020-10-20T02:19:55","date_gmt":"2020-10-19T23:19:55","guid":{"rendered":"https:\/\/hookahshop.lt\/?post_type=product&#038;p=12720"},"modified":"2026-04-17T23:29:42","modified_gmt":"2026-04-17T20:29:42","slug":"znyples-kaljano-anglims-blade-hookah","status":"publish","type":"product","link":"https:\/\/hookahshop.lt\/lv\/produkt\/knaibles-udenspipe-ogles-asmens-udenspipe\/","title":{"rendered":"\u016adensp\u012bpes kokogles knaibles BLADE HOOKAH"},"content":{"rendered":"<h2>\u016adensp\u012bpes kokogles knaibles BLADE HOOKAH<\/h2>\n<p>Asme\u0146u \u016bdensp\u012bpes knaibles ir izgatavotas tikai no ner\u016bs\u0113jo\u0161\u0101 t\u0113rauda, \u013coti \u0113rti izm\u0113ri. Produkts ir ori\u0123in\u0101ls.<\/p>\n<p>Vai jums ir k\u0101di jaut\u0101jumi? Sazinies ar mums <a href=\"https:\/\/hookahshop.lt\/lv\/kontaktiem\/\">kontaktu lapa<\/a> vai rakstiet mums pa e-pastu <a href=\"https:\/\/facebook.com\/HookahShop.lt\/\" target=\"_blank\" rel=\"noopener noreferrer\">Facebook konts<\/a> un m\u0113s atbild\u0113sim uz j\u016bsu piepras\u012bjumu taj\u0101 pa\u0161\u0101 dien\u0101.<\/p>","protected":false},"excerpt":{"rendered":"<p>Knaibles \u016bdensp\u012bpei ogl\u0113m BLADE HOOKAH &quot;Blade Hookah&quot; Knaibles ir izgatavotas tikai no ner\u016bs\u0113jo\u0161\u0101 t\u0113rauda, \u013coti \u0113rts izm\u0113rs. Produkts ir ori\u0123in\u0101ls. Vai jums ir k\u0101di jaut\u0101jumi? Sazinieties ar mums kontaktu lap\u0101 vai rakstiet mums uz m\u016bsu Facebook kontu un m\u0113s atbild\u0113sim uz j\u016bsu piepras\u012bjumu taj\u0101 pa\u0161\u0101 dien\u0101.<\/p>","protected":false},"featured_media":12751,"comment_status":"open","ping_status":"closed","template":"","meta":[],"_links":{"self":[{"href":"https:\/\/hookahshop.lt\/lv\/wp-json\/wp\/v2\/product\/12720"}],"collection":[{"href":"https:\/\/hookahshop.lt\/lv\/wp-json\/wp\/v2\/product"}],"about":[{"href":"https:\/\/hookahshop.lt\/lv\/wp-json\/wp\/v2\/types\/product"}],"replies":[{"embeddable":true,"href":"https:\/\/hookahshop.lt\/lv\/wp-json\/wp\/v2\/comments?post=12720"}],"version-history":[{"count":4,"href":"https:\/\/hookahshop.lt\/lv\/wp-json\/wp\/v2\/product\/12720\/revisions"}],"predecessor-version":[{"id":23324,"href":"https:\/\/hookahshop.lt\/lv\/wp-json\/wp\/v2\/product\/12720\/revisions\/23324"}],"wp:featuredmedia":[{"embeddable":true,"href":"https:\/\/hookahshop.lt\/lv\/wp-json\/wp\/v2\/media\/12751"}],"wp:attachment":[{"href":"https:\/\/hookahshop.lt\/lv\/wp-json\/wp\/v2\/media?parent=12720"}],"curies":[{"name":"wp","href":"https:\/\/api.w.org\/{rel}","templated":true}]}}