{"id":12740,"date":"2020-10-20T02:57:40","date_gmt":"2020-10-19T23:57:40","guid":{"rendered":"https:\/\/hookahshop.lt\/?post_type=product&#038;p=12740"},"modified":"2026-04-17T23:29:40","modified_gmt":"2026-04-17T20:29:40","slug":"taurele-kaljanui-upper-burly-shot-bowl","status":"publish","type":"product","link":"https:\/\/hookahshop.lt\/lv\/produkt\/augsejais-burly-shot-bloda\/","title":{"rendered":"\u016adensp\u012bpe UPPER Burly Shot Bowl"},"content":{"rendered":"<h2>\u016adensp\u012bpe UPPER Burly Shot Bowl<\/h2>\n<p>Tas ir ide\u0101ls produkts karstumiztur\u012bgai tabakai. Katrs Upper Burly ir atsevi\u0161\u0137i iepakots ar z\u012bmola logotipu un stikla nosaukumu.<\/p>\n<p>Piem\u0113rots sm\u0113\u0137\u0113\u0161anai vienatn\u0113 30-40 min\u016btes. Tiek pat\u0113r\u0113ti 6-10 grami tabakas. Iesak\u0101m bl\u012bvi pild\u012bt ar ieplak\u0101m, k\u016bpin\u0101t uz 2-3 ogl\u0113m.<\/p>\n<p>Specifik\u0101cijas:<br \/>\nAugstums: 73 mm<br \/>\nDiametrs (\u0101r\u0113jais): 63 mm<br \/>\nDiametrs (iek\u0161\u0113jais): 51 mm<br \/>\nDzi\u013cums: 10mm<br \/>\nCauruma diametrs: 12 mm<br \/>\nUrbumu skaits: 1<br \/>\nSvars: apm\u0113ram 125 grami<\/p>\n<p>Vai jums ir k\u0101di jaut\u0101jumi? Sazinies ar mums <a href=\"https:\/\/hookahshop.lt\/lv\/kontaktiem\/\">kontaktu lapa<\/a> vai rakstiet mums pa e-pastu <a href=\"https:\/\/facebook.com\/HookahShop.lt\/\" target=\"_blank\" rel=\"noopener noreferrer\">Facebook konts<\/a> un m\u0113s atbild\u0113sim uz j\u016bsu piepras\u012bjumu taj\u0101 pa\u0161\u0101 dien\u0101.<\/p>","protected":false},"excerpt":{"rendered":"<p>\u016adensp\u012bpes b\u013coda UPPER Burly Shot Bowl \u0160is ir ide\u0101ls produkts karstumiztur\u012bgai tabakai. Katrs Upper Burly ir atsevi\u0161\u0137i iepakots ar z\u012bmola logotipu un stikla nosaukumu. Piem\u0113rots sm\u0113\u0137\u0113\u0161anai vienatn\u0113 30-40 min\u016btes. Tiek pat\u0113r\u0113ti 6-10 grami tabakas. Iesak\u0101m bl\u012bvi pild\u012bt ar ieplak\u0101m, k\u016bpin\u0101t uz 2-3 ogl\u0113m. Specifik\u0101cijas: Augstums: 73 mm Diametrs (\u0101r\u0113jais): 63 mm Diametrs (iek\u0161\u0113jais): 51 [\u2026]<\/p>","protected":false},"featured_media":12741,"comment_status":"open","ping_status":"closed","template":"","meta":[],"_links":{"self":[{"href":"https:\/\/hookahshop.lt\/lv\/wp-json\/wp\/v2\/product\/12740"}],"collection":[{"href":"https:\/\/hookahshop.lt\/lv\/wp-json\/wp\/v2\/product"}],"about":[{"href":"https:\/\/hookahshop.lt\/lv\/wp-json\/wp\/v2\/types\/product"}],"replies":[{"embeddable":true,"href":"https:\/\/hookahshop.lt\/lv\/wp-json\/wp\/v2\/comments?post=12740"}],"version-history":[{"count":2,"href":"https:\/\/hookahshop.lt\/lv\/wp-json\/wp\/v2\/product\/12740\/revisions"}],"predecessor-version":[{"id":27810,"href":"https:\/\/hookahshop.lt\/lv\/wp-json\/wp\/v2\/product\/12740\/revisions\/27810"}],"wp:featuredmedia":[{"embeddable":true,"href":"https:\/\/hookahshop.lt\/lv\/wp-json\/wp\/v2\/media\/12741"}],"wp:attachment":[{"href":"https:\/\/hookahshop.lt\/lv\/wp-json\/wp\/v2\/media?parent=12740"}],"curies":[{"name":"wp","href":"https:\/\/api.w.org\/{rel}","templated":true}]}}