{"id":12790,"date":"2020-10-20T14:42:00","date_gmt":"2020-10-20T11:42:00","guid":{"rendered":"https:\/\/hookahshop.lt\/?post_type=product&#038;p=12790"},"modified":"2026-04-15T12:28:49","modified_gmt":"2026-04-15T09:28:49","slug":"kaljanas-amy-deluxe-amy069-02-black","status":"publish","type":"product","link":"https:\/\/hookahshop.lt\/lv\/produkt\/hookah-amy-deluxe-amy069-02-black\/","title":{"rendered":"\u016adensp\u012bpe AMY DELUXE AMY069-02 Melna"},"content":{"rendered":"<h2>\u016adensp\u012bpe AMY DELUXE AMY069-02 Melna<\/h2>\n<p>T\u0101 ir \u016bdensp\u012bpe ar ekskluz\u012bvu dizainu, kas izgatavota no ner\u016bs\u0113jo\u0161\u0101 t\u0113rauda un alum\u012bnija.<\/p>\n<p>Komplekt\u0101 ietilpst:<\/p>\n<p>\u016adensp\u012bpe<br \/>\nKolba<br \/>\nMutes iemutnis<br \/>\nKauss<br \/>\nZarnas<br \/>\n\u0160\u013c\u016btenes tur\u0113t\u0101js<br \/>\nKnaibles<br \/>\nSkurstenis<\/p>\n<p>Specifik\u0101cijas:<\/p>\n<p>\u016adensp\u012bpes augstums ar kolbu: apm\u0113ram 50 cm<br \/>\nMateri\u0101ls: ner\u016bs\u0113jo\u0161ais t\u0113rauds + alum\u012bnijs<br \/>\nSavienojuma veids: noklik\u0161\u0137iniet<br \/>\nKr\u0101sa melna<br \/>\nDifuzors: nav pieejams<br \/>\nra\u017eots \u0136\u012bn\u0101<\/p>\n<p>Vai jums ir k\u0101di jaut\u0101jumi? Sazinies ar mums\u00a0<a href=\"https:\/\/hookahshop.lt\/lv\/kontaktiem\/\">kontaktu lapa<\/a>\u00a0vai rakstiet mums pa e-pastu\u00a0<a href=\"https:\/\/facebook.com\/HookahShop.lt\/\" target=\"_blank\" rel=\"noopener noreferrer\">Facebook konts<\/a>\u00a0un m\u0113s atbild\u0113sim uz j\u016bsu piepras\u012bjumu taj\u0101 pa\u0161\u0101 dien\u0101.<\/p>","protected":false},"excerpt":{"rendered":"<p>\u016adensp\u012bpe AMY DELUXE AMY069-02 Black \u0160\u012b ir \u016bdensp\u012bpe ar ekskluz\u012bvu dizainu, izgatavota no ner\u016bs\u0113jo\u0161\u0101 t\u0113rauda un alum\u012bnija. Komplekt\u0101 ietilpst: \u016adensp\u012bpes kolba Mutes kr\u016bze \u0160\u013c\u016btene \u0160\u013c\u016btenes tur\u0113t\u0101js Knaibles Skurstenis Specifik\u0101cijas: \u016adensp\u012bpes augstums ar kolbu: apm\u0113ram 50cm Materi\u0101ls: ner\u016bs\u0113jo\u0161ais t\u0113rauds + alum\u012bnijs Savienojuma veids: Klik\u0161\u0137is Kr\u0101sa: Melns Izklied\u0113t\u0101js: Nav Izcelsmes valsts: \u0136\u012bna Vai jums ir k\u0101di jaut\u0101jumi? Sazinieties ar mums kontaktu lap\u0101 vai rakstiet [\u2026]<\/p>","protected":false},"featured_media":12791,"comment_status":"open","ping_status":"closed","template":"","meta":[],"_links":{"self":[{"href":"https:\/\/hookahshop.lt\/lv\/wp-json\/wp\/v2\/product\/12790"}],"collection":[{"href":"https:\/\/hookahshop.lt\/lv\/wp-json\/wp\/v2\/product"}],"about":[{"href":"https:\/\/hookahshop.lt\/lv\/wp-json\/wp\/v2\/types\/product"}],"replies":[{"embeddable":true,"href":"https:\/\/hookahshop.lt\/lv\/wp-json\/wp\/v2\/comments?post=12790"}],"version-history":[{"count":4,"href":"https:\/\/hookahshop.lt\/lv\/wp-json\/wp\/v2\/product\/12790\/revisions"}],"predecessor-version":[{"id":36787,"href":"https:\/\/hookahshop.lt\/lv\/wp-json\/wp\/v2\/product\/12790\/revisions\/36787"}],"wp:featuredmedia":[{"embeddable":true,"href":"https:\/\/hookahshop.lt\/lv\/wp-json\/wp\/v2\/media\/12791"}],"wp:attachment":[{"href":"https:\/\/hookahshop.lt\/lv\/wp-json\/wp\/v2\/media?parent=12790"}],"curies":[{"name":"wp","href":"https:\/\/api.w.org\/{rel}","templated":true}]}}