{"id":12794,"date":"2020-10-20T14:55:52","date_gmt":"2020-10-20T11:55:52","guid":{"rendered":"https:\/\/hookahshop.lt\/?post_type=product&#038;p=12794"},"modified":"2026-04-18T23:28:39","modified_gmt":"2026-04-18T20:28:39","slug":"kaljanas-al-mani-moscow-silver","status":"publish","type":"product","link":"https:\/\/hookahshop.lt\/lv\/produkt\/udenspipe-al-mani-maskava-sudrabs\/","title":{"rendered":"\u016adensp\u012bpe Al-MANI Maskavas sudrabs"},"content":{"rendered":"<h2>\u016adensp\u012bpe Al-MANI Maskavas sudrabs<\/h2>\n<p>Tas ir augstas kvalit\u0101tes produkts, kur\u0101 iek\u013cauta amatniec\u012bbas kolba.<\/p>\n<p>Komplekt\u0101 ietilpst:<\/p>\n<p>\u016adensp\u012bpe<br \/>\nKolba (univers\u0101la)<br \/>\nMutes iemutnis<br \/>\nKauss<br \/>\nZarnas<br \/>\nKnaibles<br \/>\nSkurstenis<\/p>\n<p>Specifik\u0101cijas<\/p>\n<p>\u016adensp\u012bpes augstums ar kolbu: apm\u0113ram 55 cm<br \/>\nMateri\u0101ls: ner\u016bs\u0113jo\u0161ais t\u0113rauds<br \/>\nSavienojums: starpnieks<br \/>\nKr\u0101sa: melns zelts<br \/>\nDifuzors: J\u0101<br \/>\nIzcelsmes valsts: V\u0101cija<\/p>\n<p>Vai jums ir k\u0101di jaut\u0101jumi? Sazinies ar mums <a href=\"https:\/\/hookahshop.lt\/lv\/kontaktiem\/\">kontaktu lapa<\/a> vai rakstiet mums pa e-pastu <a href=\"https:\/\/facebook.com\/HookahShop.lt\/\" target=\"_blank\" rel=\"noopener noreferrer\">Facebook konts<\/a> un m\u0113s atbild\u0113sim uz j\u016bsu piepras\u012bjumu taj\u0101 pa\u0161\u0101 dien\u0101.<\/p>","protected":false},"excerpt":{"rendered":"<p>\u016adensp\u012bpe Al-MANI Moscow Silver \u0160is ir augstas kvalit\u0101tes produkts ar komplekt\u0101 iek\u013cautu termosu. Komplekt\u0101 ietilpst: \u016adensp\u012bpes termoss (univers\u0101ls) Iemutnis Kr\u016bze \u0160\u013c\u016btenes knaibles Skurstenis Specifik\u0101cijas \u016adensp\u012bpes augstums ar termosu: aptuveni 55 cm Materi\u0101ls: ner\u016bs\u0113jo\u0161ais t\u0113rauds Savienot\u0101js: Starplikas Kr\u0101sa: Melna un zelta Izklied\u0113t\u0101js: J\u0101 Izcelsmes valsts: V\u0101cija Vai jums ir k\u0101di jaut\u0101jumi? Sazinieties ar mums kontaktlap\u0101 vai rakstiet mums Facebook [\u2026]<\/p>","protected":false},"featured_media":12799,"comment_status":"open","ping_status":"closed","template":"","meta":[],"_links":{"self":[{"href":"https:\/\/hookahshop.lt\/lv\/wp-json\/wp\/v2\/product\/12794"}],"collection":[{"href":"https:\/\/hookahshop.lt\/lv\/wp-json\/wp\/v2\/product"}],"about":[{"href":"https:\/\/hookahshop.lt\/lv\/wp-json\/wp\/v2\/types\/product"}],"replies":[{"embeddable":true,"href":"https:\/\/hookahshop.lt\/lv\/wp-json\/wp\/v2\/comments?post=12794"}],"version-history":[{"count":3,"href":"https:\/\/hookahshop.lt\/lv\/wp-json\/wp\/v2\/product\/12794\/revisions"}],"predecessor-version":[{"id":22652,"href":"https:\/\/hookahshop.lt\/lv\/wp-json\/wp\/v2\/product\/12794\/revisions\/22652"}],"wp:featuredmedia":[{"embeddable":true,"href":"https:\/\/hookahshop.lt\/lv\/wp-json\/wp\/v2\/media\/12799"}],"wp:attachment":[{"href":"https:\/\/hookahshop.lt\/lv\/wp-json\/wp\/v2\/media?parent=12794"}],"curies":[{"name":"wp","href":"https:\/\/api.w.org\/{rel}","templated":true}]}}