{"id":12803,"date":"2020-10-20T15:15:31","date_gmt":"2020-10-20T12:15:31","guid":{"rendered":"https:\/\/hookahshop.lt\/?post_type=product&#038;p=12803"},"modified":"2026-04-17T16:32:52","modified_gmt":"2026-04-17T13:32:52","slug":"kaljanas-al-mani-woody-xs-juodas","status":"publish","type":"product","link":"https:\/\/hookahshop.lt\/lv\/produkt\/udenspipe-al-mani-woody-xs-black\/","title":{"rendered":"\u016adensp\u012bpe Al-MANI Woody XS Black"},"content":{"rendered":"<h2>\u016adensp\u012bpe Al-MANI Woody XS Black<\/h2>\n<p>T\u0101 ir augstas kvalit\u0101tes ner\u016bs\u0113jo\u0161\u0101 t\u0113rauda \u016bdensp\u012bpe ar koka v\u0101rpstu un iemut\u0146a apdari.<\/p>\n<p>Komplekt\u0101 ietilpst:<\/p>\n<p>\u016adensp\u012bpe<br \/>\nKolba (augstas kvalit\u0101tes stikls)<br \/>\nMutes iemutnis<br \/>\nKauss<br \/>\nZarnas<br \/>\nKnaibles<br \/>\nSkurstenis<br \/>\nSpir\u0101lveida \u0161\u013c\u016btene<\/p>\n<p>Specifik\u0101cijas<\/p>\n<p>\u016adensp\u012bpes augstums ar kolbu: apm\u0113ram 35 cm<br \/>\nMateri\u0101ls: ner\u016bs\u0113jo\u0161ais t\u0113rauds<br \/>\nKr\u0101sa melna<br \/>\nDifuzors: nav pieejams<br \/>\nIzcelsmes valsts: V\u0101cija<\/p>\n<p>Vai jums ir k\u0101di jaut\u0101jumi? Sazinies ar mums <a href=\"https:\/\/hookahshop.lt\/lv\/kontaktiem\/\">kontaktu lapa<\/a> vai rakstiet mums pa e-pastu <a href=\"https:\/\/facebook.com\/HookahShop.lt\/\" target=\"_blank\" rel=\"noopener noreferrer\">Facebook konts<\/a> un m\u0113s atbild\u0113sim uz j\u016bsu piepras\u012bjumu taj\u0101 pa\u0161\u0101 dien\u0101.<\/p>","protected":false},"excerpt":{"rendered":"<p>\u016adensp\u012bpe Al-MANI Woody XS Black \u0160\u012b ir augstas kvalit\u0101tes ner\u016bs\u0113jo\u0161\u0101 t\u0113rauda \u016bdensp\u012bpe ar koka k\u0101tu un iemut\u0146a apdari. Komplekt\u0101 ietilpst: \u016adensp\u012bpes kolba (augstas kvalit\u0101tes stikls) Iestr\u0101des kauss \u0160\u013c\u016btenes knaibles Caurule Spir\u0101lveida \u0161\u013c\u016btene Specifik\u0101cijas \u016adensp\u012bpes augstums ar kolbu: Aptuveni 35cm Materi\u0101ls: Ner\u016bs\u0113jo\u0161ais t\u0113rauds Kr\u0101sa: Melns Izklied\u0113t\u0101js: Nav Izcelsmes valsts: V\u0101cija Vai jums ir k\u0101di jaut\u0101jumi? Sazinieties ar mums kontaktu lap\u0101 [\u2026]<\/p>","protected":false},"featured_media":12804,"comment_status":"open","ping_status":"closed","template":"","meta":[],"_links":{"self":[{"href":"https:\/\/hookahshop.lt\/lv\/wp-json\/wp\/v2\/product\/12803"}],"collection":[{"href":"https:\/\/hookahshop.lt\/lv\/wp-json\/wp\/v2\/product"}],"about":[{"href":"https:\/\/hookahshop.lt\/lv\/wp-json\/wp\/v2\/types\/product"}],"replies":[{"embeddable":true,"href":"https:\/\/hookahshop.lt\/lv\/wp-json\/wp\/v2\/comments?post=12803"}],"version-history":[{"count":7,"href":"https:\/\/hookahshop.lt\/lv\/wp-json\/wp\/v2\/product\/12803\/revisions"}],"predecessor-version":[{"id":34327,"href":"https:\/\/hookahshop.lt\/lv\/wp-json\/wp\/v2\/product\/12803\/revisions\/34327"}],"wp:featuredmedia":[{"embeddable":true,"href":"https:\/\/hookahshop.lt\/lv\/wp-json\/wp\/v2\/media\/12804"}],"wp:attachment":[{"href":"https:\/\/hookahshop.lt\/lv\/wp-json\/wp\/v2\/media?parent=12803"}],"curies":[{"name":"wp","href":"https:\/\/api.w.org\/{rel}","templated":true}]}}