{"id":12810,"date":"2020-10-20T15:28:32","date_gmt":"2020-10-20T12:28:32","guid":{"rendered":"https:\/\/hookahshop.lt\/?post_type=product&#038;p=12810"},"modified":"2026-04-17T23:29:13","modified_gmt":"2026-04-17T20:29:13","slug":"kaljanas-al-mani-moscow-gold","status":"publish","type":"product","link":"https:\/\/hookahshop.lt\/lv\/produkt\/kaljanas-al-mani-moskva-zelts\/","title":{"rendered":"\u016adensp\u012bpe AL-MANI Maskavas zelts"},"content":{"rendered":"<h2>\u016adensp\u012bpe AL-MANI Maskavas zelts<\/h2>\n<p>Tas ir augstas kvalit\u0101tes produkts, kur\u0101 iek\u013cauta amatniec\u012bbas kolba.<\/p>\n<p><strong>Komplekt\u0101 ietilpst:<\/strong><br \/>\n\u016adensp\u012bpe<br \/>\nKolba (univers\u0101la)<br \/>\nMutes iemutnis<br \/>\nKauss<br \/>\nZarnas<br \/>\nKnaibles<br \/>\nSkurstenis<\/p>\n<p><strong>Specifik\u0101cijas:<\/strong><br \/>\n\u016adensp\u012bpes augstums ar kolbu: apm\u0113ram 55 cm<br \/>\nMateri\u0101ls: ner\u016bs\u0113jo\u0161ais t\u0113rauds<br \/>\nSavienojums: starpnieks<br \/>\nKr\u0101sa: melns zelts<br \/>\nDifuzors: J\u0101<br \/>\nIzcelsmes valsts: V\u0101cija<\/p>\n<p>Vai jums ir jaut\u0101jumi par Hookah Al-Mani Moscow Gold? Sazinies ar mums <a href=\"https:\/\/hookahshop.lt\/lv\/kontaktiem\/\">kontaktu lapa<\/a>\u00a0vai rakstiet mums pa e-pastu\u00a0<a href=\"https:\/\/facebook.com\/HookahShop.lt\/\" target=\"_blank\" rel=\"noopener noreferrer\">Facebook konts<\/a>\u00a0un m\u0113s atbild\u0113sim uz j\u016bsu piepras\u012bjumu taj\u0101 pa\u0161\u0101 dien\u0101.<\/p>","protected":false},"excerpt":{"rendered":"<p>\u016adensp\u012bpe AL-MANI Maskavas zelts \u0160is ir augstas kvalit\u0101tes izstr\u0101d\u0101jums ar amatniec\u012bbas kolbu komplekt\u0101. Komplekt\u0101 iek\u013cauts: \u016adensp\u012bpes kolba (univers\u0101ls) Iepakojuma kr\u016bzes \u0161\u013c\u016btenes knaibles K\u0101ta specifik\u0101cijas: \u016adensp\u012bpes augstums ar kolbu: apm\u0113ram 55cm Materi\u0101ls: ner\u016bs\u0113jo\u0161ais t\u0113rauds Savienojums: Bl\u012bve Kr\u0101sa: Melns zelts Difuzors: J\u0101 Izcelsmes valsts: V\u0101cija Vai jums ir k\u0101di jaut\u0101jumi par \u016adensp\u012bpi Al-Mani Maskavas zelts? Sazinieties ar mums kontaktu lap\u0101 vai [\u2026]<\/p>","protected":false},"featured_media":12811,"comment_status":"open","ping_status":"closed","template":"","meta":[],"_links":{"self":[{"href":"https:\/\/hookahshop.lt\/lv\/wp-json\/wp\/v2\/product\/12810"}],"collection":[{"href":"https:\/\/hookahshop.lt\/lv\/wp-json\/wp\/v2\/product"}],"about":[{"href":"https:\/\/hookahshop.lt\/lv\/wp-json\/wp\/v2\/types\/product"}],"replies":[{"embeddable":true,"href":"https:\/\/hookahshop.lt\/lv\/wp-json\/wp\/v2\/comments?post=12810"}],"version-history":[{"count":4,"href":"https:\/\/hookahshop.lt\/lv\/wp-json\/wp\/v2\/product\/12810\/revisions"}],"predecessor-version":[{"id":34561,"href":"https:\/\/hookahshop.lt\/lv\/wp-json\/wp\/v2\/product\/12810\/revisions\/34561"}],"wp:featuredmedia":[{"embeddable":true,"href":"https:\/\/hookahshop.lt\/lv\/wp-json\/wp\/v2\/media\/12811"}],"wp:attachment":[{"href":"https:\/\/hookahshop.lt\/lv\/wp-json\/wp\/v2\/media?parent=12810"}],"curies":[{"name":"wp","href":"https:\/\/api.w.org\/{rel}","templated":true}]}}