{"id":12816,"date":"2020-10-20T15:55:19","date_gmt":"2020-10-20T12:55:19","guid":{"rendered":"https:\/\/hookahshop.lt\/?post_type=product&#038;p=12816"},"modified":"2026-04-17T23:29:13","modified_gmt":"2026-04-17T20:29:13","slug":"kaljanas-al-mani-blacky-black","status":"publish","type":"product","link":"https:\/\/hookahshop.lt\/lv\/produkt\/hookah-al-mani-blacky-black\/","title":{"rendered":"\u016adensp\u012bpe AL-MANI Blacky Black"},"content":{"rendered":"<h2>\u016adensp\u012bpe AL-MANI Blacky Black<\/h2>\n<p>T\u0101 ir grezna dizaina un augstas kvalit\u0101tes materi\u0101lu kombin\u0101cija. \u016adensp\u012bpes aug\u0161da\u013ca un k\u016bpin\u0101\u0161anas \u0161\u013c\u016btenes rokturis ir p\u0101rkl\u0101ti ar koka apdari. \u016adensp\u012bpei ir ner\u016bs\u0113jo\u0161\u0101 t\u0113rauda k\u0101ts.<\/p>\n<p><strong>Komplekt\u0101 ietilpst:<\/strong><br \/>\n\u016adensp\u012bpe<br \/>\nKolba<br \/>\nMutes iemutnis<br \/>\nKauss<br \/>\nZarnas<br \/>\nKnaibles<br \/>\nSkurstenis<br \/>\nSpir\u0101lveida \u0161\u013c\u016btene<\/p>\n<p><strong>Specifik\u0101cijas:<\/strong><br \/>\n\u016adensp\u012bpes augstums ar kolbu: apm\u0113ram 46 cm<br \/>\nMateri\u0101ls: ner\u016bs\u0113jo\u0161ais t\u0113rauds<br \/>\nKr\u0101sa melna<br \/>\nDifuzors: nav pieejams<br \/>\nIzcelsmes valsts: V\u0101cija<\/p>\n<p>Vai jums ir k\u0101di jaut\u0101jumi? Sazinies ar mums <a href=\"https:\/\/hookahshop.lt\/lv\/kontaktiem\/\">kontaktu lapa<\/a> vai rakstiet mums pa e-pastu <a href=\"https:\/\/facebook.com\/HookahShop.lt\/\" target=\"_blank\" rel=\"noopener noreferrer\">Facebook konts<\/a> un m\u0113s atbild\u0113sim uz j\u016bsu piepras\u012bjumu taj\u0101 pa\u0161\u0101 dien\u0101.<\/p>","protected":false},"excerpt":{"rendered":"<p>\u016adensp\u012bpe AL-MANI Blacky Black T\u0101 ir grezna dizaina un augstas kvalit\u0101tes materi\u0101lu kombin\u0101cija. \u016adensp\u012bpes aug\u0161da\u013ca un k\u016bpin\u0101\u0161anas \u0161\u013c\u016btenes rokturis ir p\u0101rkl\u0101ti ar koka apdari. \u016adensp\u012bpei ir ner\u016bs\u0113jo\u0161\u0101 t\u0113rauda k\u0101ts. Komplekt\u0101 ietilpst: \u016adensp\u012bpes kolba Muthpiece Cup \u0161\u013c\u016btenes knaibles Caurules Spir\u0101lveida \u0161\u013c\u016btene Specifik\u0101cijas: \u016adensp\u012bpes augstums ar kolbu: apm\u0113ram 46cm Materi\u0101ls: ner\u016bs\u0113jo\u0161ais t\u0113rauds Kr\u0101sa: Melns Izklied\u0113t\u0101js: Nav Izcelsmes valsts: V\u0101cija [...]<\/p>","protected":false},"featured_media":12817,"comment_status":"open","ping_status":"closed","template":"","meta":[],"_links":{"self":[{"href":"https:\/\/hookahshop.lt\/lv\/wp-json\/wp\/v2\/product\/12816"}],"collection":[{"href":"https:\/\/hookahshop.lt\/lv\/wp-json\/wp\/v2\/product"}],"about":[{"href":"https:\/\/hookahshop.lt\/lv\/wp-json\/wp\/v2\/types\/product"}],"replies":[{"embeddable":true,"href":"https:\/\/hookahshop.lt\/lv\/wp-json\/wp\/v2\/comments?post=12816"}],"version-history":[{"count":3,"href":"https:\/\/hookahshop.lt\/lv\/wp-json\/wp\/v2\/product\/12816\/revisions"}],"predecessor-version":[{"id":22690,"href":"https:\/\/hookahshop.lt\/lv\/wp-json\/wp\/v2\/product\/12816\/revisions\/22690"}],"wp:featuredmedia":[{"embeddable":true,"href":"https:\/\/hookahshop.lt\/lv\/wp-json\/wp\/v2\/media\/12817"}],"wp:attachment":[{"href":"https:\/\/hookahshop.lt\/lv\/wp-json\/wp\/v2\/media?parent=12816"}],"curies":[{"name":"wp","href":"https:\/\/api.w.org\/{rel}","templated":true}]}}