{"id":12822,"date":"2020-10-20T16:35:49","date_gmt":"2020-10-20T13:35:49","guid":{"rendered":"https:\/\/hookahshop.lt\/?post_type=product&#038;p=12822"},"modified":"2026-04-18T23:28:45","modified_gmt":"2026-04-18T20:28:45","slug":"kaljanas-kaya-clear","status":"publish","type":"product","link":"https:\/\/hookahshop.lt\/lv\/produkt\/udenspipe-kaja-skaidra\/","title":{"rendered":"\u016adensp\u012bpe KAYA Skaidrs"},"content":{"rendered":"<h2>\u016adensp\u012bpe Kaya Skaidrs<\/h2>\n<p>Grezna dizaina un augstas kvalit\u0101tes materi\u0101lu kombin\u0101cija. \u016adensp\u012bpei ir ner\u016bs\u0113jo\u0161\u0101 t\u0113rauda k\u0101ts. \u016adensp\u012bpe, ko raksturo iztur\u012bba un bl\u012bvums.<\/p>\n<p>ra\u017eots \u0136\u012bn\u0101<br \/>\nIepakojuma svars [kg]: 2,35<br \/>\nIepakojuma augstums [cm]: 22<br \/>\nIepakojuma platums [cm]: 15<br \/>\nIepakojuma dzi\u013cums [cm]: 15<\/p>\n<p>Vai jums ir k\u0101di jaut\u0101jumi? Sazinies ar mums <a href=\"https:\/\/hookahshop.lt\/lv\/kontaktiem\/\">kontaktu lapa<\/a> vai rakstiet mums pa e-pastu <a href=\"https:\/\/facebook.com\/HookahShop.lt\/\" target=\"_blank\" rel=\"noopener noreferrer\">Facebook konts<\/a> un m\u0113s atbild\u0113sim uz j\u016bsu piepras\u012bjumu taj\u0101 pa\u0161\u0101 dien\u0101.<\/p>","protected":false},"excerpt":{"rendered":"<p>\u016adensp\u012bpe Kaya Clear Grezna dizaina un augstas kvalit\u0101tes materi\u0101lu kombin\u0101cija. \u016adensp\u012bpei ir ner\u016bs\u0113jo\u0161\u0101 t\u0113rauda k\u0101ts. \u016adensp\u012bpe, ko raksturo iztur\u012bba un necaurlaid\u012bba. Izcelsmes valsts: \u0136\u012bna Iepakojuma svars [kg]: 2,35 Iepakojuma augstums [cm]: 22 Iepakojuma platums [cm]: 15 Iepakojuma dzi\u013cums [cm]: 15 Vai ir k\u0101di jaut\u0101jumi? Sazinieties ar mums kontaktu lap\u0101 vai rakstiet mums uz m\u016bsu Facebook kontu un m\u0113s atbild\u0113sim [\u2026]<\/p>","protected":false},"featured_media":12824,"comment_status":"open","ping_status":"closed","template":"","meta":[],"_links":{"self":[{"href":"https:\/\/hookahshop.lt\/lv\/wp-json\/wp\/v2\/product\/12822"}],"collection":[{"href":"https:\/\/hookahshop.lt\/lv\/wp-json\/wp\/v2\/product"}],"about":[{"href":"https:\/\/hookahshop.lt\/lv\/wp-json\/wp\/v2\/types\/product"}],"replies":[{"embeddable":true,"href":"https:\/\/hookahshop.lt\/lv\/wp-json\/wp\/v2\/comments?post=12822"}],"version-history":[{"count":2,"href":"https:\/\/hookahshop.lt\/lv\/wp-json\/wp\/v2\/product\/12822\/revisions"}],"predecessor-version":[{"id":42315,"href":"https:\/\/hookahshop.lt\/lv\/wp-json\/wp\/v2\/product\/12822\/revisions\/42315"}],"wp:featuredmedia":[{"embeddable":true,"href":"https:\/\/hookahshop.lt\/lv\/wp-json\/wp\/v2\/media\/12824"}],"wp:attachment":[{"href":"https:\/\/hookahshop.lt\/lv\/wp-json\/wp\/v2\/media?parent=12822"}],"curies":[{"name":"wp","href":"https:\/\/api.w.org\/{rel}","templated":true}]}}