{"id":12832,"date":"2020-10-20T17:46:06","date_gmt":"2020-10-20T14:46:06","guid":{"rendered":"https:\/\/hookahshop.lt\/?post_type=product&#038;p=12832"},"modified":"2026-04-17T16:33:25","modified_gmt":"2026-04-17T13:33:25","slug":"taurele-kaljanui-solaris-mars","status":"publish","type":"product","link":"https:\/\/hookahshop.lt\/lv\/produkt\/kauss-for-udenspipe-solaris-mars\/","title":{"rendered":"Kauss \u016bdensp\u012bpei SOLARIS Mars"},"content":{"rendered":"<h2>Kauss \u016bdensp\u012bpei SOLARIS Mars<\/h2>\n<p>Solaris \u016bdensp\u012bpes kausi ir piln\u012bb\u0101 izgatavoti ar rok\u0101m. Kr\u016bz\u012btes ir izgatavotas no sarkanajiem m\u0101liem un fajansa. Kr\u016bz\u012b\u0161u ra\u017eo\u0161an\u0101 tiek izmantoti tikai dabiski un videi draudz\u012bgi materi\u0101li. No cit\u0101m b\u013cod\u0101m tas at\u0161\u0137iras ar to, ka ir iztur\u012bg\u0101ks pret mitrumu. Piena tehnolo\u0123ijas izmanto\u0161ana sarkanajiem m\u0101liem dod interesantu \u0101r\u0113ju efektu, ori\u0123in\u0101lu dizainu.<\/p>\n<p>Vai jums ir k\u0101di jaut\u0101jumi? Sazinies ar mums <a href=\"https:\/\/hookahshop.lt\/lv\/kontaktiem\/\">kontaktu lapa<\/a> vai rakstiet mums pa e-pastu <a href=\"https:\/\/facebook.com\/HookahShop.lt\/\" target=\"_blank\" rel=\"noopener noreferrer\">Facebook konts<\/a> un m\u0113s atbild\u0113sim uz j\u016bsu piepras\u012bjumu taj\u0101 pa\u0161\u0101 dien\u0101.<\/p>","protected":false},"excerpt":{"rendered":"<p>\u016adensp\u012bpes kr\u016bze SOLARIS Mars &quot;Solaris&quot; \u016bdensp\u012bpes kr\u016bzes ir piln\u012bb\u0101 roku darbs. Kr\u016bzes ir izgatavotas no sarkan\u0101 m\u0101la un fajansa. Kr\u016bz\u012b\u0161u ra\u017eo\u0161an\u0101 tiek izmantoti tikai dab\u012bgi un videi draudz\u012bgi materi\u0101li. No cit\u0101m b\u013cod\u0101m tas at\u0161\u0137iras ar to, ka ir iztur\u012bg\u0101ks pret mitrumu. Piena tehnolo\u0123ijas izmanto\u0161ana sarkanajiem m\u0101liem dod interesantu \u0101r\u0113jo efektu, ori\u0123in\u0101lu dizainu. Vai jums ir k\u0101di jaut\u0101jumi? Sazinieties ar mums kontaktu lap\u0101 [\u2026]<\/p>","protected":false},"featured_media":12841,"comment_status":"open","ping_status":"closed","template":"","meta":[],"_links":{"self":[{"href":"https:\/\/hookahshop.lt\/lv\/wp-json\/wp\/v2\/product\/12832"}],"collection":[{"href":"https:\/\/hookahshop.lt\/lv\/wp-json\/wp\/v2\/product"}],"about":[{"href":"https:\/\/hookahshop.lt\/lv\/wp-json\/wp\/v2\/types\/product"}],"replies":[{"embeddable":true,"href":"https:\/\/hookahshop.lt\/lv\/wp-json\/wp\/v2\/comments?post=12832"}],"version-history":[{"count":2,"href":"https:\/\/hookahshop.lt\/lv\/wp-json\/wp\/v2\/product\/12832\/revisions"}],"predecessor-version":[{"id":23191,"href":"https:\/\/hookahshop.lt\/lv\/wp-json\/wp\/v2\/product\/12832\/revisions\/23191"}],"wp:featuredmedia":[{"embeddable":true,"href":"https:\/\/hookahshop.lt\/lv\/wp-json\/wp\/v2\/media\/12841"}],"wp:attachment":[{"href":"https:\/\/hookahshop.lt\/lv\/wp-json\/wp\/v2\/media?parent=12832"}],"curies":[{"name":"wp","href":"https:\/\/api.w.org\/{rel}","templated":true}]}}