{"id":12835,"date":"2020-10-20T17:54:45","date_gmt":"2020-10-20T14:54:45","guid":{"rendered":"https:\/\/hookahshop.lt\/?post_type=product&#038;p=12835"},"modified":"2026-04-15T23:29:16","modified_gmt":"2026-04-15T20:29:16","slug":"taurele-kaljanui-solaris-moon","status":"publish","type":"product","link":"https:\/\/hookahshop.lt\/lv\/produkt\/kauss-udenspipe-solaris-meness\/","title":{"rendered":"Kauss \u016bdensp\u012bpei SOLARIS M\u0113ness"},"content":{"rendered":"<h2>Kauss \u016bdensp\u012bpei SOLARIS M\u0113ness<\/h2>\n<p>Solaris \u016bdensp\u012bpes kr\u016bzes ir piln\u012bb\u0101 roku darbs. Kr\u016bz\u012btei ir viena unik\u0101la iez\u012bme \u2013 t\u0101 sp\u012bd tums\u0101. Kr\u016bz\u012b\u0161u ra\u017eo\u0161an\u0101 tiek izmantoti tikai dab\u012bgi un videi draudz\u012bgi materi\u0101li. No cit\u0101m b\u013cod\u0101m tas at\u0161\u0137iras ar to, ka ir iztur\u012bg\u0101ks pret mitrumu. Piena tehnolo\u0123ijas izmanto\u0161ana sarkanajiem m\u0101liem dod interesantu \u0101r\u0113jo efektu, ori\u0123in\u0101lu dizainu.<\/p>\n<p>Vai jums ir k\u0101di jaut\u0101jumi? Sazinies ar mums <a href=\"https:\/\/hookahshop.lt\/lv\/kontaktiem\/\">kontaktu lapa<\/a> vai rakstiet mums pa e-pastu <a href=\"https:\/\/facebook.com\/HookahShop.lt\/\" target=\"_blank\" rel=\"noopener noreferrer\">Facebook konts<\/a> un m\u0113s atbild\u0113sim uz j\u016bsu piepras\u012bjumu taj\u0101 pa\u0161\u0101 dien\u0101.<\/p>","protected":false},"excerpt":{"rendered":"<p>\u016adensp\u012bpes kr\u016bze SOLARIS Moon Solaris \u016bdensp\u012bpes kr\u016bzes ir piln\u012bb\u0101 roku darbs. Kr\u016bz\u012btei ir viena unik\u0101la iez\u012bme \u2013 t\u0101 sp\u012bd tums\u0101. Kr\u016bz\u012b\u0161u ra\u017eo\u0161an\u0101 tiek izmantoti tikai dab\u012bgi un videi draudz\u012bgi materi\u0101li. No cit\u0101m b\u013cod\u0101m tas at\u0161\u0137iras ar to, ka ir iztur\u012bg\u0101ks pret mitrumu. Piena tehnolo\u0123ijas izmanto\u0161ana sarkanajiem m\u0101liem dod interesantu \u0101r\u0113jo efektu, ori\u0123in\u0101lu dizainu. Vai jums ir k\u0101di jaut\u0101jumi? Sazinieties ar [\u2026]<\/p>","protected":false},"featured_media":12850,"comment_status":"open","ping_status":"closed","template":"","meta":[],"_links":{"self":[{"href":"https:\/\/hookahshop.lt\/lv\/wp-json\/wp\/v2\/product\/12835"}],"collection":[{"href":"https:\/\/hookahshop.lt\/lv\/wp-json\/wp\/v2\/product"}],"about":[{"href":"https:\/\/hookahshop.lt\/lv\/wp-json\/wp\/v2\/types\/product"}],"replies":[{"embeddable":true,"href":"https:\/\/hookahshop.lt\/lv\/wp-json\/wp\/v2\/comments?post=12835"}],"version-history":[{"count":2,"href":"https:\/\/hookahshop.lt\/lv\/wp-json\/wp\/v2\/product\/12835\/revisions"}],"predecessor-version":[{"id":29360,"href":"https:\/\/hookahshop.lt\/lv\/wp-json\/wp\/v2\/product\/12835\/revisions\/29360"}],"wp:featuredmedia":[{"embeddable":true,"href":"https:\/\/hookahshop.lt\/lv\/wp-json\/wp\/v2\/media\/12850"}],"wp:attachment":[{"href":"https:\/\/hookahshop.lt\/lv\/wp-json\/wp\/v2\/media?parent=12835"}],"curies":[{"name":"wp","href":"https:\/\/api.w.org\/{rel}","templated":true}]}}