{"id":12905,"date":"2020-10-25T16:36:04","date_gmt":"2020-10-25T14:36:04","guid":{"rendered":"https:\/\/hookahshop.lt\/?post_type=product&#038;p=12905"},"modified":"2026-04-14T23:29:19","modified_gmt":"2026-04-14T20:29:19","slug":"taurele-kaljanui-smokelab-taiga","status":"publish","type":"product","link":"https:\/\/hookahshop.lt\/lv\/produkt\/stikls-udenspipe-smokelab-taiga\/","title":{"rendered":"Kauss \u016bdensp\u012bpei SMOKELAB Taiga"},"content":{"rendered":"<h2>Kauss \u016bdensp\u012bpei SMOKELAB Taiga<\/h2>\n<p>\u0160is ir jauns modelis Evil Bowl saim\u0113. Visa \u0161o kr\u016bz\u012b\u0161u l\u012bnija ir paredz\u0113ta spilgtai un sp\u0113c\u012bgai kr\u016bz\u012b\u0161u iepakojumam. Taigas m\u0113r\u0137is ir v\u0113l vair\u0101k palielin\u0101t \u0161\u012bs robe\u017eas. Tam ir \u013coti pl\u0101nas sienas ar t\u0101du pa\u0161u kausi\u0146a \u0101r\u0113jo r\u0101diusu. Attiec\u012bgi palielin\u0101s tabakas aizb\u0101\u017e\u0146u laukums, bet dzi\u013cums, glu\u017ei pret\u0113ji, samazin\u0101s. Tas \u013cauj viegli kontrol\u0113t siltumu p\u016b\u0161anas laik\u0101 (b\u013codas pl\u0101n\u0101s sienas absorb\u0113 maz\u0101k siltuma, jo tas nodod \u0161o siltumu \u016bdensp\u012bpes mais\u012bjumam, t\u0101p\u0113c \u0161\u0101du b\u013codu ir viegli atdzes\u0113t), visspilgt\u0101k\u0101 un sp\u0113c\u012bg\u0101k\u0101 k\u016bpin\u0101\u0161ana ar nedaudz \u012bs\u0101ku ilgumu. (viss k\u016bpin\u0101t\u0101s \u016bdensp\u012bpes mais\u012bjums uzreiz uzsilst un labi uzsilst vis\u0101 k\u016bpin\u0101\u0161anas period\u0101).<br \/>\nJa mekl\u0113jat perfektu kr\u016bz\u012bti, lai izbaud\u012btu \u0101tr\u0101ko un intens\u012bv\u0101ko baud\u012bjumu no stipra kr\u016bz\u012b\u0161u iepakojuma, tad SmokeLab Taiga noteikti ir jums!<br \/>\n\u016adensp\u012bpes mais\u012bjuma ietilp\u012bba: 15-20 g.<\/p>\n<p>Specifik\u0101cijas:<br \/>\nAugstums: 104 mm<br \/>\nDiametrs (\u0101r\u0113jais): 74 mm<br \/>\nDiametrs (iek\u0161\u0113jais): 68 mm<br \/>\nDzi\u013cums: 16mm<br \/>\nCauruma diametrs: 8 mm<br \/>\nCaurumu skaits: 5 gab.<br \/>\nSvars: apm\u0113ram 157 g.<\/p>\n<p>Vai jums ir k\u0101di jaut\u0101jumi? Sazinies ar mums <a href=\"https:\/\/hookahshop.lt\/lv\/kontaktiem\/\">kontaktu lapa<\/a> vai rakstiet mums pa e-pastu <a href=\"https:\/\/facebook.com\/HookahShop.lt\/\" target=\"_blank\" rel=\"noopener noreferrer\">Facebook konts<\/a> un m\u0113s atbild\u0113sim uz j\u016bsu piepras\u012bjumu taj\u0101 pa\u0161\u0101 dien\u0101.<\/p>","protected":false},"excerpt":{"rendered":"<p>\u016adensp\u012bpes b\u013coda SMOKELAB Taiga \u0160is ir jauns Evil Bowl saimes modelis. Visa \u0161o kr\u016bz\u012b\u0161u l\u012bnija ir paredz\u0113ta spilgtai un sp\u0113c\u012bgai kr\u016bz\u012b\u0161u iepakojumam. Taigas m\u0113r\u0137is ir v\u0113l vair\u0101k palielin\u0101t \u0161\u012bs robe\u017eas. Tam ir \u013coti pl\u0101nas sienas ar t\u0101du pa\u0161u kausi\u0146a \u0101r\u0113jo r\u0101diusu. Attiec\u012bgi palielin\u0101s tabakas aizb\u0101\u017e\u0146u laukums, savuk\u0101rt dzi\u013cums, glu\u017ei pret\u0113ji, samazin\u0101s. Tas \u013cauj viegli kontrol\u0113t siltumu izp\u016b\u0161anas laik\u0101 [...]<\/p>","protected":false},"featured_media":12910,"comment_status":"open","ping_status":"closed","template":"","meta":[],"_links":{"self":[{"href":"https:\/\/hookahshop.lt\/lv\/wp-json\/wp\/v2\/product\/12905"}],"collection":[{"href":"https:\/\/hookahshop.lt\/lv\/wp-json\/wp\/v2\/product"}],"about":[{"href":"https:\/\/hookahshop.lt\/lv\/wp-json\/wp\/v2\/types\/product"}],"replies":[{"embeddable":true,"href":"https:\/\/hookahshop.lt\/lv\/wp-json\/wp\/v2\/comments?post=12905"}],"version-history":[{"count":3,"href":"https:\/\/hookahshop.lt\/lv\/wp-json\/wp\/v2\/product\/12905\/revisions"}],"predecessor-version":[{"id":23181,"href":"https:\/\/hookahshop.lt\/lv\/wp-json\/wp\/v2\/product\/12905\/revisions\/23181"}],"wp:featuredmedia":[{"embeddable":true,"href":"https:\/\/hookahshop.lt\/lv\/wp-json\/wp\/v2\/media\/12910"}],"wp:attachment":[{"href":"https:\/\/hookahshop.lt\/lv\/wp-json\/wp\/v2\/media?parent=12905"}],"curies":[{"name":"wp","href":"https:\/\/api.w.org\/{rel}","templated":true}]}}