{"id":12914,"date":"2020-10-25T23:11:06","date_gmt":"2020-10-25T21:11:06","guid":{"rendered":"https:\/\/hookahshop.lt\/?post_type=product&#038;p=12914"},"modified":"2026-04-14T23:29:13","modified_gmt":"2026-04-14T20:29:13","slug":"taurele-kaljanui-conceptic-cd2-green","status":"publish","type":"product","link":"https:\/\/hookahshop.lt\/lv\/produkt\/kauss-udenspipe-conceptic-cd2-zals\/","title":{"rendered":"Kauss \u016bdensp\u012bpei CONCEPTIC CD2 Za\u013c\u0161"},"content":{"rendered":"<h2>Kauss \u016bdensp\u012bpei CONCEPTIC CD2 Za\u013c\u0161<\/h2>\n<p>&quot;Conceptic CD2&quot; \u016bdensp\u012bpes b\u013coda ir klasiska &quot;killer b\u013coda&quot;, bet t\u0101s iek\u0161puse ir noapa\u013cota, bez taisn\u0101m sien\u0101m. Kausi\u0146a apak\u0161\u0101 ir se\u0161i caurumi, kas sak\u0101rtoti apl\u012b, bez cauruma centr\u0101. Pateicoties \u0161im caurumu izvietojumam, tabakas sm\u0113\u0137\u0113\u0161anas process ir vienm\u0113r\u012bg\u0101ks.<br \/>\n\u0160\u012b \u016bdensp\u012bpes b\u013coda ir izgatavota no balt\u0101 m\u0101la, kam pievienots \u0161amots un tum\u0161s pigments. Kr\u016bz\u012bte kr\u0101sota ar kr\u0101sainu glaz\u016bru, pievienojot baltus plankumus. Kr\u016bz\u012bte piem\u0113rota lieto\u0161anai gan ar foliju, gan ar siltuma kameru.<br \/>\n\u016adensp\u012bpes mais\u012bjuma ietilp\u012bba: apm\u0113ram 17 g.<\/p>\n<p>Specifik\u0101cijas:<br \/>\nAugstums: 93 mm<br \/>\nDiametrs (\u0101r\u0113jais): 74 mm<br \/>\nDiametrs (iek\u0161\u0113jais): 62 mm<br \/>\nDzi\u013cums: 15 mm<br \/>\nCauruma diametrs: 8 mm<br \/>\nCaurumu skaits: 6 gab.<br \/>\nSvars: apm\u0113ram 218 g.<\/p>\n<p>Vai jums ir k\u0101di jaut\u0101jumi? Sazinies ar mums <a href=\"https:\/\/hookahshop.lt\/lv\/kontaktiem\/\">kontaktu lapa<\/a> vai rakstiet mums pa e-pastu <a href=\"https:\/\/facebook.com\/HookahShop.lt\/\" target=\"_blank\" rel=\"noopener noreferrer\">Facebook konts<\/a> un m\u0113s atbild\u0113sim uz j\u016bsu piepras\u012bjumu taj\u0101 pa\u0161\u0101 dien\u0101.<\/p>","protected":false},"excerpt":{"rendered":"<p>B\u013coda \u016bdensp\u012bpei CONCEPTIC CD2 Green B\u013coda \u016bdensp\u012bpei &quot;Conceptic CD2&quot; ir klasiska &quot;killer b\u013coda&quot;, bet t\u0101s iek\u0161puse ir noapa\u013cota, bez taisn\u0101m sieni\u0146\u0101m. Kausi\u0146a apak\u0161\u0101 ir se\u0161i caurumi, kas sak\u0101rtoti apl\u012b, bez cauruma centr\u0101. Pateicoties \u0161im caurumu izvietojumam, tabakas sm\u0113\u0137\u0113\u0161anas process notiek vienm\u0113r\u012bg\u0101k. \u0160\u012b \u016bdensp\u012bpes b\u013coda ir izgatavota no balt\u0101 m\u0101la, kam pievienots \u0161amots un tum\u0161s pigments. Kr\u016bze ir kr\u0101sota ar kr\u0101sainu glaz\u016bru, [...]<\/p>","protected":false},"featured_media":12915,"comment_status":"open","ping_status":"closed","template":"","meta":[],"_links":{"self":[{"href":"https:\/\/hookahshop.lt\/lv\/wp-json\/wp\/v2\/product\/12914"}],"collection":[{"href":"https:\/\/hookahshop.lt\/lv\/wp-json\/wp\/v2\/product"}],"about":[{"href":"https:\/\/hookahshop.lt\/lv\/wp-json\/wp\/v2\/types\/product"}],"replies":[{"embeddable":true,"href":"https:\/\/hookahshop.lt\/lv\/wp-json\/wp\/v2\/comments?post=12914"}],"version-history":[{"count":6,"href":"https:\/\/hookahshop.lt\/lv\/wp-json\/wp\/v2\/product\/12914\/revisions"}],"predecessor-version":[{"id":37061,"href":"https:\/\/hookahshop.lt\/lv\/wp-json\/wp\/v2\/product\/12914\/revisions\/37061"}],"wp:featuredmedia":[{"embeddable":true,"href":"https:\/\/hookahshop.lt\/lv\/wp-json\/wp\/v2\/media\/12915"}],"wp:attachment":[{"href":"https:\/\/hookahshop.lt\/lv\/wp-json\/wp\/v2\/media?parent=12914"}],"curies":[{"name":"wp","href":"https:\/\/api.w.org\/{rel}","templated":true}]}}