{"id":12918,"date":"2020-10-25T23:21:13","date_gmt":"2020-10-25T21:21:13","guid":{"rendered":"https:\/\/hookahshop.lt\/?post_type=product&#038;p=12918"},"modified":"2026-04-14T23:29:13","modified_gmt":"2026-04-14T20:29:13","slug":"taurele-kaljanui-conceptic-cd2-yellow","status":"publish","type":"product","link":"https:\/\/hookahshop.lt\/lv\/produkt\/kauss-udenspipe-conceptic-cd2-dzeltens\/","title":{"rendered":"Kauss \u016bdensp\u012bpei CONCEPTIC CD2 Dzeltens"},"content":{"rendered":"<h2>Kauss \u016bdensp\u012bpei CONCEPTIC CD2 Dzeltens<\/h2>\n<p>Ir klasiska &quot;killer b\u013coda&quot;, bet t\u0101s iek\u0161puse ir noapa\u013cota, bez taisn\u0101m sien\u0101m. Kausi\u0146a apak\u0161\u0101 ir se\u0161i caurumi, kas sak\u0101rtoti apl\u012b, bez cauruma centr\u0101. Pateicoties \u0161im caurumu izvietojumam, tabakas sm\u0113\u0137\u0113\u0161anas process notiek vienm\u0113r\u012bg\u0101k.<br \/>\n\u0160\u012b \u016bdensp\u012bpes b\u013coda ir izgatavota no balt\u0101 m\u0101la, kam pievienots \u0161amots un tum\u0161s pigments. Kr\u016bz\u012bte kr\u0101sota ar kr\u0101sainu glaz\u016bru, pievienojot baltus plankumus. Kr\u016bz\u012bte piem\u0113rota lieto\u0161anai gan ar foliju, gan ar siltuma kameru.<br \/>\n\u016adensp\u012bpes mais\u012bjuma ietilp\u012bba: apm\u0113ram 17 g.<\/p>\n<p>Specifik\u0101cijas:<br \/>\nAugstums: 93 mm<br \/>\nDiametrs (\u0101r\u0113jais): 74 mm<br \/>\nDiametrs (iek\u0161\u0113jais): 62 mm<br \/>\nDzi\u013cums: 15 mm<br \/>\nCauruma diametrs: 8 mm<br \/>\nCaurumu skaits: 6 gab.<br \/>\nSvars: apm\u0113ram 218 g.<\/p>\n<p>Vai jums ir k\u0101di jaut\u0101jumi? Sazinies ar mums <a href=\"https:\/\/hookahshop.lt\/lv\/kontaktiem\/\">kontaktu lapa<\/a> vai rakstiet mums pa e-pastu <a href=\"https:\/\/facebook.com\/HookahShop.lt\/\" target=\"_blank\" rel=\"noopener noreferrer\">Facebook konts<\/a> un m\u0113s atbild\u0113sim uz j\u016bsu piepras\u012bjumu taj\u0101 pa\u0161\u0101 dien\u0101.<\/p>","protected":false},"excerpt":{"rendered":"<p>B\u013coda \u016bdensp\u012bpei CONCEPTIC CD2 Dzeltena Ir klasiska &quot;killer b\u013coda&quot;, bet t\u0101s iek\u0161puse ir noapa\u013cota, bez taisn\u0101m sien\u0101m. Kausi\u0146a apak\u0161\u0101 ir se\u0161i caurumi, kas izvietoti apl\u012b, bez cauruma centr\u0101. Pateicoties \u0161im caurumu izvietojumam, tabakas sm\u0113\u0137\u0113\u0161anas process ir vienm\u0113r\u012bg\u0101ks. \u0160\u012b \u016bdensp\u012bpes b\u013coda ir izgatavota no balt\u0101 m\u0101la, kam pievienots \u0161amots un tum\u0161s pigments. Kr\u016bz\u012bte kr\u0101sota ar kr\u0101sainu glaz\u016bru, pievienojot baltus plankumus. Kauss [\u2026]<\/p>","protected":false},"featured_media":12919,"comment_status":"open","ping_status":"closed","template":"","meta":[],"_links":{"self":[{"href":"https:\/\/hookahshop.lt\/lv\/wp-json\/wp\/v2\/product\/12918"}],"collection":[{"href":"https:\/\/hookahshop.lt\/lv\/wp-json\/wp\/v2\/product"}],"about":[{"href":"https:\/\/hookahshop.lt\/lv\/wp-json\/wp\/v2\/types\/product"}],"replies":[{"embeddable":true,"href":"https:\/\/hookahshop.lt\/lv\/wp-json\/wp\/v2\/comments?post=12918"}],"version-history":[{"count":5,"href":"https:\/\/hookahshop.lt\/lv\/wp-json\/wp\/v2\/product\/12918\/revisions"}],"predecessor-version":[{"id":26566,"href":"https:\/\/hookahshop.lt\/lv\/wp-json\/wp\/v2\/product\/12918\/revisions\/26566"}],"wp:featuredmedia":[{"embeddable":true,"href":"https:\/\/hookahshop.lt\/lv\/wp-json\/wp\/v2\/media\/12919"}],"wp:attachment":[{"href":"https:\/\/hookahshop.lt\/lv\/wp-json\/wp\/v2\/media?parent=12918"}],"curies":[{"name":"wp","href":"https:\/\/api.w.org\/{rel}","templated":true}]}}