{"id":12927,"date":"2020-10-25T23:59:53","date_gmt":"2020-10-25T21:59:53","guid":{"rendered":"https:\/\/hookahshop.lt\/?post_type=product&#038;p=12927"},"modified":"2026-04-18T23:29:10","modified_gmt":"2026-04-18T20:29:10","slug":"vienkartiniai-kandikliai-kaljanui-al-mani-6cm-100vnt-spalvoti","status":"publish","type":"product","link":"https:\/\/hookahshop.lt\/lv\/produkt\/vienreizlietojamie-iemuti-udenspipei-al-mani-6cm-100gab-krasaini\/","title":{"rendered":"Vienreizlietojamie \u0101\u0137i \u016bdensp\u012bpei AL-MANI 6cm 100gab Kr\u0101sa"},"content":{"rendered":"<h2>Vienreizlietojamie \u0101\u0137i \u016bdensp\u012bpei AL-MANI 6cm 100gab Kr\u0101sa<\/h2>\n<p>Papildu piestiprin\u0101\u0161anai pie \u016bdensp\u012bpes iemut\u0146a higi\u0113niskai lieto\u0161anai.<br \/>\n100 vien\u012bbas vien\u0101 iepakojum\u0101. iemuti.<\/p>\n<p>Vai jums ir k\u0101di jaut\u0101jumi? Sazinies ar mums <a href=\"https:\/\/hookahshop.lt\/lv\/kontaktiem\/\">kontaktu lapa<\/a> vai rakstiet mums pa e-pastu <a href=\"https:\/\/facebook.com\/HookahShop.lt\/\" target=\"_blank\" rel=\"noopener noreferrer\">Facebook konts<\/a> un m\u0113s atbild\u0113sim uz j\u016bsu piepras\u012bjumu taj\u0101 pa\u0161\u0101 dien\u0101.<\/p>","protected":false},"excerpt":{"rendered":"<p>Vienreizlietojamie iemuti \u016bdensp\u012bpei AL-MANI 6cm 100gb Kr\u0101saini Papildus lieto\u0161anai uz \u016bdensp\u012bpes iemuti higi\u0113niskai lieto\u0161anai. 100 vien\u012bbas vien\u0101 iepakojum\u0101. iemuti. Vai jums ir k\u0101di jaut\u0101jumi? Sazinieties ar mums kontaktu lap\u0101 vai rakstiet mums uz m\u016bsu Facebook kontu un m\u0113s atbild\u0113sim uz j\u016bsu piepras\u012bjumu taj\u0101 pa\u0161\u0101 dien\u0101.<\/p>","protected":false},"featured_media":12929,"comment_status":"open","ping_status":"closed","template":"","meta":[],"_links":{"self":[{"href":"https:\/\/hookahshop.lt\/lv\/wp-json\/wp\/v2\/product\/12927"}],"collection":[{"href":"https:\/\/hookahshop.lt\/lv\/wp-json\/wp\/v2\/product"}],"about":[{"href":"https:\/\/hookahshop.lt\/lv\/wp-json\/wp\/v2\/types\/product"}],"replies":[{"embeddable":true,"href":"https:\/\/hookahshop.lt\/lv\/wp-json\/wp\/v2\/comments?post=12927"}],"version-history":[{"count":3,"href":"https:\/\/hookahshop.lt\/lv\/wp-json\/wp\/v2\/product\/12927\/revisions"}],"predecessor-version":[{"id":25626,"href":"https:\/\/hookahshop.lt\/lv\/wp-json\/wp\/v2\/product\/12927\/revisions\/25626"}],"wp:featuredmedia":[{"embeddable":true,"href":"https:\/\/hookahshop.lt\/lv\/wp-json\/wp\/v2\/media\/12929"}],"wp:attachment":[{"href":"https:\/\/hookahshop.lt\/lv\/wp-json\/wp\/v2\/media?parent=12927"}],"curies":[{"name":"wp","href":"https:\/\/api.w.org\/{rel}","templated":true}]}}