{"id":12983,"date":"2020-10-28T21:28:20","date_gmt":"2020-10-28T19:28:20","guid":{"rendered":"https:\/\/hookahshop.lt\/?post_type=product&#038;p=12983"},"modified":"2026-04-14T23:28:56","modified_gmt":"2026-04-14T20:28:56","slug":"kaljanas-smoke-me-five-black","status":"publish","type":"product","link":"https:\/\/hookahshop.lt\/lv\/produkt\/udenspipe-smeke-mani-pieci-melni\/","title":{"rendered":"\u016adensp\u012bpe SMOKE ME Five Black"},"content":{"rendered":"<h2>\u016adensp\u012bpe SMOKE ME Five Black<\/h2>\n<p>\u0160\u012b kolba at\u0161\u0137iras ar unik\u0101lu kolbu, kas \u013cauj uzst\u0101d\u012bt liel\u0101ku d\u016bmu glab\u0101tuvi, nek\u0101 izmantojot parast\u0101s formas kolbas.<\/p>\n<p><strong>Komplekt\u0101 ietilpst:<\/strong><br \/>\n\u016adensp\u012bpe<br \/>\nKolba<br \/>\nMutes iemutnis<br \/>\nKauss<br \/>\nZarnas<br \/>\nKnaibles<br \/>\nSkurstenis<br \/>\nSpir\u0101lveida \u0161\u013c\u016btene<\/p>\n<p><strong>Specifik\u0101cijas:<\/strong><br \/>\n\u016adensp\u012bpes augstums ar kolbu: apm\u0113ram 50 cm<br \/>\nMateri\u0101ls: anod\u0113ts alum\u012bnijs<br \/>\nSavienojuma veids: noklik\u0161\u0137iniet<br \/>\nDifuzors: nav pieejams<br \/>\nIzcelsmes valsts: V\u0101cija<\/p>\n<p>Vai jums ir k\u0101di jaut\u0101jumi? Sazinies ar mums <a href=\"https:\/\/hookahshop.lt\/lv\/kontaktiem\/\">kontaktu lapa<\/a> vai rakstiet mums pa e-pastu <a href=\"https:\/\/facebook.com\/HookahShop.lt\/\" target=\"_blank\" rel=\"noopener noreferrer\">Facebook konts<\/a> un m\u0113s atbild\u0113sim uz j\u016bsu piepras\u012bjumu taj\u0101 pa\u0161\u0101 dien\u0101.<\/p>\n<p>&nbsp;<\/p>","protected":false},"excerpt":{"rendered":"<p>\u016adensp\u012bpe SMOKE ME Five Black \u0160\u012b \u016bdensp\u012bpe izce\u013cas ar unik\u0101lu bla\u0161\u0137i, kas \u013cauj uzst\u0101d\u012bt liel\u0101ku d\u016bmu uzglab\u0101\u0161anas vietu nek\u0101 izmantojot parast\u0101s formas bla\u0161\u0137es. Komplekt\u0101 ietilpst: \u016adensp\u012bpes bla\u0161\u0137is Iemutnis Kr\u016bz\u012bte \u0160\u013c\u016btenes knaibles Skurstenis Spir\u0101le \u0161\u013c\u016btenei Specifik\u0101cijas: \u016adensp\u012bpes augstums ar bla\u0161\u0137i: apm\u0113ram 50 cm Materi\u0101ls: Anod\u0113ts alum\u012bnijs Savienojuma veids: Klik\u0161\u0137is Difuzors: Nav Izcelsmes valsts: V\u0101cija Vai jums ir k\u0101di jaut\u0101jumi? Sazinieties ar mums, lai sazin\u0101tos [\u2026]<\/p>","protected":false},"featured_media":12984,"comment_status":"open","ping_status":"closed","template":"","meta":[],"_links":{"self":[{"href":"https:\/\/hookahshop.lt\/lv\/wp-json\/wp\/v2\/product\/12983"}],"collection":[{"href":"https:\/\/hookahshop.lt\/lv\/wp-json\/wp\/v2\/product"}],"about":[{"href":"https:\/\/hookahshop.lt\/lv\/wp-json\/wp\/v2\/types\/product"}],"replies":[{"embeddable":true,"href":"https:\/\/hookahshop.lt\/lv\/wp-json\/wp\/v2\/comments?post=12983"}],"version-history":[{"count":4,"href":"https:\/\/hookahshop.lt\/lv\/wp-json\/wp\/v2\/product\/12983\/revisions"}],"predecessor-version":[{"id":33522,"href":"https:\/\/hookahshop.lt\/lv\/wp-json\/wp\/v2\/product\/12983\/revisions\/33522"}],"wp:featuredmedia":[{"embeddable":true,"href":"https:\/\/hookahshop.lt\/lv\/wp-json\/wp\/v2\/media\/12984"}],"wp:attachment":[{"href":"https:\/\/hookahshop.lt\/lv\/wp-json\/wp\/v2\/media?parent=12983"}],"curies":[{"name":"wp","href":"https:\/\/api.w.org\/{rel}","templated":true}]}}