{"id":12988,"date":"2020-10-28T22:02:43","date_gmt":"2020-10-28T20:02:43","guid":{"rendered":"https:\/\/hookahshop.lt\/?post_type=product&#038;p=12988"},"modified":"2026-04-16T23:28:49","modified_gmt":"2026-04-16T20:28:49","slug":"kaljanas-al-mani-z-44-black","status":"publish","type":"product","link":"https:\/\/hookahshop.lt\/lv\/produkt\/udenspipe-al-mani-z-44-melna\/","title":{"rendered":"\u016adensp\u012bpe AL-MANI Z-44 Melna"},"content":{"rendered":"<h2>\u016adensp\u012bpe AL-MANI Z-44 Melna<\/h2>\n<p>Komplekt\u0101 ietilpst:<br \/>\n\u016adensp\u012bpe<br \/>\nKolba<br \/>\nMutes iemutnis<br \/>\nZarnas<br \/>\nKnaibles<br \/>\nKauss<br \/>\nSkurstenis<\/p>\n<p>Specifik\u0101cijas:<\/p>\n<p>\u016adensp\u012bpes augstums ar kolbu: 40 cm<br \/>\nMateri\u0101ls: ner\u016bs\u0113jo\u0161s t\u0113rauds un m\u012bksts to\u010ds<br \/>\nKr\u0101sa melna<br \/>\nDifuzors: nav pieejams<br \/>\nIzcelsmes valsts: V\u0101cija<\/p>\n<p>Vai jums ir k\u0101di jaut\u0101jumi? Sazinies ar mums <a href=\"https:\/\/hookahshop.lt\/lv\/kontaktiem\/\">kontaktu lapa<\/a> vai rakstiet mums pa e-pastu <a href=\"https:\/\/facebook.com\/HookahShop.lt\/\" target=\"_blank\" rel=\"noopener noreferrer\">Facebook konts<\/a> un m\u0113s atbild\u0113sim uz j\u016bsu piepras\u012bjumu taj\u0101 pa\u0161\u0101 dien\u0101.<\/p>","protected":false},"excerpt":{"rendered":"<p>\u016adensp\u012bpe AL-MANI Z-44 Melns Komplekts sast\u0101v no: \u016adensp\u012bpes kolbas iemutes \u0161\u013c\u016btenes knaibles, kausa k\u0101ta Specifik\u0101cijas: \u016adensp\u012bpes augstums ar kolbu: 40cm Materi\u0101ls: Ner\u016bs\u0113jo\u0161ais t\u0113rauds un m\u012bksts piesk\u0101riens Kr\u0101sa: Melns Izklied\u0113t\u0101js: Nav Izcelsmes valsts: V\u0101cija Vai jums ir k\u0101ds jaut\u0101jumi? Sazinieties ar mums kontaktu lap\u0101 vai rakstiet mums uz m\u016bsu Facebook kontu un m\u0113s atbild\u0113sim uz j\u016bsu piepras\u012bjumu taj\u0101 pa\u0161\u0101 dien\u0101.<\/p>","protected":false},"featured_media":12989,"comment_status":"open","ping_status":"closed","template":"","meta":[],"_links":{"self":[{"href":"https:\/\/hookahshop.lt\/lv\/wp-json\/wp\/v2\/product\/12988"}],"collection":[{"href":"https:\/\/hookahshop.lt\/lv\/wp-json\/wp\/v2\/product"}],"about":[{"href":"https:\/\/hookahshop.lt\/lv\/wp-json\/wp\/v2\/types\/product"}],"replies":[{"embeddable":true,"href":"https:\/\/hookahshop.lt\/lv\/wp-json\/wp\/v2\/comments?post=12988"}],"version-history":[{"count":4,"href":"https:\/\/hookahshop.lt\/lv\/wp-json\/wp\/v2\/product\/12988\/revisions"}],"predecessor-version":[{"id":26442,"href":"https:\/\/hookahshop.lt\/lv\/wp-json\/wp\/v2\/product\/12988\/revisions\/26442"}],"wp:featuredmedia":[{"embeddable":true,"href":"https:\/\/hookahshop.lt\/lv\/wp-json\/wp\/v2\/media\/12989"}],"wp:attachment":[{"href":"https:\/\/hookahshop.lt\/lv\/wp-json\/wp\/v2\/media?parent=12988"}],"curies":[{"name":"wp","href":"https:\/\/api.w.org\/{rel}","templated":true}]}}