{"id":12992,"date":"2020-10-28T22:25:37","date_gmt":"2020-10-28T20:25:37","guid":{"rendered":"https:\/\/hookahshop.lt\/?post_type=product&#038;p=12992"},"modified":"2026-05-14T23:28:54","modified_gmt":"2026-05-14T20:28:54","slug":"kaljanas-kaya-elox-630-boro-pyramid-black","status":"publish","type":"product","link":"https:\/\/hookahshop.lt\/lv\/produkt\/udenspipe-kaja-eloks-630-boropiramida-melna\/","title":{"rendered":"\u016adensp\u012bpe KAYA Elox 630 BORO Pyramid Black"},"content":{"rendered":"<h2>\u016adensp\u012bpe KAYA Elox 630 BORO Pyramid Black<\/h2>\n<p>\u0160\u012b ir augstas kvalit\u0101tes \u016bdensp\u012bpes Kaya l\u012bnija ar jaunu piram\u012bdas formas v\u0101rpstu. V\u0101rpstai ir \u012bpa\u0161s stiprin\u0101jums &quot;Click&quot;, kas \u013cauj \u0101tri un uzticami piestiprin\u0101t v\u0101rpstu pie kolbas. Savienojums un \u0161\u013c\u016btenes savienojums tiek veikts saska\u0146\u0101 ar jauno CUT sist\u0113mu, kas \u013cauj savienot \u0161\u013c\u016btenes ar \u0101\u0137i, neizmantojot gumijas bl\u012bves.<\/p>\n<p>\u016adensp\u012bpe<br \/>\nKolba<br \/>\nMutes iemutnis<br \/>\nZarnas<\/p>\n<p><strong>Specifik\u0101cijas:<\/strong><br \/>\n\u016adensp\u012bpes augstums ar kolbu: apm\u0113ram 60 cm<br \/>\nMateri\u0101ls: hrom\u0113ts t\u0113rauds<br \/>\nSavienojuma veids: noklik\u0161\u0137iniet<br \/>\nKr\u0101sa melna<br \/>\nDifuzors: J\u0101<br \/>\nIzcelsmes valsts: V\u0101cija<\/p>\n<p>Vai jums ir k\u0101di jaut\u0101jumi? Sazinies ar mums <a href=\"https:\/\/hookahshop.lt\/lv\/kontaktiem\/\">kontaktu lapa<\/a> vai rakstiet mums pa e-pastu <a href=\"https:\/\/facebook.com\/HookahShop.lt\/\" target=\"_blank\" rel=\"noopener noreferrer\">Facebook konts<\/a> un m\u0113s atbild\u0113sim uz j\u016bsu piepras\u012bjumu taj\u0101 pa\u0161\u0101 dien\u0101.<\/p>","protected":false},"excerpt":{"rendered":"<p>\u016adensp\u012bpe KAYA Elox 630 BORO Pyramid Black \u0160\u012b ir augstas kvalit\u0101tes &quot;Kaya&quot; \u016bdensp\u012bpju l\u012bnija ar jaunu piram\u012bdas formas k\u0101tu. K\u0101tam ir \u012bpa\u0161s &quot;Click&quot; stiprin\u0101jums, kas \u013cauj \u0101tri un dro\u0161i piestiprin\u0101t k\u0101tu pie \u016bdensp\u012bpes. Savienot\u0101js un \u0161\u013c\u016btenes savienojums ir izgatavots saska\u0146\u0101 ar jauno &quot;CUT&quot; sist\u0113mu, kas \u013cauj pievienot \u0161\u013c\u016btenes \u016bdensp\u012bpei, neizmantojot gumijas bl\u012bves. \u016adensp\u012bpes \u0161\u013c\u016btenes iemut\u0146a \u0161\u013c\u016btenes specifik\u0101cijas: [\u2026]<\/p>","protected":false},"featured_media":12993,"comment_status":"open","ping_status":"closed","template":"","meta":[],"_links":{"self":[{"href":"https:\/\/hookahshop.lt\/lv\/wp-json\/wp\/v2\/product\/12992"}],"collection":[{"href":"https:\/\/hookahshop.lt\/lv\/wp-json\/wp\/v2\/product"}],"about":[{"href":"https:\/\/hookahshop.lt\/lv\/wp-json\/wp\/v2\/types\/product"}],"replies":[{"embeddable":true,"href":"https:\/\/hookahshop.lt\/lv\/wp-json\/wp\/v2\/comments?post=12992"}],"version-history":[{"count":4,"href":"https:\/\/hookahshop.lt\/lv\/wp-json\/wp\/v2\/product\/12992\/revisions"}],"predecessor-version":[{"id":22697,"href":"https:\/\/hookahshop.lt\/lv\/wp-json\/wp\/v2\/product\/12992\/revisions\/22697"}],"wp:featuredmedia":[{"embeddable":true,"href":"https:\/\/hookahshop.lt\/lv\/wp-json\/wp\/v2\/media\/12993"}],"wp:attachment":[{"href":"https:\/\/hookahshop.lt\/lv\/wp-json\/wp\/v2\/media?parent=12992"}],"curies":[{"name":"wp","href":"https:\/\/api.w.org\/{rel}","templated":true}]}}