{"id":13016,"date":"2020-10-28T23:09:57","date_gmt":"2020-10-28T21:09:57","guid":{"rendered":"https:\/\/hookahshop.lt\/?post_type=product&#038;p=13016"},"modified":"2026-04-17T23:29:26","modified_gmt":"2026-04-17T20:29:26","slug":"kandiklis-kaljanui-su-zarna-amy-black","status":"publish","type":"product","link":"https:\/\/hookahshop.lt\/lv\/produkt\/iemuti-udenspipe-ar-zarnu-amy\/","title":{"rendered":"\u016adensp\u012bpes iemutis ar \u0161\u013c\u016bteni AMY Black"},"content":{"rendered":"<h2>\u016adensp\u012bpes iemutnis ar \u0161\u013c\u016bteni AMY<\/h2>\n<p>Komplekts sast\u0101v no silikona, sp\u012bd\u012bgas, melnas \u0161\u013c\u016btenes un iemut\u0146a no ner\u016bs\u0113jo\u0161\u0101 t\u0113rauda.<\/p>\n<p>Specifik\u0101cija:<br \/>\n\u0160\u013c\u016btenes garums: 1,50m<br \/>\nIe\u0161\u0146a garums: 36cm<br \/>\nUzst\u0101d\u012bt kast\u0113.<br \/>\nIzcelsmes valsts: V\u0101cija<\/p>\n<p>Vai jums ir k\u0101di jaut\u0101jumi? Sazinies ar mums <a href=\"https:\/\/hookahshop.lt\/lv\/kontaktiem\/\">kontaktu lapa<\/a> vai rakstiet mums pa e-pastu <a href=\"https:\/\/facebook.com\/HookahShop.lt\/\" target=\"_blank\" rel=\"noopener noreferrer\">Facebook konts<\/a> un m\u0113s atbild\u0113sim uz j\u016bsu piepras\u012bjumu taj\u0101 pa\u0161\u0101 dien\u0101.<\/p>","protected":false},"excerpt":{"rendered":"<p>\u016adensp\u012bpes iemutnis ar \u0161\u013c\u016bteni AMY Komplekt\u0101 ietilpst silikona, sp\u012bd\u012bga, melna \u0161\u013c\u016btene un iemutnis, kas izgatavots no ner\u016bs\u0113jo\u0161\u0101 t\u0113rauda. Specifik\u0101cija: \u0160\u013c\u016btenes garums: 1,50 m Iemut\u0146a garums: 36 cm Komplekts kast\u012bt\u0113. Izcelsmes valsts: V\u0101cija Vai jums ir k\u0101di jaut\u0101jumi? Sazinieties ar mums kontaktu lap\u0101 vai rakstiet mums Facebook, un m\u0113s atbild\u0113sim uz j\u016bsu piepras\u012bjumu taj\u0101 pa\u0161\u0101 dien\u0101.<\/p>","protected":false},"featured_media":13018,"comment_status":"open","ping_status":"closed","template":"","meta":[],"_links":{"self":[{"href":"https:\/\/hookahshop.lt\/lv\/wp-json\/wp\/v2\/product\/13016"}],"collection":[{"href":"https:\/\/hookahshop.lt\/lv\/wp-json\/wp\/v2\/product"}],"about":[{"href":"https:\/\/hookahshop.lt\/lv\/wp-json\/wp\/v2\/types\/product"}],"replies":[{"embeddable":true,"href":"https:\/\/hookahshop.lt\/lv\/wp-json\/wp\/v2\/comments?post=13016"}],"version-history":[{"count":3,"href":"https:\/\/hookahshop.lt\/lv\/wp-json\/wp\/v2\/product\/13016\/revisions"}],"predecessor-version":[{"id":23252,"href":"https:\/\/hookahshop.lt\/lv\/wp-json\/wp\/v2\/product\/13016\/revisions\/23252"}],"wp:featuredmedia":[{"embeddable":true,"href":"https:\/\/hookahshop.lt\/lv\/wp-json\/wp\/v2\/media\/13018"}],"wp:attachment":[{"href":"https:\/\/hookahshop.lt\/lv\/wp-json\/wp\/v2\/media?parent=13016"}],"curies":[{"name":"wp","href":"https:\/\/api.w.org\/{rel}","templated":true}]}}