{"id":13021,"date":"2020-10-28T23:23:54","date_gmt":"2020-10-28T21:23:54","guid":{"rendered":"https:\/\/hookahshop.lt\/?post_type=product&#038;p=13021"},"modified":"2026-04-14T23:29:02","modified_gmt":"2026-04-14T20:29:02","slug":"karscio-kamera-amy-heat-box","status":"publish","type":"product","link":"https:\/\/hookahshop.lt\/lv\/produkt\/heat-camera-amy-heat-box\/","title":{"rendered":"Siltuma kamera AMY Heat Box"},"content":{"rendered":"<h2>Siltuma kamera AMY Heat Box<\/h2>\n<p>Tas ir paredz\u0113ts \u016bdensp\u012bpes kr\u016bzes sild\u012b\u0161anai ar kokosriekstu ogl\u0113m.<\/p>\n<p id=\"tw-target-text\" class=\"tw-data-text tw-text-large tw-ta\" dir=\"ltr\" data-placeholder=\"Vertimas\"><span lang=\"lt\">Siltuma kameras galven\u0101s priek\u0161roc\u012bbas:<\/span><\/p>\n<ul>\n<li><span lang=\"lt\">Atk\u0101rtoti lietojams;<\/span><\/li>\n<li><span lang=\"lt\">Vairs nav folijas;<\/span><\/li>\n<li><span lang=\"lt\">Akme\u0146ogles paliek viet\u0101 \u0113rt\u0101s formas d\u0113\u013c;<\/span><\/li>\n<li>Uzlabo gaisa cirkul\u0101ciju;<\/li>\n<li><span lang=\"lt\">Tas \u012bs\u0101 laik\u0101 uzsilst un uztur stabilu siltumu.<\/span><\/li>\n<\/ul>\n<p>Pre\u010du z\u012bme: AMY<br \/>\nAugstums: 5,5 cm<br \/>\nDiametrs: 7,2 cm<br \/>\nDzi\u013cums: 2,3 cm<br \/>\nMateri\u0101ls: alum\u012bnijs, gumija<br \/>\nFunkcijas: divi rokturi<br \/>\nIzcelsmes valsts: V\u0101cija<\/p>\n<p>Vai jums ir k\u0101di jaut\u0101jumi? Sazinies ar mums <a href=\"https:\/\/hookahshop.lt\/lv\/kontaktiem\/\">kontaktu lapa<\/a> vai rakstiet mums pa e-pastu <a href=\"https:\/\/facebook.com\/HookahShop.lt\/\" target=\"_blank\" rel=\"noopener noreferrer\">Facebook konts<\/a> un m\u0113s atbild\u0113sim uz j\u016bsu piepras\u012bjumu taj\u0101 pa\u0161\u0101 dien\u0101.<\/p>","protected":false},"excerpt":{"rendered":"<p>Siltuma kamera AMY Heat Box Tas ir paredz\u0113ts \u016bdensp\u012bpes gl\u0101zes sild\u012b\u0161anai ar kokosriekstu ogl\u0113m. Galven\u0101s siltuma kameras priek\u0161roc\u012bbas: Daudzk\u0101rt\u0113ja izmanto\u0161ana; Vairs nav nepiecie\u0161ama folija; Ogleklis paliek viet\u0101, pateicoties \u0113rtai formai; uzlabojas gaisa cirkul\u0101cija; Tas uzsilst \u012bs\u0101 laik\u0101 un saglab\u0101 siltumu stabili. Z\u012bmols: AMY Augstums: 5,5 cm Diametrs: 7,2 cm Dzi\u013cums: 2,3 cm Materi\u0101ls: alum\u012bnijs, gumija [...]<\/p>","protected":false},"featured_media":13035,"comment_status":"open","ping_status":"closed","template":"","meta":[],"_links":{"self":[{"href":"https:\/\/hookahshop.lt\/lv\/wp-json\/wp\/v2\/product\/13021"}],"collection":[{"href":"https:\/\/hookahshop.lt\/lv\/wp-json\/wp\/v2\/product"}],"about":[{"href":"https:\/\/hookahshop.lt\/lv\/wp-json\/wp\/v2\/types\/product"}],"replies":[{"embeddable":true,"href":"https:\/\/hookahshop.lt\/lv\/wp-json\/wp\/v2\/comments?post=13021"}],"version-history":[{"count":3,"href":"https:\/\/hookahshop.lt\/lv\/wp-json\/wp\/v2\/product\/13021\/revisions"}],"predecessor-version":[{"id":29315,"href":"https:\/\/hookahshop.lt\/lv\/wp-json\/wp\/v2\/product\/13021\/revisions\/29315"}],"wp:featuredmedia":[{"embeddable":true,"href":"https:\/\/hookahshop.lt\/lv\/wp-json\/wp\/v2\/media\/13035"}],"wp:attachment":[{"href":"https:\/\/hookahshop.lt\/lv\/wp-json\/wp\/v2\/media?parent=13021"}],"curies":[{"name":"wp","href":"https:\/\/api.w.org\/{rel}","templated":true}]}}