{"id":13043,"date":"2020-10-29T11:51:39","date_gmt":"2020-10-29T09:51:39","guid":{"rendered":"https:\/\/hookahshop.lt\/?post_type=product&#038;p=13043"},"modified":"2026-04-14T23:29:00","modified_gmt":"2026-04-14T20:29:00","slug":"kaljano-komplektas-smoke-me-five","status":"publish","type":"product","link":"https:\/\/hookahshop.lt\/lv\/produkt\/udenspipe-set-smoke-me-pieci\/","title":{"rendered":"\u016adensp\u012bpes komplekts SMOKE ME Five"},"content":{"rendered":"<h2>\u016adensp\u012bpes komplekts SMOKE ME Five<\/h2>\n<p>\u0160\u012b \u016bdensp\u012bpe izce\u013cas ar unik\u0101lu kolbu, kas \u013cauj ier\u012bkot liel\u0101ku d\u016bmu glab\u0101tuvi, nek\u0101 izmantojot parast\u0101s formas kolbas.<\/p>\n<p>\u016adensp\u012bpes augstums: 45 cm<\/p>\n<p>Apr\u012bkojums:<br \/>\nV\u0101rpsta -1 gab.<br \/>\n\u016adensp\u012bpes pl\u0101ksne - 1 gab.<br \/>\nIemutnis - 1 gab.<br \/>\nSilikona \u0161\u013c\u016btene - 1 gab.<br \/>\nBl\u012bves - 2 gab.<br \/>\nKolba - 1 gab.<br \/>\nKnaibles - 1 gab.<br \/>\nSiltuma kamera - 1 gab.<br \/>\nKauss - 1gab.<br \/>\nOgles 1kg - 1gab.<br \/>\nPl\u012bts - 1gab.<\/p>\n<p>Vai jums ir k\u0101di jaut\u0101jumi? Sazinies ar mums <a href=\"https:\/\/hookahshop.lt\/lv\/kontaktiem\/\">kontaktu lapa<\/a> vai rakstiet mums pa e-pastu <a href=\"https:\/\/facebook.com\/HookahShop.lt\/\" target=\"_blank\" rel=\"noopener noreferrer\">Facebook konts<\/a> un m\u0113s atbild\u0113sim uz j\u016bsu piepras\u012bjumu taj\u0101 pa\u0161\u0101 dien\u0101.<\/p>","protected":false},"excerpt":{"rendered":"<p>\u016adensp\u012bpes komplekts SMOKE ME Five \u0160\u012b \u016bdensp\u012bpe izce\u013cas ar unik\u0101lu kolbu, kas \u013cauj ier\u012bkot liel\u0101ku d\u016bmu glab\u0101tuvi, nek\u0101 izmantojot parast\u0101s formas kolbas. \u016adensp\u012bpes augstums: 45cm Pilns komplekts: K\u0101ts - 1 gab. \u016adensp\u012bpes \u0161\u0137\u012bvis - 1 gab. Mutes uzgalis - 1 gab. Silikona \u0161\u013c\u016btene - 1 gab. Bl\u012bves - 2 gab. Kolba - 1 gab. Knaibles - 1 gab. Karstums [\u2026]<\/p>","protected":false},"featured_media":28010,"comment_status":"open","ping_status":"closed","template":"","meta":[],"_links":{"self":[{"href":"https:\/\/hookahshop.lt\/lv\/wp-json\/wp\/v2\/product\/13043"}],"collection":[{"href":"https:\/\/hookahshop.lt\/lv\/wp-json\/wp\/v2\/product"}],"about":[{"href":"https:\/\/hookahshop.lt\/lv\/wp-json\/wp\/v2\/types\/product"}],"replies":[{"embeddable":true,"href":"https:\/\/hookahshop.lt\/lv\/wp-json\/wp\/v2\/comments?post=13043"}],"version-history":[{"count":4,"href":"https:\/\/hookahshop.lt\/lv\/wp-json\/wp\/v2\/product\/13043\/revisions"}],"predecessor-version":[{"id":28009,"href":"https:\/\/hookahshop.lt\/lv\/wp-json\/wp\/v2\/product\/13043\/revisions\/28009"}],"wp:featuredmedia":[{"embeddable":true,"href":"https:\/\/hookahshop.lt\/lv\/wp-json\/wp\/v2\/media\/28010"}],"wp:attachment":[{"href":"https:\/\/hookahshop.lt\/lv\/wp-json\/wp\/v2\/media?parent=13043"}],"curies":[{"name":"wp","href":"https:\/\/api.w.org\/{rel}","templated":true}]}}