{"id":13055,"date":"2020-10-29T11:57:49","date_gmt":"2020-10-29T09:57:49","guid":{"rendered":"https:\/\/hookahshop.lt\/?post_type=product&#038;p=13055"},"modified":"2026-04-14T23:28:58","modified_gmt":"2026-04-14T20:28:58","slug":"kaljano-komplektas-al-mani-z-44","status":"publish","type":"product","link":"https:\/\/hookahshop.lt\/lv\/produkt\/udenspipe-kit-al-mani-z-44\/","title":{"rendered":"\u0100\u0137u komplekts AL-MANI Z-44"},"content":{"rendered":"<h2>\u0100\u0137u komplekts AL-MANI Z-44<\/h2>\n<p>Specifik\u0101cijas:<\/p>\n<p>\u016adensp\u012bpes augstums ar kolbu: 40 cm<br \/>\nMateri\u0101ls: ner\u016bs\u0113jo\u0161ais t\u0113rauds un m\u012bksts piesk\u0101riens<br \/>\nKr\u0101sa melna<br \/>\nDifuzors: nav pieejams<br \/>\nIzcelsmes valsts: V\u0101cija<\/p>\n<p>Apr\u012bkojums:<br \/>\nV\u0101rpsta -1 gab.<br \/>\n\u016adensp\u012bpes pl\u0101ksne - 1 gab.<br \/>\nIemutnis - 1 gab.<br \/>\nSilikona \u0161\u013c\u016btene - 1 gab.<br \/>\nBl\u012bves - 2 gab.<br \/>\nKolba - 1 gab.<br \/>\nKnaibles - 1 gab.<br \/>\nSiltuma kamera - 1 gab.<br \/>\nKauss - 1gab.<br \/>\nOgles 1kg - 1gab.<br \/>\nPl\u012bts - 1gab.<\/p>\n<p>Vai jums ir k\u0101di jaut\u0101jumi? Sazinies ar mums <a href=\"https:\/\/hookahshop.lt\/lv\/kontaktiem\/\">kontaktu lapa<\/a> vai rakstiet mums pa e-pastu <a href=\"https:\/\/facebook.com\/HookahShop.lt\/\" target=\"_blank\" rel=\"noopener noreferrer\">Facebook konts<\/a> un m\u0113s atbild\u0113sim uz j\u016bsu piepras\u012bjumu taj\u0101 pa\u0161\u0101 dien\u0101.<\/p>","protected":false},"excerpt":{"rendered":"<p>\u016adensp\u012bpes komplekts AL-MANI Z-44 Specifik\u0101cijas: \u016adensp\u012bpes augstums ar kolbu: 40cm Materi\u0101ls: ner\u016bs\u0113jo\u0161ais t\u0113rauds un m\u012bksts piesk\u0101riens Kr\u0101sa: Melns Izklied\u0113t\u0101js: Nav Izcelsmes valsts: V\u0101cija Komplekt\u0101cija: V\u0101rpsta -1 gab. \u016adensp\u012bpes \u0161\u0137\u012bvis - 1 gab. Mutes uzgalis - 1 gab. Silikona \u0161\u013c\u016btene - 1 gab. Bl\u012bves - 2 gab. Kolba - 1 gab. Knaibles - 1 gab. Siltuma kamera [\u2026]<\/p>","protected":false},"featured_media":28012,"comment_status":"open","ping_status":"closed","template":"","meta":[],"_links":{"self":[{"href":"https:\/\/hookahshop.lt\/lv\/wp-json\/wp\/v2\/product\/13055"}],"collection":[{"href":"https:\/\/hookahshop.lt\/lv\/wp-json\/wp\/v2\/product"}],"about":[{"href":"https:\/\/hookahshop.lt\/lv\/wp-json\/wp\/v2\/types\/product"}],"replies":[{"embeddable":true,"href":"https:\/\/hookahshop.lt\/lv\/wp-json\/wp\/v2\/comments?post=13055"}],"version-history":[{"count":3,"href":"https:\/\/hookahshop.lt\/lv\/wp-json\/wp\/v2\/product\/13055\/revisions"}],"predecessor-version":[{"id":28011,"href":"https:\/\/hookahshop.lt\/lv\/wp-json\/wp\/v2\/product\/13055\/revisions\/28011"}],"wp:featuredmedia":[{"embeddable":true,"href":"https:\/\/hookahshop.lt\/lv\/wp-json\/wp\/v2\/media\/28012"}],"wp:attachment":[{"href":"https:\/\/hookahshop.lt\/lv\/wp-json\/wp\/v2\/media?parent=13055"}],"curies":[{"name":"wp","href":"https:\/\/api.w.org\/{rel}","templated":true}]}}