{"id":13065,"date":"2020-10-29T12:04:24","date_gmt":"2020-10-29T10:04:24","guid":{"rendered":"https:\/\/hookahshop.lt\/?post_type=product&#038;p=13065"},"modified":"2026-04-18T23:28:50","modified_gmt":"2026-04-18T20:28:50","slug":"kaljano-komplektas-amy-deluxe-amy069-02","status":"publish","type":"product","link":"https:\/\/hookahshop.lt\/lv\/produkt\/hookah-set-amy-deluxe-amy069-02\/","title":{"rendered":"\u016adensp\u012bpes komplekts AMY DELUXE AMY069.02"},"content":{"rendered":"<h2>\u016adensp\u012bpes komplekts AMY DELUXE AMY069.02<\/h2>\n<p>T\u0101 ir \u016bdensp\u012bpe ar ekskluz\u012bvu dizainu, kas izgatavota no ner\u016bs\u0113jo\u0161\u0101 t\u0113rauda un alum\u012bnija.<\/p>\n<p>Specifik\u0101cijas:<\/p>\n<p>\u016adensp\u012bpes augstums ar kolbu: apm\u0113ram 50 cm<br \/>\nMateri\u0101ls: ner\u016bs\u0113jo\u0161ais t\u0113rauds + alum\u012bnijs<br \/>\nSavienojuma veids: noklik\u0161\u0137iniet<br \/>\nKr\u0101sa melna<br \/>\nDifuzors: nav pieejams<br \/>\nra\u017eots \u0136\u012bn\u0101<\/p>\n<p>Apr\u012bkojums:<br \/>\nV\u0101rpsta -1 gab.<br \/>\n\u016adensp\u012bpes pl\u0101ksne - 1 gab.<br \/>\nIemutnis - 1 gab.<br \/>\nSilikona \u0161\u013c\u016btene - 1 gab.<br \/>\nBl\u012bves - 2 gab.<br \/>\nKolba - 1 gab.<br \/>\nKnaibles - 1 gab.<br \/>\nSiltuma kamera - 1 gab.<br \/>\nKauss - 1gab.<br \/>\nOgles 1kg - 1gab.<br \/>\nPl\u012bts - 1gab.<\/p>\n<p>Vai jums ir k\u0101di jaut\u0101jumi? Sazinies ar mums <a href=\"https:\/\/hookahshop.lt\/lv\/kontaktiem\/\">kontaktu lapa<\/a> vai rakstiet mums pa e-pastu <a href=\"https:\/\/facebook.com\/HookahShop.lt\/\" target=\"_blank\" rel=\"noopener noreferrer\">Facebook konts<\/a> un m\u0113s atbild\u0113sim uz j\u016bsu piepras\u012bjumu taj\u0101 pa\u0161\u0101 dien\u0101.<\/p>","protected":false},"excerpt":{"rendered":"<p>\u016adensp\u012bpes komplekts AMY DELUXE AMY069.02 \u0160\u012b ir \u016bdensp\u012bpe ar ekskluz\u012bvu dizainu, izgatavota no ner\u016bs\u0113jo\u0161\u0101 t\u0113rauda un alum\u012bnija. Specifik\u0101cijas: \u016adensp\u012bpes augstums ar kolbu: apm\u0113ram 50cm Materi\u0101ls: ner\u016bs\u0113jo\u0161ais t\u0113rauds + alum\u012bnijs Savienojuma veids: Klik\u0161\u0137is Kr\u0101sa: Melns Izklied\u0113t\u0101js: Nav Izcelsmes valsts: \u0136\u012bna Komplekt\u0101cija: V\u0101rpsta -1 gab. \u016adensp\u012bpes \u0161\u0137\u012bvis - 1 gab. Mutes uzgalis - 1 gab. Silikona \u0161\u013c\u016btene - 1 gab. [\u2026]<\/p>","protected":false},"featured_media":28006,"comment_status":"open","ping_status":"closed","template":"","meta":[],"_links":{"self":[{"href":"https:\/\/hookahshop.lt\/lv\/wp-json\/wp\/v2\/product\/13065"}],"collection":[{"href":"https:\/\/hookahshop.lt\/lv\/wp-json\/wp\/v2\/product"}],"about":[{"href":"https:\/\/hookahshop.lt\/lv\/wp-json\/wp\/v2\/types\/product"}],"replies":[{"embeddable":true,"href":"https:\/\/hookahshop.lt\/lv\/wp-json\/wp\/v2\/comments?post=13065"}],"version-history":[{"count":3,"href":"https:\/\/hookahshop.lt\/lv\/wp-json\/wp\/v2\/product\/13065\/revisions"}],"predecessor-version":[{"id":32789,"href":"https:\/\/hookahshop.lt\/lv\/wp-json\/wp\/v2\/product\/13065\/revisions\/32789"}],"wp:featuredmedia":[{"embeddable":true,"href":"https:\/\/hookahshop.lt\/lv\/wp-json\/wp\/v2\/media\/28006"}],"wp:attachment":[{"href":"https:\/\/hookahshop.lt\/lv\/wp-json\/wp\/v2\/media?parent=13065"}],"curies":[{"name":"wp","href":"https:\/\/api.w.org\/{rel}","templated":true}]}}