{"id":13075,"date":"2020-10-29T12:11:01","date_gmt":"2020-10-29T10:11:01","guid":{"rendered":"https:\/\/hookahshop.lt\/?post_type=product&#038;p=13075"},"modified":"2026-04-08T13:49:32","modified_gmt":"2026-04-08T10:49:32","slug":"kaljano-komplektas-al-mani-woody-xs","status":"publish","type":"product","link":"https:\/\/hookahshop.lt\/lv\/produkt\/hookah-set-al-mani-woody-xs\/","title":{"rendered":"\u0100\u0137u komplekts AL-MANI Woody XS"},"content":{"rendered":"<h2>\u0100\u0137u komplekts AL-MANI Woody XS<\/h2>\n<p>T\u0101 ir augstas kvalit\u0101tes ner\u016bs\u0113jo\u0161\u0101 t\u0113rauda \u016bdensp\u012bpe ar koka v\u0101rpstu un iemut\u0146a apdari.<\/p>\n<p>Specifik\u0101cijas<\/p>\n<p>\u016adensp\u012bpes augstums ar kolbu: apm\u0113ram 35 cm<br \/>\nMateri\u0101ls: ner\u016bs\u0113jo\u0161ais t\u0113rauds<br \/>\nKr\u0101sa melna<br \/>\nDifuzors: nav pieejams<br \/>\nIzcelsmes valsts: V\u0101cija<\/p>\n<p>Apr\u012bkojums:<br \/>\nV\u0101rpsta -1 gab.<br \/>\n\u016adensp\u012bpes pl\u0101ksne - 1 gab.<br \/>\nIemutnis - 1 gab.<br \/>\nSilikona \u0161\u013c\u016btene - 1 gab.<br \/>\nBl\u012bves - 2 gab.<br \/>\nKolba - 1 gab.<br \/>\nKnaibles - 1 gab.<br \/>\nSiltuma kamera - 1 gab.<br \/>\nKauss - 1gab.<br \/>\nOgles 1kg - 1gab.<br \/>\nPl\u012bts - 1gab.<\/p>\n<p>Vai jums ir k\u0101di jaut\u0101jumi? Sazinies ar mums <a href=\"https:\/\/hookahshop.lt\/lv\/kontaktiem\/\">kontaktu lapa<\/a> vai rakstiet mums pa e-pastu <a href=\"https:\/\/facebook.com\/HookahShop.lt\/\" target=\"_blank\" rel=\"noopener noreferrer\">Facebook konts<\/a> un m\u0113s atbild\u0113sim uz j\u016bsu piepras\u012bjumu taj\u0101 pa\u0161\u0101 dien\u0101.<\/p>","protected":false},"excerpt":{"rendered":"<p>\u016adensp\u012bpes komplekts AL-MANI Woody XS \u0160\u012b ir augstas kvalit\u0101tes ner\u016bs\u0113jo\u0161\u0101 t\u0113rauda \u016bdensp\u012bpe ar koka k\u0101tu un iemut\u0146a apdari. Specifik\u0101cijas \u016adensp\u012bpes augstums ar kolbu: Apm\u0113ram 35cm Materi\u0101ls: Ner\u016bs\u0113jo\u0161ais t\u0113rauds Kr\u0101sa: Melns Izklied\u0113t\u0101js: Nav Izcelsmes valsts: V\u0101cija Komplekt\u0101cija: V\u0101rpsta -1 gab. \u016adensp\u012bpes \u0161\u0137\u012bvis - 1 gab. Mutes uzgalis - 1 gab. Silikona \u0161\u013c\u016btene - 1 gab. Bl\u012bves - 2 [\u2026]<\/p>","protected":false},"featured_media":28018,"comment_status":"open","ping_status":"closed","template":"","meta":[],"_links":{"self":[{"href":"https:\/\/hookahshop.lt\/lv\/wp-json\/wp\/v2\/product\/13075"}],"collection":[{"href":"https:\/\/hookahshop.lt\/lv\/wp-json\/wp\/v2\/product"}],"about":[{"href":"https:\/\/hookahshop.lt\/lv\/wp-json\/wp\/v2\/types\/product"}],"replies":[{"embeddable":true,"href":"https:\/\/hookahshop.lt\/lv\/wp-json\/wp\/v2\/comments?post=13075"}],"version-history":[{"count":3,"href":"https:\/\/hookahshop.lt\/lv\/wp-json\/wp\/v2\/product\/13075\/revisions"}],"predecessor-version":[{"id":33519,"href":"https:\/\/hookahshop.lt\/lv\/wp-json\/wp\/v2\/product\/13075\/revisions\/33519"}],"wp:featuredmedia":[{"embeddable":true,"href":"https:\/\/hookahshop.lt\/lv\/wp-json\/wp\/v2\/media\/28018"}],"wp:attachment":[{"href":"https:\/\/hookahshop.lt\/lv\/wp-json\/wp\/v2\/media?parent=13075"}],"curies":[{"name":"wp","href":"https:\/\/api.w.org\/{rel}","templated":true}]}}