{"id":13087,"date":"2020-10-29T12:25:01","date_gmt":"2020-10-29T10:25:01","guid":{"rendered":"https:\/\/hookahshop.lt\/?post_type=product&#038;p=13087"},"modified":"2026-04-19T23:29:06","modified_gmt":"2026-04-19T20:29:06","slug":"kaljano-komplektas-kaya-elox-630-boro-pyramid","status":"publish","type":"product","link":"https:\/\/hookahshop.lt\/lv\/produkt\/udenspipe-komplekts-kaja-eloks-630-boropiramida\/","title":{"rendered":"\u016adensp\u012bpes komplekts KAYA Elox 630 Boro piram\u012bda"},"content":{"rendered":"<h2>\u016adensp\u012bpes komplekts KAYA Elox 630 Boro piram\u012bda<\/h2>\n<p>\u0160\u012b ir augstas kvalit\u0101tes \u016bdensp\u012bpes Kaya l\u012bnija ar jaunu piram\u012bdas formas v\u0101rpstu. V\u0101rpstai ir \u012bpa\u0161s stiprin\u0101jums &quot;Click&quot;, kas \u013cauj \u0101tri un uzticami piestiprin\u0101t v\u0101rpstu pie kolbas. Savienojums un \u0161\u013c\u016btenes savienojums tiek veikts saska\u0146\u0101 ar jauno CUT sist\u0113mu, kas \u013cauj savienot \u0161\u013c\u016btenes ar \u0101\u0137i, neizmantojot gumijas bl\u012bves.<\/p>\n<p>Specifik\u0101cijas:<br \/>\n\u016adensp\u012bpes augstums ar kolbu: apm\u0113ram 60 cm<br \/>\nMateri\u0101ls: hrom\u0113ts t\u0113rauds<br \/>\nSavienojuma veids: noklik\u0161\u0137iniet<br \/>\nKr\u0101sa melna<br \/>\nDifuzors: J\u0101<br \/>\nIzcelsmes valsts: V\u0101cija<\/p>\n<p>Apr\u012bkojums:<br \/>\nV\u0101rpsta -1 gab.<br \/>\n\u016adensp\u012bpes pl\u0101ksne - 1 gab.<br \/>\nIemutnis - 1 gab.<br \/>\nSilikona \u0161\u013c\u016btene - 1 gab.<br \/>\nBl\u012bves - 2 gab.<br \/>\nKolba - 1 gab.<br \/>\nKnaibles - 1 gab.<br \/>\nSiltuma kamera - 1 gab.<br \/>\nKauss - 1gab.<br \/>\nOgles 1kg - 1gab.<br \/>\nPl\u012bts - 1gab.<\/p>\n<p>Vai jums ir k\u0101di jaut\u0101jumi? Sazinies ar mums <a href=\"https:\/\/hookahshop.lt\/lv\/kontaktiem\/\">kontaktu lapa<\/a> vai rakstiet mums pa e-pastu <a href=\"https:\/\/facebook.com\/HookahShop.lt\/\" target=\"_blank\" rel=\"noopener noreferrer\">Facebook konts<\/a> un m\u0113s atbild\u0113sim uz j\u016bsu piepras\u012bjumu taj\u0101 pa\u0161\u0101 dien\u0101.<\/p>","protected":false},"excerpt":{"rendered":"<p>\u016adensp\u012bpes komplekts KAYA Elox 630 Boro Pyramid \u0160\u012b ir Kaya augstas kvalit\u0101tes \u016bdensp\u012bpes l\u012bnija ar jaunu piram\u012bdas formas k\u0101tu. V\u0101rpstai ir \u012bpa\u0161s &quot;Click&quot; stiprin\u0101jums, kas \u013cauj \u0101tri un dro\u0161i piestiprin\u0101t k\u0101tu pie kolbas. Savienot\u0101js un \u0161\u013c\u016btenes savienojums ir veidots p\u0113c jaun\u0101s &quot;CUT&quot; sist\u0113mas, kas \u013cauj piesl\u0113gt \u0161\u013c\u016btenes \u016bdensp\u012bpei, neizmantojot gumijas bl\u012bves. Specifik\u0101cijas: \u016adensp\u012bpes augstums ar kolbu: [\u2026]<\/p>","protected":false},"featured_media":28055,"comment_status":"open","ping_status":"closed","template":"","meta":[],"_links":{"self":[{"href":"https:\/\/hookahshop.lt\/lv\/wp-json\/wp\/v2\/product\/13087"}],"collection":[{"href":"https:\/\/hookahshop.lt\/lv\/wp-json\/wp\/v2\/product"}],"about":[{"href":"https:\/\/hookahshop.lt\/lv\/wp-json\/wp\/v2\/types\/product"}],"replies":[{"embeddable":true,"href":"https:\/\/hookahshop.lt\/lv\/wp-json\/wp\/v2\/comments?post=13087"}],"version-history":[{"count":4,"href":"https:\/\/hookahshop.lt\/lv\/wp-json\/wp\/v2\/product\/13087\/revisions"}],"predecessor-version":[{"id":28054,"href":"https:\/\/hookahshop.lt\/lv\/wp-json\/wp\/v2\/product\/13087\/revisions\/28054"}],"wp:featuredmedia":[{"embeddable":true,"href":"https:\/\/hookahshop.lt\/lv\/wp-json\/wp\/v2\/media\/28055"}],"wp:attachment":[{"href":"https:\/\/hookahshop.lt\/lv\/wp-json\/wp\/v2\/media?parent=13087"}],"curies":[{"name":"wp","href":"https:\/\/api.w.org\/{rel}","templated":true}]}}