{"id":13120,"date":"2020-10-29T12:56:55","date_gmt":"2020-10-29T10:56:55","guid":{"rendered":"https:\/\/hookahshop.lt\/?post_type=product&#038;p=13120"},"modified":"2026-04-20T23:29:03","modified_gmt":"2026-04-20T20:29:03","slug":"kaljano-komplektas-shadows-agera-black","status":"publish","type":"product","link":"https:\/\/hookahshop.lt\/lv\/produkt\/hookah-set-shadows-agera-black\/","title":{"rendered":"\u016adensp\u012bpes komplekts SHADOWS Agera Black"},"content":{"rendered":"<h2>\u016adensp\u012bpes komplekts SHADOWS Agera Black<\/h2>\n<p>Jauns produkts no ra\u017eot\u0101ja. Agera ir kvalitat\u012bva \u016bdensp\u012bpe, kas izgatavota tikai no ner\u016bs\u0113jo\u0161\u0101 t\u0113rauda. Ori\u0123inalit\u0101ti par\u0101da ornamenti pie pamatnes, ar dekorat\u012bvu pl\u0101ksni un stil\u012bgu met\u0101la gredzenu vid\u016b.<\/p>\n<p>Gofr\u0113t\u0101 pl\u0101ksne nov\u0113r\u0161 kokog\u013cu dz\u0113\u0161anu sm\u0113\u0137\u0113\u0161anas laik\u0101, vienlaikus saglab\u0101jot pareizu temperat\u016bru visa procesa laik\u0101.<br \/>\n\u016adensp\u012bpes \u0161\u013c\u016btenes savienojums un iztuk\u0161o\u0161anas v\u0101rsts ar magn\u0113tiem. \u0160\u012bs \u016bdensp\u012bpes magn\u0113ti ir \u013coti kvalitat\u012bvi, t\u0101p\u0113c nav j\u0101baid\u0101s no to funkcionalit\u0101tes.<br \/>\nKopum\u0101 tas ir lielisks \u016bdensp\u012bpe ar difuzoru, kas nodro\u0161ina vieglu sa\u0137eri<br \/>\n\u016adensp\u012bpes augstums: 51 cm.<br \/>\nRa\u017eot\u0101js: Krievija<\/p>\n<p><strong>Apr\u012bkojums:<\/strong><br \/>\nV\u0101rpsta -1 gab.<br \/>\n\u016adensp\u012bpes pl\u0101ksne ar z\u012bmola grav\u0113jumu - 1 gab.<br \/>\nIemutnis - 1 gab.<br \/>\nSilikona \u0161\u013c\u016btene - 1 gab.<br \/>\nBl\u012bves - 2 gab.<br \/>\nKolba (at\u0161\u0137iras no fotoatt\u0113l\u0101 redzam\u0101s) - 1 gab.<br \/>\nKnaibles - 1 gab.<br \/>\nSiltuma kamera - 1 gab.<br \/>\nKr\u016bz\u012bte (Var at\u0161\u0137irties no bild\u0113 redzam\u0101s) - 1 gab.<br \/>\nOgles 1kg - 1gab.<br \/>\nPl\u012bts - 1gab.<\/p>\n<p>Vai jums ir k\u0101di jaut\u0101jumi? Sazinies ar mums <a href=\"https:\/\/hookahshop.lt\/lv\/kontaktiem\/\">kontaktu lapa<\/a> vai rakstiet mums pa e-pastu <a href=\"https:\/\/facebook.com\/HookahShop.lt\/\" target=\"_blank\" rel=\"noopener noreferrer\">Facebook konts<\/a> un m\u0113s atbild\u0113sim uz j\u016bsu piepras\u012bjumu taj\u0101 pa\u0161\u0101 dien\u0101.<\/p>","protected":false},"excerpt":{"rendered":"<p>\u016adensp\u012bpes komplekts SHADOWS Agera Black Jauns ra\u017eot\u0101ja produkts. Agera ir kvalitat\u012bva \u016bdensp\u012bpe, kas izgatavota tikai no ner\u016bs\u0113jo\u0161\u0101 t\u0113rauda. Ori\u0123inalit\u0101ti par\u0101da ornamenti pie pamatnes, ar dekorat\u012bvu pl\u0101ksni un stil\u012bgu met\u0101la gredzenu vid\u016b. Gofr\u0113t\u0101 pl\u0101ksne ne\u013cauj ogl\u0113m iziet k\u016bpin\u0101\u0161anas laik\u0101, saglab\u0101jot pareizo temperat\u016bru visa procesa laik\u0101. \u016adensp\u012bpes \u0161\u013c\u016btenes savienot\u0101js un iztuk\u0161o\u0161anas v\u0101rsts ar magn\u0113tiem. [\u2026]<\/p>","protected":false},"featured_media":28051,"comment_status":"open","ping_status":"closed","template":"","meta":[],"_links":{"self":[{"href":"https:\/\/hookahshop.lt\/lv\/wp-json\/wp\/v2\/product\/13120"}],"collection":[{"href":"https:\/\/hookahshop.lt\/lv\/wp-json\/wp\/v2\/product"}],"about":[{"href":"https:\/\/hookahshop.lt\/lv\/wp-json\/wp\/v2\/types\/product"}],"replies":[{"embeddable":true,"href":"https:\/\/hookahshop.lt\/lv\/wp-json\/wp\/v2\/comments?post=13120"}],"version-history":[{"count":5,"href":"https:\/\/hookahshop.lt\/lv\/wp-json\/wp\/v2\/product\/13120\/revisions"}],"predecessor-version":[{"id":32392,"href":"https:\/\/hookahshop.lt\/lv\/wp-json\/wp\/v2\/product\/13120\/revisions\/32392"}],"wp:featuredmedia":[{"embeddable":true,"href":"https:\/\/hookahshop.lt\/lv\/wp-json\/wp\/v2\/media\/28051"}],"wp:attachment":[{"href":"https:\/\/hookahshop.lt\/lv\/wp-json\/wp\/v2\/media?parent=13120"}],"curies":[{"name":"wp","href":"https:\/\/api.w.org\/{rel}","templated":true}]}}