{"id":13143,"date":"2020-10-29T14:23:56","date_gmt":"2020-10-29T12:23:56","guid":{"rendered":"https:\/\/hookahshop.lt\/?post_type=product&#038;p=13143"},"modified":"2026-04-18T23:29:10","modified_gmt":"2026-04-18T20:29:10","slug":"zarna-silikonine-al-mani-black","status":"publish","type":"product","link":"https:\/\/hookahshop.lt\/lv\/produkt\/slutene-silikona-al-mani-melna\/","title":{"rendered":"Silikona \u0161\u013c\u016btene AL-MANI Melna"},"content":{"rendered":"<h2>Silikona \u0161\u013c\u016btene AL-MANI Melna<\/h2>\n<p>Izgatavots no medic\u012bnisk\u0101 silikona ar antistatisku p\u0101rkl\u0101jumu &quot;Soft-Touch&quot; un tam nav sve\u0161as smakas. Pateicoties \u0161\u012bm \u012bpa\u0161\u012bb\u0101m, \u0161\u013c\u016btene paliek elast\u012bga.<br \/>\nSpecifik\u0101cijas:<br \/>\nGarums: 1,50 m<br \/>\n\u0100r\u0113jais diametrs: 18 mm<br \/>\n\u0160\u013c\u016btenes iek\u0161\u0113jais diametrs: 11 mm<br \/>\nP\u0101rkl\u0101jums: m\u012bksts, m\u012bksts piesk\u0101riens<br \/>\nSvars: apm\u0113ram 200 g.<\/p>\n<p>Vai jums ir k\u0101di jaut\u0101jumi? Sazinies ar mums <a href=\"https:\/\/hookahshop.lt\/lv\/kontaktiem\/\">kontaktu lapa<\/a> vai rakstiet mums pa e-pastu <a href=\"https:\/\/facebook.com\/HookahShop.lt\/\" target=\"_blank\" rel=\"noopener noreferrer\">Facebook konts<\/a> un m\u0113s atbild\u0113sim uz j\u016bsu piepras\u012bjumu taj\u0101 pa\u0161\u0101 dien\u0101.<\/p>","protected":false},"excerpt":{"rendered":"<p>\u0160\u013c\u016btenes silikons AL-MANI Black Izgatavots no medic\u012bnisk\u0101 silikona ar antistatisku p\u0101rkl\u0101jumu &quot;Soft-Touch&quot; un tam nav sve\u0161as smakas. \u0160\u012bs \u012bpa\u0161\u012bbas nodro\u0161ina \u0161\u013c\u016btenes elast\u012bbu. Specifik\u0101cijas: Garums: 1,50 m \u0100r\u0113jais diametrs: 18 mm \u0160\u013c\u016btenes iek\u0161\u0113jais diametrs: 11 mm P\u0101rkl\u0101jums: m\u012bksts, m\u012bksts piesk\u0101riens Svars: aptuveni 200 g. Vai jums ir k\u0101di jaut\u0101jumi? Sazinieties ar mums kontaktu lap\u0101 vai rakstiet mums Facebook [...]<\/p>","protected":false},"featured_media":13144,"comment_status":"open","ping_status":"closed","template":"","meta":[],"_links":{"self":[{"href":"https:\/\/hookahshop.lt\/lv\/wp-json\/wp\/v2\/product\/13143"}],"collection":[{"href":"https:\/\/hookahshop.lt\/lv\/wp-json\/wp\/v2\/product"}],"about":[{"href":"https:\/\/hookahshop.lt\/lv\/wp-json\/wp\/v2\/types\/product"}],"replies":[{"embeddable":true,"href":"https:\/\/hookahshop.lt\/lv\/wp-json\/wp\/v2\/comments?post=13143"}],"version-history":[{"count":4,"href":"https:\/\/hookahshop.lt\/lv\/wp-json\/wp\/v2\/product\/13143\/revisions"}],"predecessor-version":[{"id":29442,"href":"https:\/\/hookahshop.lt\/lv\/wp-json\/wp\/v2\/product\/13143\/revisions\/29442"}],"wp:featuredmedia":[{"embeddable":true,"href":"https:\/\/hookahshop.lt\/lv\/wp-json\/wp\/v2\/media\/13144"}],"wp:attachment":[{"href":"https:\/\/hookahshop.lt\/lv\/wp-json\/wp\/v2\/media?parent=13143"}],"curies":[{"name":"wp","href":"https:\/\/api.w.org\/{rel}","templated":true}]}}