{"id":13483,"date":"2020-11-02T15:04:06","date_gmt":"2020-11-02T13:04:06","guid":{"rendered":"https:\/\/hookahshop.lt\/?post_type=product&#038;p=13483"},"modified":"2026-04-17T23:29:41","modified_gmt":"2026-04-17T20:29:41","slug":"valymo-iranga-kaljanui","status":"publish","type":"product","link":"https:\/\/hookahshop.lt\/lv\/produkt\/tirisanas-aprikojums-udenspipei\/","title":{"rendered":"\u016adensp\u012bpes t\u012br\u012b\u0161anas apr\u012bkojums"},"content":{"rendered":"<h2>\u016adensp\u012bpes t\u012br\u012b\u0161anas apr\u012bkojums:<\/h2>\n<p>Mazg\u0101t \u0161\u013c\u016btenes, v\u0101rpstas, kr\u016bzes. Dezinfic\u0113 un no\u0146em nevajadz\u012bgas smakas, neaizst\u0101jams pal\u012bgs j\u016bsu \u016bdensp\u012bpei un t\u0101s piederumiem. Darb\u012bbas princips, tvaic\u0113ts \u016bdens ir 100 gr\u0101du temperat\u016br\u0101, t\u0101p\u0113c tiek izn\u012bcin\u0101tas visas bakt\u0113rijas un mikrobi.<\/p>\n<p>SPECIFIK\u0100CIJAS:<br \/>\nV\u00e4rv: valge<br \/>\nJauda: 1100 W<br \/>\nGarums: 255 mm<br \/>\nPlatums: 140 mm<br \/>\nAugstums: 235 mm<br \/>\nSvars: 2 kg<br \/>\nBaro\u0161anas avots: T\u012bkla<\/p>\n<p>\u0160is t\u012br\u012b\u0161anas apr\u012bkojums nav piem\u0113rots j\u016bsu \u016bdensp\u012bpei? Apskatiet p\u0101r\u0113jos <a href=\"https:\/\/hookahshop.lt\/lv\/produkta-kategorija\/aksesuarai-kaljanui\/valymo-priemones-kaljanui\/\" data-schema-attribute=\"\">t\u012br\u012b\u0161anas iek\u0101rtas<\/a> preces!<\/p>\n<p>Vai jums ir k\u0101di jaut\u0101jumi? Sazinies ar mums <a href=\"https:\/\/hookahshop.lt\/lv\/kontaktiem\/\">kontaktu lapa<\/a> vai rakstiet mums pa e-pastu <a href=\"https:\/\/facebook.com\/HookahShop.lt\/\" target=\"_blank\" rel=\"noopener noreferrer\">Facebook konts<\/a> un m\u0113s atbild\u0113sim uz j\u016bsu piepras\u012bjumu taj\u0101 pa\u0161\u0101 dien\u0101.<\/p>","protected":false},"excerpt":{"rendered":"<p>T\u012br\u012b\u0161anas apr\u012bkojums \u016bdensp\u012bpei ir paredz\u0113ts: \u0161\u013c\u016bte\u0146u, \u0161ahtu, kr\u016bz\u012b\u0161u mazg\u0101\u0161anai. Dezinfic\u0113 un no\u0146em nevajadz\u012bgas smakas, neaizst\u0101jams pal\u012bgs j\u016bsu \u016bdensp\u012bpei un t\u0101s piederumiem. Darb\u012bbas princips, tvaic\u0113ts \u016bdens ir 100 gr\u0101du temperat\u016br\u0101, t\u0101p\u0113c tiek izn\u012bcin\u0101tas visas bakt\u0113rijas un mikrobi. SPECIFIK\u0100CIJAS: Kr\u0101sa: Balta Jauda: 1100 W Garums: 255 mm Platums: 140 mm Augstums: 235 mm Svars: 2 kg Baro\u0161anas avots: Elektriskais [\u2026]<\/p>","protected":false},"featured_media":13490,"comment_status":"open","ping_status":"closed","template":"","meta":[],"_links":{"self":[{"href":"https:\/\/hookahshop.lt\/lv\/wp-json\/wp\/v2\/product\/13483"}],"collection":[{"href":"https:\/\/hookahshop.lt\/lv\/wp-json\/wp\/v2\/product"}],"about":[{"href":"https:\/\/hookahshop.lt\/lv\/wp-json\/wp\/v2\/types\/product"}],"replies":[{"embeddable":true,"href":"https:\/\/hookahshop.lt\/lv\/wp-json\/wp\/v2\/comments?post=13483"}],"version-history":[{"count":2,"href":"https:\/\/hookahshop.lt\/lv\/wp-json\/wp\/v2\/product\/13483\/revisions"}],"predecessor-version":[{"id":29582,"href":"https:\/\/hookahshop.lt\/lv\/wp-json\/wp\/v2\/product\/13483\/revisions\/29582"}],"wp:featuredmedia":[{"embeddable":true,"href":"https:\/\/hookahshop.lt\/lv\/wp-json\/wp\/v2\/media\/13490"}],"wp:attachment":[{"href":"https:\/\/hookahshop.lt\/lv\/wp-json\/wp\/v2\/media?parent=13483"}],"curies":[{"name":"wp","href":"https:\/\/api.w.org\/{rel}","templated":true}]}}