{"id":1351,"date":"2020-03-26T13:17:46","date_gmt":"2020-03-26T11:17:46","guid":{"rendered":"http:\/\/hookahshop.lt\/?post_type=product&#038;p=1351"},"modified":"2026-04-26T23:28:54","modified_gmt":"2026-04-26T20:28:54","slug":"anglys-kaljanui-one-nation-26mm-1kg","status":"publish","type":"product","link":"https:\/\/hookahshop.lt\/lv\/produkt\/naturalios-udenspipe-ogles-viena-tauta-26mm\/","title":{"rendered":"Ogles \u016bdensp\u012bpei ONE NATION 26mm 1kg"},"content":{"rendered":"<h2>Ogles \u016bdensp\u012bpei ONE NATION 26mm 1kg<\/h2>\n<p>Izgatavots tikai no 100% kokosriekstu \u010daumal\u0101m, tas ir dab\u012bgs produkts. Sadedzinot ilg\u0101k un intens\u012bv\u0101k, rodas maz\u0101k pelnu nek\u0101 izmantojot parasto kokosriekstu kokogli.<br \/>\nViena oglek\u013ca izm\u0113ri: 26x26x26mm<br \/>\nKast\u012bte satur 64 ogles.<br \/>\nNesatur \u0137\u012bmiskas piedevas.<br \/>\nSm\u0113\u0137\u0113jot, smar\u017ea vai gar\u0161a nemain\u0101s.<br \/>\nLai dedzin\u0101tu ogles, ir nepiecie\u0161ama elektrisk\u0101 pl\u012bts \u016bdensp\u012bpe, t\u016bristu g\u0101zes pl\u012bts vai taml\u012bdz\u012bgi.<br \/>\nIzcelsmes valsts: Indon\u0113zija<\/p>\n<p>Vai jums ir k\u0101di jaut\u0101jumi? Sazinies ar mums\u00a0<a href=\"https:\/\/hookahshop.lt\/lv\/kontaktiem\/\">kontaktu lapa<\/a>\u00a0vai rakstiet mums pa e-pastu\u00a0<a href=\"https:\/\/facebook.com\/HookahShop.lt\/\" target=\"_blank\" rel=\"noopener noreferrer\">Facebook konts<\/a>\u00a0un m\u0113s atbild\u0113sim uz j\u016bsu piepras\u012bjumu taj\u0101 pa\u0161\u0101 dien\u0101.<\/p>\n<p>&nbsp;<\/p>","protected":false},"excerpt":{"rendered":"<p>Kast\u012bte satur 64 ogles<\/p>\n<p>Viena oglek\u013ca izm\u0113ri: 26x26x26mm<\/p>\n<p>&nbsp;<\/p>","protected":false},"featured_media":21288,"comment_status":"open","ping_status":"closed","template":"","meta":[],"_links":{"self":[{"href":"https:\/\/hookahshop.lt\/lv\/wp-json\/wp\/v2\/product\/1351"}],"collection":[{"href":"https:\/\/hookahshop.lt\/lv\/wp-json\/wp\/v2\/product"}],"about":[{"href":"https:\/\/hookahshop.lt\/lv\/wp-json\/wp\/v2\/types\/product"}],"replies":[{"embeddable":true,"href":"https:\/\/hookahshop.lt\/lv\/wp-json\/wp\/v2\/comments?post=1351"}],"version-history":[{"count":11,"href":"https:\/\/hookahshop.lt\/lv\/wp-json\/wp\/v2\/product\/1351\/revisions"}],"predecessor-version":[{"id":20453,"href":"https:\/\/hookahshop.lt\/lv\/wp-json\/wp\/v2\/product\/1351\/revisions\/20453"}],"wp:featuredmedia":[{"embeddable":true,"href":"https:\/\/hookahshop.lt\/lv\/wp-json\/wp\/v2\/media\/21288"}],"wp:attachment":[{"href":"https:\/\/hookahshop.lt\/lv\/wp-json\/wp\/v2\/media?parent=1351"}],"curies":[{"name":"wp","href":"https:\/\/api.w.org\/{rel}","templated":true}]}}