{"id":13519,"date":"2020-11-02T22:15:39","date_gmt":"2020-11-02T20:15:39","guid":{"rendered":"https:\/\/hookahshop.lt\/?post_type=product&#038;p=13519"},"modified":"2026-04-17T23:29:38","modified_gmt":"2026-04-17T20:29:38","slug":"taurele-kaljanui-oblako-phunnel-l-glazed-flower-power","status":"publish","type":"product","link":"https:\/\/hookahshop.lt\/lv\/produkt\/kauss-udenspipe-makonis-piltuve-l-glazets-ziedu-speks\/","title":{"rendered":"\u016adensp\u012bpes kauss OBLAKO Phunnel L Glazed Flower Power"},"content":{"rendered":"<h2>\u016adensp\u012bpes kauss OBLAKO Phunnel L Glazed Flower Power<\/h2>\n<p>King Size kr\u016bz\u012bte, kas piem\u0113rota sm\u0113\u0137\u0113\u0161anai divu vai vair\u0101ku cilv\u0113ku komp\u0101nij\u0101, savas ietilp\u012bbas d\u0113\u013c pagarina k\u016bpin\u0101\u0161anas laiku!<\/p>\n<p>Kr\u016bz\u012bte ir p\u0101rkl\u0101ta ar glaz\u016bru, pateicoties kurai t\u0101 var ilgsto\u0161i saglab\u0101t savas s\u0101kotn\u0113j\u0101s \u012bpa\u0161\u012bbas un izskatu. OBLAKO izmanto tikai cilv\u0113kiem draudz\u012bgu p\u0101rtikas glaz\u016bru, ko izstr\u0101d\u0101ju\u0161i partneri specializ\u0113t\u0101s laboratorij\u0101s, kas atrodas G\u017ee\u013cskoje, vien\u0101 no tradicion\u0101lajiem keramikas ra\u017eo\u0161anas centriem Krievij\u0101.<\/p>\n<p>Tabakas tas\u0113 ir 25-30 grami.<\/p>\n<p>Specifik\u0101cijas:<br \/>\nAugstums: 117 mm<br \/>\nDiametrs (\u0101r\u0113jais): 77 mm<br \/>\nDiametrs (iek\u0161\u0113jais): 70 mm<br \/>\nDzi\u013cums: 13mm<br \/>\nCauruma diametrs: 18 mm<br \/>\nUrbumu skaits: 1<br \/>\nSvars: apm\u0113ram 180 grami<\/p>\n<p>Vai jums ir k\u0101di jaut\u0101jumi? Sazinies ar mums <a href=\"https:\/\/hookahshop.lt\/lv\/kontaktiem\/\">kontaktu lapa<\/a> vai rakstiet mums pa e-pastu <a href=\"https:\/\/facebook.com\/HookahShop.lt\/\" target=\"_blank\" rel=\"noopener noreferrer\">Facebook konts<\/a> un m\u0113s atbild\u0113sim uz j\u016bsu piepras\u012bjumu taj\u0101 pa\u0161\u0101 dien\u0101.<\/p>","protected":false},"excerpt":{"rendered":"<p>\u016adensp\u012bpes kr\u016bze OBLAKO Phunnel L Glazed Flower Power &quot;King Size&quot; kr\u016bze, kas piem\u0113rota sm\u0113\u0137\u0113\u0161anai divu vai vair\u0101ku cilv\u0113ku komp\u0101nij\u0101, savas ietilp\u012bbas d\u0113\u013c pagarina k\u016bpin\u0101\u0161anas laiku! Kr\u016bz\u012bte ir p\u0101rkl\u0101ta ar glaz\u016bru, pateicoties kurai t\u0101 var ilgsto\u0161i saglab\u0101t savas s\u0101kotn\u0113j\u0101s \u012bpa\u0161\u012bbas un izskatu. OBLAKO izmanto tikai cilv\u0113kiem dro\u0161u \u0113damo glaz\u016bru, ko izstr\u0101d\u0101ju\u0161i partneri specializ\u0113t\u0101s laboratorij\u0101s, kas atrodas vien\u0101 no tradicion\u0101laj\u0101m Krievijas [\u2026]<\/p>","protected":false},"featured_media":13520,"comment_status":"open","ping_status":"closed","template":"","meta":[],"_links":{"self":[{"href":"https:\/\/hookahshop.lt\/lv\/wp-json\/wp\/v2\/product\/13519"}],"collection":[{"href":"https:\/\/hookahshop.lt\/lv\/wp-json\/wp\/v2\/product"}],"about":[{"href":"https:\/\/hookahshop.lt\/lv\/wp-json\/wp\/v2\/types\/product"}],"replies":[{"embeddable":true,"href":"https:\/\/hookahshop.lt\/lv\/wp-json\/wp\/v2\/comments?post=13519"}],"version-history":[{"count":4,"href":"https:\/\/hookahshop.lt\/lv\/wp-json\/wp\/v2\/product\/13519\/revisions"}],"predecessor-version":[{"id":29547,"href":"https:\/\/hookahshop.lt\/lv\/wp-json\/wp\/v2\/product\/13519\/revisions\/29547"}],"wp:featuredmedia":[{"embeddable":true,"href":"https:\/\/hookahshop.lt\/lv\/wp-json\/wp\/v2\/media\/13520"}],"wp:attachment":[{"href":"https:\/\/hookahshop.lt\/lv\/wp-json\/wp\/v2\/media?parent=13519"}],"curies":[{"name":"wp","href":"https:\/\/api.w.org\/{rel}","templated":true}]}}