{"id":13527,"date":"2020-11-02T22:34:15","date_gmt":"2020-11-02T20:34:15","guid":{"rendered":"https:\/\/hookahshop.lt\/?post_type=product&#038;p=13527"},"modified":"2026-04-15T23:29:08","modified_gmt":"2026-04-15T20:29:08","slug":"sepetelis-kaljano-sachtai-arma-black","status":"publish","type":"product","link":"https:\/\/hookahshop.lt\/lv\/produkt\/sepetel-udenspipe-sledzenes-arma-melns\/","title":{"rendered":"Birst\u012bte \u016bdensp\u012bpes v\u0101rpstai ARMA Black"},"content":{"rendered":"<h2>Birst\u012bte \u016bdensp\u012bpes v\u0101rpstai ARMA Black<\/h2>\n<p>Birst\u012bte paredz\u0113ta \u016bdensp\u012bpes k\u0101ta t\u012br\u012b\u0161anai, to ieteicams lietot kop\u0101 ar t\u012br\u012b\u0161anas l\u012bdzek\u013ciem. Izstiepjas un pal\u012bdz not\u012br\u012bt visus net\u012brumus.<br \/>\nOtas garums: 68 cm<br \/>\nSaru garums: 30 cm<br \/>\nRoktura garums: 11 cm<\/p>\n<p>K\u0101p\u0113c ir svar\u012bgi t\u012br\u012bt \u016bdensp\u012bpes k\u0101tu?<br \/>\nIzmantojot \u016bdensp\u012bpi, kait\u012bg\u0101s vielas d\u016bmos nos\u0113\u017eas uz \u0161ahtas sien\u0101m. Nikot\u012bns, og\u013cu deg\u0161anas produkti, tabakas atlieku arom\u0101ts, kas izmantots iepriek\u0161\u0113j\u0101s sm\u0113\u0137\u0113\u0161anas sesij\u0101s un t\u0101 t\u0101l\u0101k. Kait\u012bgas vielas nav labv\u0113l\u012bgas j\u016bsu vesel\u012bbai. Un sve\u0161i arom\u0101ti ne\u013caus piln\u012bb\u0101 izbaud\u012bt \u016bdensp\u012bpi. T\u0101p\u0113c ir svar\u012bgi katru reizi t\u012br\u012bt \u016bdensp\u012bpes k\u0101tu.<br \/>\nIde\u0101l\u0101 gad\u012bjum\u0101 not\u012briet \u016bdensp\u012bpes k\u0101tu \u2013 p\u0113c katras \u016bdensp\u012bpes lieto\u0161anas reizes.<\/p>\n<p>Vai jums ir k\u0101di jaut\u0101jumi? Sazinies ar mums <a href=\"https:\/\/hookahshop.lt\/lv\/kontaktiem\/\">kontaktu lapa<\/a> vai rakstiet mums pa e-pastu <a href=\"https:\/\/facebook.com\/HookahShop.lt\/\" target=\"_blank\" rel=\"noopener noreferrer\">Facebook konts<\/a> un m\u0113s atbild\u0113sim uz j\u016bsu piepras\u012bjumu taj\u0101 pa\u0161\u0101 dien\u0101.<\/p>","protected":false},"excerpt":{"rendered":"<p>\u016adensp\u012bpes k\u0101ta birste ARMA Black Birste paredz\u0113ta \u016bdensp\u012bpes k\u0101ta t\u012br\u012b\u0161anai, ieteicams to lietot kop\u0101 ar t\u012br\u012b\u0161anas l\u012bdzek\u013ciem. Sasniedz un pal\u012bdz not\u012br\u012bt visus net\u012brumus. Birstes garums: 68 cm Saru garums: 30 cm Roktura garums: 11 cm K\u0101p\u0113c ir svar\u012bgi t\u012br\u012bt \u016bdensp\u012bpes k\u0101tu? Lietojot \u016bdensp\u012bpi, d\u016bmos eso\u0161\u0101s kait\u012bg\u0101s vielas nos\u0113\u017eas uz k\u0101ta sien\u0101m. Nikot\u012bns, og\u013cu sadeg\u0161anas produkti, tabakas atlikumu arom\u0101ts, kas bija [\u2026]<\/p>","protected":false},"featured_media":13529,"comment_status":"open","ping_status":"closed","template":"","meta":[],"_links":{"self":[{"href":"https:\/\/hookahshop.lt\/lv\/wp-json\/wp\/v2\/product\/13527"}],"collection":[{"href":"https:\/\/hookahshop.lt\/lv\/wp-json\/wp\/v2\/product"}],"about":[{"href":"https:\/\/hookahshop.lt\/lv\/wp-json\/wp\/v2\/types\/product"}],"replies":[{"embeddable":true,"href":"https:\/\/hookahshop.lt\/lv\/wp-json\/wp\/v2\/comments?post=13527"}],"version-history":[{"count":4,"href":"https:\/\/hookahshop.lt\/lv\/wp-json\/wp\/v2\/product\/13527\/revisions"}],"predecessor-version":[{"id":30695,"href":"https:\/\/hookahshop.lt\/lv\/wp-json\/wp\/v2\/product\/13527\/revisions\/30695"}],"wp:featuredmedia":[{"embeddable":true,"href":"https:\/\/hookahshop.lt\/lv\/wp-json\/wp\/v2\/media\/13529"}],"wp:attachment":[{"href":"https:\/\/hookahshop.lt\/lv\/wp-json\/wp\/v2\/media?parent=13527"}],"curies":[{"name":"wp","href":"https:\/\/api.w.org\/{rel}","templated":true}]}}