{"id":13581,"date":"2020-11-03T23:41:45","date_gmt":"2020-11-03T21:41:45","guid":{"rendered":"https:\/\/hookahshop.lt\/?post_type=product&#038;p=13581"},"modified":"2026-04-14T23:29:18","modified_gmt":"2026-04-14T20:29:18","slug":"taurele-kaljanui-oblako-phunnel-l-glazed-green","status":"publish","type":"product","link":"https:\/\/hookahshop.lt\/lv\/produkt\/kauss-udenspipe-makonis-piltuve-l-glazets-zals\/","title":{"rendered":"\u016adensp\u012bpes kauss OBLAKO Phunnel L Glazed Green"},"content":{"rendered":"<h2>\u016adensp\u012bpes kauss OBLAKO Phunnel L Glazed Green<\/h2>\n<p>\u016adensp\u012bpes stikls &quot;Oblako Phunnel L&quot; (GLAZED GREEN) ir glaz\u0113ts, paredz\u0113ts ikdienas sm\u0113\u0137\u0113\u0161anai, ide\u0101li piem\u0113rots vieglai un smagai tabakai!<\/p>\n<p>Kr\u016bze ir p\u0101rkl\u0101ta ar glaz\u016bru, pateicoties kurai t\u0101 ilgu laiku var saglab\u0101t s\u0101kotn\u0113j\u0101s \u012bpa\u0161\u012bbas un izskatu. OBLAKO izmanto tikai cilv\u0113kiem draudz\u012bgu p\u0101rtikas glaz\u016bru, ko partneri izstr\u0101d\u0101ju\u0161i specializ\u0113t\u0101s laboratorij\u0101s, kas atrodas G\u017eelskoje, vien\u0101 no tradicion\u0101lajiem keramikas ra\u017eo\u0161anas centriem Krievij\u0101.<\/p>\n<p>Tabakas tas\u0113 ir 20 l\u012bdz 23 grami.<\/p>\n<p>Specifik\u0101cijas:<br \/>\nAugstums: 118 mm<br \/>\nDiametrs (\u0101r\u0113jais): 74 mm<br \/>\nDiametrs (iek\u0161\u0113jais): 68 mm<br \/>\nDzi\u013cums: 12 mm<br \/>\nUrbuma diametrs: 12 mm<br \/>\nUrbumu skaits: 1<br \/>\nSvars: apm\u0113ram 182 g.<\/p>\n<p>Vai jums ir k\u0101di jaut\u0101jumi? Sazinies ar mums <a href=\"https:\/\/hookahshop.lt\/lv\/kontaktiem\/\">kontaktu lapa<\/a> vai rakstiet mums pa e-pastu <a href=\"https:\/\/facebook.com\/HookahShop.lt\/\" target=\"_blank\" rel=\"noopener noreferrer\">Facebook konts<\/a> un m\u0113s atbild\u0113sim uz j\u016bsu piepras\u012bjumu taj\u0101 pa\u0161\u0101 dien\u0101.<\/p>","protected":false},"excerpt":{"rendered":"<p>\u016adensp\u012bpes b\u013coda OBLAKO Phunnel L Glazed Green \u016adensp\u012bpes b\u013coda &quot;Oblako Phunnel L&quot; (GLAZED GREEN) ir glaz\u0113ta ikdienas sm\u0113\u0137\u0113\u0161anai, lieliski piem\u0113rota vieglai un smagai tabakai! Kr\u016bz\u012bte ir p\u0101rkl\u0101ta ar glaz\u016bru, pateicoties kurai t\u0101 var ilgsto\u0161i saglab\u0101t savas s\u0101kotn\u0113j\u0101s \u012bpa\u0161\u012bbas un izskatu. OBLAKO izmanto tikai cilv\u0113kiem dro\u0161u \u0113damo glaz\u016bru, ko izstr\u0101d\u0101ju\u0161i partneri specializ\u0113t\u0101s laboratorij\u0101s, kas atrodas vien\u0101 no [\u2026]<\/p>","protected":false},"featured_media":13582,"comment_status":"open","ping_status":"closed","template":"","meta":[],"_links":{"self":[{"href":"https:\/\/hookahshop.lt\/lv\/wp-json\/wp\/v2\/product\/13581"}],"collection":[{"href":"https:\/\/hookahshop.lt\/lv\/wp-json\/wp\/v2\/product"}],"about":[{"href":"https:\/\/hookahshop.lt\/lv\/wp-json\/wp\/v2\/types\/product"}],"replies":[{"embeddable":true,"href":"https:\/\/hookahshop.lt\/lv\/wp-json\/wp\/v2\/comments?post=13581"}],"version-history":[{"count":4,"href":"https:\/\/hookahshop.lt\/lv\/wp-json\/wp\/v2\/product\/13581\/revisions"}],"predecessor-version":[{"id":29852,"href":"https:\/\/hookahshop.lt\/lv\/wp-json\/wp\/v2\/product\/13581\/revisions\/29852"}],"wp:featuredmedia":[{"embeddable":true,"href":"https:\/\/hookahshop.lt\/lv\/wp-json\/wp\/v2\/media\/13582"}],"wp:attachment":[{"href":"https:\/\/hookahshop.lt\/lv\/wp-json\/wp\/v2\/media?parent=13581"}],"curies":[{"name":"wp","href":"https:\/\/api.w.org\/{rel}","templated":true}]}}