{"id":1360,"date":"2020-03-26T14:00:46","date_gmt":"2020-03-26T12:00:46","guid":{"rendered":"http:\/\/hookahshop.lt\/?post_type=product&#038;p=1360"},"modified":"2026-04-05T23:29:20","modified_gmt":"2026-04-05T20:29:20","slug":"valymo-priemone-kaljanui-schmand-weg","status":"publish","type":"product","link":"https:\/\/hookahshop.lt\/lv\/produkt\/tiritajs-par-udenspipe-schmand-weg\/","title":{"rendered":"\u016adensp\u012bpes t\u012br\u012bt\u0101js SCHMAND WEG 150g"},"content":{"rendered":"<h2>\u016adensp\u012bpes t\u012br\u012bt\u0101js SCHMAND WEG 150g<\/h2>\n<p>Antibakteri\u0101ls \u016bdensp\u012bpes kop\u0161anas l\u012bdzeklis atvieglos nepiecie\u0161amo \u016bdensp\u012bpes kop\u0161anu un nodro\u0161in\u0101s ier\u012bces labu st\u0101vokli ilg\u0101k\u0101 laika period\u0101. Bie\u017ei mazg\u0101t\u0101 \u016bdensp\u012bpe un t\u0101 piederumu kalpo\u0161anas laiks ir pagarin\u0101ts. Regul\u0101ra \u016bdensp\u012bpes un t\u0101 piederumu mazg\u0101\u0161ana pal\u012bdz\u0113s nov\u0113rst izskata, r\u016bsas, nepat\u012bkamas smakas izmai\u0146as.<\/p>\n<p>Lieto\u0161ana: mazg\u0101\u0161anas l\u012bdzeklis 2 t\u0113jkarotes (8g.) Iz\u0161\u0137\u012bdina silt\u0101 (ne karst\u0101) \u016bden\u012b 1l. Pievienojiet mais\u012bjumu mazg\u0101jamajai da\u013cai un vajadz\u012bbas gad\u012bjum\u0101 pagaidiet apm\u0113ram 5 min\u016btes vai ilg\u0101k. P\u0113c tam vair\u0101kas reizes labi noskalojiet ar \u016bdeni. Ar otu noberziet stipri net\u012bras vietas.<\/p>\n<p>Izraisa nopietnu acu kairin\u0101jumu. Sarg\u0101t no b\u0113rniem. SASKAR\u0112 AC\u012aS: uzman\u012bgi skalot ar \u016bdeni vair\u0101kas min\u016btes. Ja iesp\u0113jams, iz\u0146emiet kontaktl\u0113cas. Turpiniet mazg\u0101\u0161anu. Ja acu kairin\u0101jums nep\u0101riet: mekl\u0113t medic\u012bnisko pal\u012bdz\u012bbu. Sagatavojiet \u0161o iepakojumu vai eti\u0137eti. \u012apa\u0161\u012bbas: No\u0146em net\u012brumus no \u016bdensiztur\u012bg\u0101m virsm\u0101m. Ar labu attauko\u0161anas un higi\u0113nas efektu. Likvid\u0113 nepat\u012bkam\u0101s smakas. Lieto\u0161ana: Liel\u0101ka net\u012brumu daudzuma gad\u012bjum\u0101 pievienojiet trauk\u0101 2g. pulveri un piepildiet ar siltu \u016bdeni. \u013baujiet produktam k\u0101du laiku iedarboties un vair\u0101kas reizes noskalojiet ar aukstu \u016bdeni. Ja uz stikla ir vair\u0101k net\u012brumu, izmantojiet t\u012br\u012b\u0161anas suku. Sast\u0101vs: (saska\u0146\u0101 ar EG ieteikumu): 5-15 % ne\u016bdens virsmakt\u012bv\u0101s vielas, maz\u0101k nek\u0101 5 % anjonu virsmakt\u012bv\u0101s vielas. Citas sast\u0101vda\u013cas: silik\u0101ti, fosf\u0101ti, smar\u017evielas un \u016bdens ciet\u012bbas komplekss Stabiliz\u0101cija. UBA\u00a04285\u00a00001<\/p>\n<p><strong>Iepakojuma ietilp\u012bba: 140 g<\/strong><\/p>\n<p>Vai jums ir k\u0101di jaut\u0101jumi? Sazinies ar mums\u00a0<a href=\"https:\/\/hookahshop.lt\/lv\/kontaktiem\/\">kontaktu lapa<\/a>\u00a0vai rakstiet mums pa e-pastu\u00a0<a href=\"https:\/\/facebook.com\/HookahShop.lt\/\" target=\"_blank\" rel=\"noopener noreferrer\">Facebook konts<\/a>\u00a0un m\u0113s atbild\u0113sim uz j\u016bsu piepras\u012bjumu taj\u0101 pa\u0161\u0101 dien\u0101.<\/p>\n<p>&nbsp;<\/p>","protected":false},"excerpt":{"rendered":"<p>\u016adensp\u012bpes t\u012br\u012b\u0161anas l\u012bdzek\u013ci - Schmand WEG ir paredz\u0113ti da\u017e\u0101du virsmu t\u012br\u012b\u0161anai un uzkr\u0101to smaku no\u0146em\u0161anai.<\/p>","protected":false},"featured_media":42907,"comment_status":"open","ping_status":"closed","template":"","meta":[],"_links":{"self":[{"href":"https:\/\/hookahshop.lt\/lv\/wp-json\/wp\/v2\/product\/1360"}],"collection":[{"href":"https:\/\/hookahshop.lt\/lv\/wp-json\/wp\/v2\/product"}],"about":[{"href":"https:\/\/hookahshop.lt\/lv\/wp-json\/wp\/v2\/types\/product"}],"replies":[{"embeddable":true,"href":"https:\/\/hookahshop.lt\/lv\/wp-json\/wp\/v2\/comments?post=1360"}],"version-history":[{"count":13,"href":"https:\/\/hookahshop.lt\/lv\/wp-json\/wp\/v2\/product\/1360\/revisions"}],"predecessor-version":[{"id":44855,"href":"https:\/\/hookahshop.lt\/lv\/wp-json\/wp\/v2\/product\/1360\/revisions\/44855"}],"wp:featuredmedia":[{"embeddable":true,"href":"https:\/\/hookahshop.lt\/lv\/wp-json\/wp\/v2\/media\/42907"}],"wp:attachment":[{"href":"https:\/\/hookahshop.lt\/lv\/wp-json\/wp\/v2\/media?parent=1360"}],"curies":[{"name":"wp","href":"https:\/\/api.w.org\/{rel}","templated":true}]}}