{"id":1363,"date":"2020-03-26T14:28:38","date_gmt":"2020-03-26T12:28:38","guid":{"rendered":"http:\/\/hookahshop.lt\/?post_type=product&#038;p=1363"},"modified":"2026-04-05T23:29:05","modified_gmt":"2026-04-05T20:29:05","slug":"kolba-kaljanui-njn-hookah-black","status":"publish","type":"product","link":"https:\/\/hookahshop.lt\/lv\/produkt\/kolba-kaljanui-njn-udenspipe-dzeriens\/","title":{"rendered":"Kolba plikam NJN HOOKAH Melna"},"content":{"rendered":"<h2>Kolba plikam NJN HOOKAH Melna<\/h2>\n<p id=\"tw-target-text\" class=\"tw-data-text tw-text-large XcVN5d tw-ta\" dir=\"ltr\" data-placeholder=\"Vertimas\"><span lang=\"lt\">NJN Hookah ir Krievijas z\u012bmols, kas s\u0101ka ra\u017eot \u016bdensp\u012bpes kolbas kop\u0161 2013.\u00a0gada. <\/span><span lang=\"lt\">\u016adensp\u012bpes kolba NJN tiek izgatavota ar rok\u0101m. <\/span><span lang=\"lt\">NJ forma ir k\u013cuvusi par lab\u0101ko m\u0101jas un \u016bdensp\u012bpes \u0137erme\u0146a izv\u0113li.<\/span><\/p>\n<p class=\"tw-data-text tw-text-large XcVN5d tw-ta\" dir=\"ltr\" data-placeholder=\"Vertimas\"><strong><span title=\"\">Specifik\u0101cijas:<\/span><\/strong><\/p>\n<p>Augstums: 260 mm<br \/>\nSvars: ~ 1790 g<br \/>\n\u0100r\u0113jais diametrs: 69 mm<br \/>\nIek\u0161\u0113jais diametrs: 46 mm<br \/>\nProdukta materi\u0101ls: stikls<\/p>\n<p dir=\"ltr\" data-placeholder=\"Vertimas\">Vai jums ir k\u0101di jaut\u0101jumi? Sazinies ar mums\u00a0<a href=\"https:\/\/hookahshop.lt\/lv\/kontaktiem\/\">kontaktu lapa<\/a>\u00a0vai rakstiet mums pa e-pastu\u00a0<a href=\"https:\/\/facebook.com\/HookahShop.lt\/\" target=\"_blank\" rel=\"noopener noreferrer\">Facebook konts<\/a>\u00a0un m\u0113s atbild\u0113sim uz j\u016bsu piepras\u012bjumu taj\u0101 pa\u0161\u0101 dien\u0101.<\/p>","protected":false},"excerpt":{"rendered":"<p>Meln\u0101 \u016bdensp\u012bpes kolba \u2014 NJN \u016bdensp\u012bpe<\/p>","protected":false},"featured_media":8758,"comment_status":"open","ping_status":"closed","template":"","meta":[],"_links":{"self":[{"href":"https:\/\/hookahshop.lt\/lv\/wp-json\/wp\/v2\/product\/1363"}],"collection":[{"href":"https:\/\/hookahshop.lt\/lv\/wp-json\/wp\/v2\/product"}],"about":[{"href":"https:\/\/hookahshop.lt\/lv\/wp-json\/wp\/v2\/types\/product"}],"replies":[{"embeddable":true,"href":"https:\/\/hookahshop.lt\/lv\/wp-json\/wp\/v2\/comments?post=1363"}],"version-history":[{"count":5,"href":"https:\/\/hookahshop.lt\/lv\/wp-json\/wp\/v2\/product\/1363\/revisions"}],"predecessor-version":[{"id":45144,"href":"https:\/\/hookahshop.lt\/lv\/wp-json\/wp\/v2\/product\/1363\/revisions\/45144"}],"wp:featuredmedia":[{"embeddable":true,"href":"https:\/\/hookahshop.lt\/lv\/wp-json\/wp\/v2\/media\/8758"}],"wp:attachment":[{"href":"https:\/\/hookahshop.lt\/lv\/wp-json\/wp\/v2\/media?parent=1363"}],"curies":[{"name":"wp","href":"https:\/\/api.w.org\/{rel}","templated":true}]}}