{"id":13875,"date":"2020-11-07T19:59:17","date_gmt":"2020-11-07T17:59:17","guid":{"rendered":"https:\/\/hookahshop.lt\/?post_type=product&#038;p=13875"},"modified":"2026-04-14T23:28:57","modified_gmt":"2026-04-14T20:28:57","slug":"kaljanas-union-hookah-sleek-volt-light","status":"publish","type":"product","link":"https:\/\/hookahshop.lt\/lv\/produkt\/udenspipe-arodbiedriba-udenspipe-sleek-volt-gaisma\/","title":{"rendered":"\u016adensp\u012bpe UNION HOOKAH Sleek Volt Light"},"content":{"rendered":"<h2>Kaljanas Union \u016bdensp\u012bpe gluds Volt gaisma<\/h2>\n<p>Union Hookah Sleek mode\u013ci ir jau k\u0101du laiku Krievijas tirg\u016b un p\u0101rsteidz ar \u012bpa\u0161u dizainu un lielisk\u0101m kr\u0101su iesp\u0113j\u0101m! Neatkar\u012bgi no t\u0101, vai tas ir vienk\u0101r\u0161s koka dizains, neparasts lamin\u0101ta dizains vai \u013coti popul\u0101rs hibr\u012bds dizains, kas izgatavots no epoks\u012bda sve\u0137iem un koka, Union Hookah patie\u0161\u0101m pied\u0101v\u0101 kaut ko ikvienam \u016bdensp\u012bpes cien\u012bt\u0101jam!<\/p>\n<p>B\u0101ze un materi\u0101ls<br \/>\nUnion \u016bdensp\u012bpes v\u0101rpsta ir izgatavota no ner\u016bs\u0113jo\u0161\u0101 t\u0113rauda. Ra\u017eot\u0101js nodro\u0161ina, ka \u016bdensp\u012bp\u0113m tiek izmantoti tikai lab\u0101kie materi\u0101li. Union Hookah Sleek pamatne ir izgatavota no augstas kvalit\u0101tes plastmasas, uz kuras ir iespiests Union Hookah logotips. Uz pamatnes ir ar\u012b iztuk\u0161o\u0161anas v\u0101rsts un \u0161\u013c\u016btenes savienojums, kas tiek ievietots pamatn\u0113 caur O-gredzenu.<\/p>\n<p>Oglek\u013ca pl\u0101ksnes, sm\u0113\u0137\u0113\u0161anas \u012bpa\u0161\u012bbas un citas piedevas<br \/>\nUnion Hookah Sleek jaunaj\u0101 versij\u0101 ir sava veida \u0161\u013c\u016btenes savienojuma spraudnis. T\u0101tad, izmantojot gredzenus, j\u016bs vienk\u0101r\u0161i ievietojat \u0161\u013c\u016btenes savienot\u0101ju pamatn\u0113. K\u0101 tas ir rakstur\u012bgi krievu \u016bdensp\u012bpes pamatnei, to ievieto kolb\u0101. Iegremd\u0113\u0161anas caurule ir ieskr\u016bv\u0113ta pamatn\u0113 no apak\u0161as un, protams, ir izgatavota no ner\u016bs\u0113jo\u0161\u0101 t\u0113rauda. V\u0101rpstai nav difuzora. Glud\u0101 versija ir \u013coti interesanta ar to, ka sm\u0113\u0137\u0113\u0161ana vair\u0101k atg\u0101dina klasisko klaunu. Tas ir saist\u012bts ar nedaudz maz\u0101ku v\u0101rpstas diametru. Union Hookahs ir \u012bpa\u0161i piem\u0113rots faniem, kuri nemekl\u0113 difuzoru, bet kuriem pat\u012bk neliela pretest\u012bba!<\/p>\n<p><strong>Apr\u012bkojums:<\/strong><\/p>\n<p>Plate<br \/>\nV\u0101rpsta<br \/>\nStikla kolba<br \/>\nKoka apdare<br \/>\nZarnas<\/p>\n<p><strong>Tehnisk\u0101s specifik\u0101cijas:<\/strong><\/p>\n<p>Kop\u0113jais augstums: apm\u0113ram 55 cm<br \/>\nKolbas diametrs: apm\u0113ram 4,5 cm<br \/>\nkolbas augstums: apm\u0113ram 27 cm<br \/>\nMateri\u0101ls: ner\u016bs\u0113jo\u0161ais t\u0113rauds ar akrilu, koku, lamin\u0101tu vai epoks\u012bda sve\u0137iem<br \/>\nRa\u017eots Krievij\u0101<\/p>\n<p>Vai jums ir k\u0101di jaut\u0101jumi? Sazinies ar mums <a href=\"https:\/\/hookahshop.lt\/lv\/kontaktiem\/\">kontaktu lapa<\/a> vai rakstiet mums pa e-pastu <a href=\"https:\/\/facebook.com\/HookahShop.lt\/\" target=\"_blank\" rel=\"noopener noreferrer\">Facebook konts<\/a> un m\u0113s atbild\u0113sim uz j\u016bsu piepras\u012bjumu taj\u0101 pa\u0161\u0101 dien\u0101.<\/p>","protected":false},"excerpt":{"rendered":"<p>Hookah Union Hookah Sleek Volt Light &quot;Union Hookah Sleek&quot; mode\u013ci Krievijas tirg\u016b ir jau k\u0101du laiku un p\u0101rsteidz ar \u012bpa\u0161u dizainu un lielisk\u0101m kr\u0101su iesp\u0113j\u0101m! Neatkar\u012bgi no t\u0101, vai tas ir vienk\u0101r\u0161s koka dizains, neparasts lamin\u0101ta dizains vai \u013coti popul\u0101rs hibr\u012bds dizains, kas izgatavots no epoks\u012bda sve\u0137iem un koka, Union Hookah patie\u0161\u0101m pied\u0101v\u0101 kaut ko ikvienam \u016bdensp\u012bpes cien\u012bt\u0101jam! Pamatne un materi\u0101ls [\u2026]<\/p>","protected":false},"featured_media":21297,"comment_status":"open","ping_status":"closed","template":"","meta":[],"_links":{"self":[{"href":"https:\/\/hookahshop.lt\/lv\/wp-json\/wp\/v2\/product\/13875"}],"collection":[{"href":"https:\/\/hookahshop.lt\/lv\/wp-json\/wp\/v2\/product"}],"about":[{"href":"https:\/\/hookahshop.lt\/lv\/wp-json\/wp\/v2\/types\/product"}],"replies":[{"embeddable":true,"href":"https:\/\/hookahshop.lt\/lv\/wp-json\/wp\/v2\/comments?post=13875"}],"version-history":[{"count":4,"href":"https:\/\/hookahshop.lt\/lv\/wp-json\/wp\/v2\/product\/13875\/revisions"}],"predecessor-version":[{"id":22941,"href":"https:\/\/hookahshop.lt\/lv\/wp-json\/wp\/v2\/product\/13875\/revisions\/22941"}],"wp:featuredmedia":[{"embeddable":true,"href":"https:\/\/hookahshop.lt\/lv\/wp-json\/wp\/v2\/media\/21297"}],"wp:attachment":[{"href":"https:\/\/hookahshop.lt\/lv\/wp-json\/wp\/v2\/media?parent=13875"}],"curies":[{"name":"wp","href":"https:\/\/api.w.org\/{rel}","templated":true}]}}