{"id":13920,"date":"2020-11-08T18:36:35","date_gmt":"2020-11-08T16:36:35","guid":{"rendered":"https:\/\/hookahshop.lt\/?post_type=product&#038;p=13920"},"modified":"2026-04-20T23:29:00","modified_gmt":"2026-04-20T20:29:00","slug":"kaljanas-wookah-nox","status":"publish","type":"product","link":"https:\/\/hookahshop.lt\/lv\/produkt\/udenspipe-wookah-nox\/","title":{"rendered":"\u016adensp\u012bpe WOOKAH Nox"},"content":{"rendered":"<h2>\u016adensp\u012bpe Wookah Nox<\/h2>\n<p>T\u0101 ir ori\u0123in\u0101la stila \u016bdensp\u012bpe, ko raksturo dab\u012bg\u0101 koka apdare, neaizmirstams dizains un neaizmirstams sm\u0113\u0137\u0113\u0161anas piedz\u012bvojums.<\/p>\n<p>Kolba ir izgatavota no rok\u0101m darin\u0101ta koka. Tam ir ner\u016bs\u0113jo\u0161\u0101 t\u0113rauda v\u012btnes ar WOOKAH grav\u0113jumu. &quot;Smooth&quot; kolba izce\u013cas uz p\u0101r\u0113jo fona ar to, ka t\u0101s virsma ir piln\u012bgi gluda, bez griezumiem.<\/p>\n<p>Katrs WOOKAH ir apr\u012bkots ar \u0101tr\u0101s blo\u0137\u0113\u0161anas sist\u0113mu, tehnisko risin\u0101jumu, kas \u013cauj \u0101tri un \u0113rti piestiprin\u0101t WOOKAH aug\u0161da\u013cu pie WOOKAH kolbas. Tikai ar \u012bsu kust\u012bbu j\u016bs varat savienot divus priek\u0161metus.<\/p>\n<p>Tam ir ar\u012b v\u0101rpstas savienojums un \u0161\u013c\u016btenes savienojums j\u016bsu \u0161\u013c\u016btenei. Galven\u0101 iez\u012bme ir t\u0101, ka v\u0101rsti un \u0161\u013c\u016bte\u0146u savienojumi ir viegli savienojami ar adapteriem. Deta\u013cas var dro\u0161i nostiprin\u0101t, neizmantojot papildu bl\u012bves.<\/p>\n<p><strong>PAMATSPECIFIK\u0100CIJAS<\/strong><\/p>\n<p>63 cm augsts<br \/>\nsvars: aptuveni 3 kg<br \/>\n\u0101tr\u0101 aizvaru sist\u0113ma<br \/>\n1.4301 (V2A) ner\u016bs\u0113jo\u0161\u0101 t\u0113rauda met\u0101la da\u013cas<br \/>\nvis\u0101m da\u013c\u0101m ir unik\u0101ls s\u0113rijas numurs<\/p>\n<p><strong>KOLEKCIJA<\/strong><\/p>\n<p>pl\u0101ksne<br \/>\nkorpuss (ietver: ner\u016bs\u0113jo\u0161\u0101 t\u0113rauda v\u0101rpsta, piln\u012bb\u0101 aizsarg\u0101ta ar koka korpusu un speci\u0101lu ventil\u0101cijas sist\u0113mu ar virz\u012bt\u0101m caurul\u0113m, kas atvieglo lieko d\u016bmu att\u012br\u012b\u0161anu un \u0101tr\u0101s blo\u0137\u0113\u0161anas sist\u0113mu)<br \/>\nv\u0101rstu komplekts<br \/>\n\u0161\u013c\u016btenes savienojums<br \/>\nkolba ar \u0101tr\u0101s blo\u0137\u0113\u0161anas sist\u0113mu<br \/>\ngarums: 210 mm<br \/>\nautentiskuma sertifik\u0101ts<\/p>\n<p>Vai jums ir k\u0101di jaut\u0101jumi? Sazinies ar mums <a href=\"https:\/\/hookahshop.lt\/lv\/kontaktiem\/\">kontaktu lapa<\/a> vai rakstiet mums pa e-pastu <a href=\"https:\/\/facebook.com\/HookahShop.lt\/\" target=\"_blank\" rel=\"noopener noreferrer\">Facebook konts<\/a> un m\u0113s atbild\u0113sim uz j\u016bsu piepras\u012bjumu taj\u0101 pa\u0161\u0101 dien\u0101.<\/p>","protected":false},"excerpt":{"rendered":"<p>\u016adensp\u012bpe Wookah Nox T\u0101 ir ori\u0123in\u0101la stila \u016bdensp\u012bpe ar dab\u012bg\u0101 koka apdari, neaizmirstamu dizainu un neaizmirstamu sm\u0113\u0137\u0113\u0161anas pieredzi. Kolba ir izgatavota no rok\u0101m darin\u0101ta koka. Tam ir ner\u016bs\u0113jo\u0161\u0101 t\u0113rauda v\u012btnes ar WOOKAH grav\u0113jumu. &quot;Smooth&quot; kolba izce\u013cas uz p\u0101r\u0113jo fona ar to, ka t\u0101s virsma ir piln\u012bgi gluda, bez griezumiem. Katram WOOKAH ir \u0101tr\u0101s blo\u0137\u0113\u0161anas sist\u0113ma, tehniskais risin\u0101jums, [\u2026]<\/p>","protected":false},"featured_media":13921,"comment_status":"open","ping_status":"closed","template":"","meta":[],"_links":{"self":[{"href":"https:\/\/hookahshop.lt\/lv\/wp-json\/wp\/v2\/product\/13920"}],"collection":[{"href":"https:\/\/hookahshop.lt\/lv\/wp-json\/wp\/v2\/product"}],"about":[{"href":"https:\/\/hookahshop.lt\/lv\/wp-json\/wp\/v2\/types\/product"}],"replies":[{"embeddable":true,"href":"https:\/\/hookahshop.lt\/lv\/wp-json\/wp\/v2\/comments?post=13920"}],"version-history":[{"count":4,"href":"https:\/\/hookahshop.lt\/lv\/wp-json\/wp\/v2\/product\/13920\/revisions"}],"predecessor-version":[{"id":33900,"href":"https:\/\/hookahshop.lt\/lv\/wp-json\/wp\/v2\/product\/13920\/revisions\/33900"}],"wp:featuredmedia":[{"embeddable":true,"href":"https:\/\/hookahshop.lt\/lv\/wp-json\/wp\/v2\/media\/13921"}],"wp:attachment":[{"href":"https:\/\/hookahshop.lt\/lv\/wp-json\/wp\/v2\/media?parent=13920"}],"curies":[{"name":"wp","href":"https:\/\/api.w.org\/{rel}","templated":true}]}}