{"id":14638,"date":"2020-11-20T21:39:58","date_gmt":"2020-11-20T19:39:58","guid":{"rendered":"https:\/\/hookahshop.lt\/?post_type=product&#038;p=14638"},"modified":"2026-04-21T23:29:31","modified_gmt":"2026-04-21T20:29:31","slug":"kaljano-komplektas-al-mani-moscow-silver","status":"publish","type":"product","link":"https:\/\/hookahshop.lt\/lv\/produkt\/udenspipe-set-al-mani-mascow-sudrabs\/","title":{"rendered":"\u0100\u0137u komplekts AL-MANI Moscow Silver"},"content":{"rendered":"<h2>\u0100\u0137u komplekts AL-MANI Moscow Silver<\/h2>\n<p>Specifik\u0101cijas<\/p>\n<p>\u016adensp\u012bpes augstums ar kolbu: apm\u0113ram 55 cm<br \/>\nMateri\u0101ls: ner\u016bs\u0113jo\u0161ais t\u0113rauds<br \/>\nSavienojums: starpnieks<br \/>\nKr\u0101sa: Sudraba<br \/>\nDifuzors: J\u0101<br \/>\nIzcelsmes valsts: V\u0101cija<\/p>\n<p>Apr\u012bkojums:<br \/>\nV\u0101rpsta -1 gab.<br \/>\n\u016adensp\u012bpes pl\u0101ksne - 1 gab.<br \/>\nIemutnis - 1 gab.<br \/>\nSilikona \u0161\u013c\u016btene - 1 gab.<br \/>\nBl\u012bves - 2 gab.<br \/>\nKolba - 1 gab.<br \/>\nKnaibles - 1 gab.<br \/>\nSiltuma kamera - 1 gab.<br \/>\nKauss - 1gab.<br \/>\nOgles 1kg - 1gab.<br \/>\nPl\u012bts - 1gab.<\/p>\n<p>Vai jums ir k\u0101di jaut\u0101jumi? Sazinies ar mums <a href=\"https:\/\/hookahshop.lt\/lv\/kontaktiem\/\">kontaktu lapa<\/a> vai rakstiet mums pa e-pastu <a href=\"https:\/\/facebook.com\/HookahShop.lt\/\" target=\"_blank\" rel=\"noopener noreferrer\">Facebook konts<\/a> un m\u0113s atbild\u0113sim uz j\u016bsu piepras\u012bjumu taj\u0101 pa\u0161\u0101 dien\u0101.<\/p>","protected":false},"excerpt":{"rendered":"<p>\u016adensp\u012bpes komplekts AL-MANI Moscow Silver Specifik\u0101cijas \u016adensp\u012bpes augstums ar kolbu: apm\u0113ram 55cm Materi\u0101ls: ner\u016bs\u0113jo\u0161ais t\u0113rauds Savienot\u0101js: Bl\u012bve Kr\u0101sa: Sudraba Izklied\u0113t\u0101js: J\u0101 Izcelsmes valsts: V\u0101cija Komplekt\u0101cija: V\u0101rpsta -1 gab. \u016adensp\u012bpes \u0161\u0137\u012bvis - 1 gab. Mutes uzgalis - 1 gab. Silikona \u0161\u013c\u016btene - 1 gab. Bl\u012bves - 2 gab. Kolba - 1 gab. Knaibles - 1 gab. Karstums [\u2026]<\/p>","protected":false},"featured_media":28022,"comment_status":"open","ping_status":"closed","template":"","meta":[],"_links":{"self":[{"href":"https:\/\/hookahshop.lt\/lv\/wp-json\/wp\/v2\/product\/14638"}],"collection":[{"href":"https:\/\/hookahshop.lt\/lv\/wp-json\/wp\/v2\/product"}],"about":[{"href":"https:\/\/hookahshop.lt\/lv\/wp-json\/wp\/v2\/types\/product"}],"replies":[{"embeddable":true,"href":"https:\/\/hookahshop.lt\/lv\/wp-json\/wp\/v2\/comments?post=14638"}],"version-history":[{"count":3,"href":"https:\/\/hookahshop.lt\/lv\/wp-json\/wp\/v2\/product\/14638\/revisions"}],"predecessor-version":[{"id":28021,"href":"https:\/\/hookahshop.lt\/lv\/wp-json\/wp\/v2\/product\/14638\/revisions\/28021"}],"wp:featuredmedia":[{"embeddable":true,"href":"https:\/\/hookahshop.lt\/lv\/wp-json\/wp\/v2\/media\/28022"}],"wp:attachment":[{"href":"https:\/\/hookahshop.lt\/lv\/wp-json\/wp\/v2\/media?parent=14638"}],"curies":[{"name":"wp","href":"https:\/\/api.w.org\/{rel}","templated":true}]}}