{"id":14766,"date":"2020-11-22T00:46:23","date_gmt":"2020-11-21T22:46:23","guid":{"rendered":"https:\/\/hookahshop.lt\/?post_type=product&#038;p=14766"},"modified":"2026-04-21T23:29:44","modified_gmt":"2026-04-21T20:29:44","slug":"sepetys-kaljano-kolbai-al-mani","status":"publish","type":"product","link":"https:\/\/hookahshop.lt\/lv\/produkt\/udenspipe-kolbas-al-mani\/","title":{"rendered":"Ota \u016bdensp\u012bpes kolbai AL-MANI Da\u017e\u0101das kr\u0101sas"},"content":{"rendered":"<h2>Birstes \u0101\u0137a \u0101\u0137a kolbai AL-MANI (da\u017e\u0101das kr\u0101sas)<\/h2>\n<p>Tas pal\u012bdz\u0113s lab\u0101k r\u016bp\u0113ties par \u016bdensp\u012bpes kolbu. Viegla piek\u013cuve visiem net\u012brumiem.<br \/>\nSpecifik\u0101cijas:<br \/>\nOtas garums: apm\u0113ram 45 cm<br \/>\nSaru garums: 35 cm<br \/>\nSaru platums: 3 cm<\/p>\n<p><em>Ir iesp\u0113ja izv\u0113l\u0113ties roktura kr\u0101sas: <strong>zils, balts<\/strong>.<\/em><br \/>\n<em>Pas\u016btot preci, ierakstiet v\u0113lamo kr\u0101su sada\u013c\u0101 &quot;Piez\u012bmes&quot;.<\/em><\/p>\n<p>Vai jums ir k\u0101di jaut\u0101jumi? Sazinies ar mums <a href=\"https:\/\/hookahshop.lt\/lv\/kontaktiem\/\">kontaktu lapa<\/a> vai rakstiet mums pa e-pastu <a href=\"https:\/\/facebook.com\/HookahShop.lt\/\" target=\"_blank\" rel=\"noopener noreferrer\">Facebook konts<\/a> un m\u0113s atbild\u0113sim uz j\u016bsu piepras\u012bjumu taj\u0101 pa\u0161\u0101 dien\u0101.<\/p>","protected":false},"excerpt":{"rendered":"<p>\u016adensp\u012bpes birste AL-MANI (da\u017e\u0101das kr\u0101sas) Pal\u012bdz\u0113s jums lab\u0101k uztur\u0113t j\u016bsu \u016bdensp\u012bpes birsti. J\u016bs viegli piek\u013c\u016bsiet visiem net\u012brumiem. Specifik\u0101cijas: Birstes garums: aptuveni 45 cm Saru garums: 35 cm Saru platums: 3 cm Ir iesp\u0113ja izv\u0113l\u0113ties rokturu kr\u0101sas: zila, balta. Pas\u016btot preci, ierakstiet v\u0113lamo kr\u0101su sada\u013c\u0101 &quot;Piez\u012bmes&quot;. Vai jums ir k\u0101di jaut\u0101jumi? Sazinieties ar mums kontaktlap\u0101 vai rakstiet mums Facebook [\u2026]<\/p>","protected":false},"featured_media":14768,"comment_status":"open","ping_status":"closed","template":"","meta":[],"_links":{"self":[{"href":"https:\/\/hookahshop.lt\/lv\/wp-json\/wp\/v2\/product\/14766"}],"collection":[{"href":"https:\/\/hookahshop.lt\/lv\/wp-json\/wp\/v2\/product"}],"about":[{"href":"https:\/\/hookahshop.lt\/lv\/wp-json\/wp\/v2\/types\/product"}],"replies":[{"embeddable":true,"href":"https:\/\/hookahshop.lt\/lv\/wp-json\/wp\/v2\/comments?post=14766"}],"version-history":[{"count":6,"href":"https:\/\/hookahshop.lt\/lv\/wp-json\/wp\/v2\/product\/14766\/revisions"}],"predecessor-version":[{"id":42947,"href":"https:\/\/hookahshop.lt\/lv\/wp-json\/wp\/v2\/product\/14766\/revisions\/42947"}],"wp:featuredmedia":[{"embeddable":true,"href":"https:\/\/hookahshop.lt\/lv\/wp-json\/wp\/v2\/media\/14768"}],"wp:attachment":[{"href":"https:\/\/hookahshop.lt\/lv\/wp-json\/wp\/v2\/media?parent=14766"}],"curies":[{"name":"wp","href":"https:\/\/api.w.org\/{rel}","templated":true}]}}