{"id":14772,"date":"2020-11-22T01:02:08","date_gmt":"2020-11-21T23:02:08","guid":{"rendered":"https:\/\/hookahshop.lt\/?post_type=product&#038;p=14772"},"modified":"2026-04-14T23:28:41","modified_gmt":"2026-04-14T20:28:41","slug":"individualus-kaljano-kandiklis-smoke-me-ivairiu-spalvu","status":"publish","type":"product","link":"https:\/\/hookahshop.lt\/lv\/produkt\/individuals-udenspipes-iemuti-dumi-mani-dazadas-krasas\/","title":{"rendered":"Atsevi\u0161\u0137s \u016bdensp\u012bpes iemutnis SMOKE ME Da\u017e\u0101das kr\u0101sas"},"content":{"rendered":"<h2>Piel\u0101gots \u016bdensp\u012bpes iemutnis SMOKE ME (da\u017e\u0101das kr\u0101sas)<\/h2>\n<p><em>Ir iesp\u0113jams izv\u0113l\u0113ties iemut\u0146a kr\u0101sas: <strong>dzeltena, oran\u017ea, za\u013ca, sarkana<\/strong>.<\/em><br \/>\n<em>Pas\u016btot preci, sada\u013c\u0101 &quot;Piez\u012bmes&quot; ievadiet v\u0113lamo kr\u0101su.<\/em><\/p>\n<p>Vai jums ir k\u0101di jaut\u0101jumi? Sazinies ar mums <a href=\"https:\/\/hookahshop.lt\/lv\/kontaktiem\/\">kontaktu lapa<\/a> vai rakstiet mums pa e-pastu <a href=\"https:\/\/facebook.com\/HookahShop.lt\/\" target=\"_blank\" rel=\"noopener noreferrer\">Facebook konts<\/a> un m\u0113s atbild\u0113sim uz j\u016bsu piepras\u012bjumu taj\u0101 pa\u0161\u0101 dien\u0101.<\/p>","protected":false},"excerpt":{"rendered":"<p>Individu\u0101ls \u016bdensp\u012bpes iemuts SMOKE ME (Da\u017e\u0101das kr\u0101sas) Ir iesp\u0113jams izv\u0113l\u0113ties iemuti kr\u0101sas: dzeltena, oran\u017ea, za\u013ca, sarkana. Pas\u016btot preci, ierakstiet v\u0113lamo kr\u0101su sada\u013c\u0101 &quot;Piez\u012bmes&quot;. Vai jums ir k\u0101di jaut\u0101jumi? Sazinieties ar mums kontaktu lap\u0101 vai rakstiet mums Facebook, un m\u0113s atbild\u0113sim uz j\u016bsu piepras\u012bjumu taj\u0101 pa\u0161\u0101 dien\u0101.<\/p>","protected":false},"featured_media":14773,"comment_status":"open","ping_status":"closed","template":"","meta":[],"_links":{"self":[{"href":"https:\/\/hookahshop.lt\/lv\/wp-json\/wp\/v2\/product\/14772"}],"collection":[{"href":"https:\/\/hookahshop.lt\/lv\/wp-json\/wp\/v2\/product"}],"about":[{"href":"https:\/\/hookahshop.lt\/lv\/wp-json\/wp\/v2\/types\/product"}],"replies":[{"embeddable":true,"href":"https:\/\/hookahshop.lt\/lv\/wp-json\/wp\/v2\/comments?post=14772"}],"version-history":[{"count":5,"href":"https:\/\/hookahshop.lt\/lv\/wp-json\/wp\/v2\/product\/14772\/revisions"}],"predecessor-version":[{"id":45669,"href":"https:\/\/hookahshop.lt\/lv\/wp-json\/wp\/v2\/product\/14772\/revisions\/45669"}],"wp:featuredmedia":[{"embeddable":true,"href":"https:\/\/hookahshop.lt\/lv\/wp-json\/wp\/v2\/media\/14773"}],"wp:attachment":[{"href":"https:\/\/hookahshop.lt\/lv\/wp-json\/wp\/v2\/media?parent=14772"}],"curies":[{"name":"wp","href":"https:\/\/api.w.org\/{rel}","templated":true}]}}