{"id":14983,"date":"2020-11-26T18:41:46","date_gmt":"2020-11-26T16:41:46","guid":{"rendered":"https:\/\/hookahshop.lt\/?post_type=product&#038;p=14983"},"modified":"2026-04-22T23:29:24","modified_gmt":"2026-04-22T20:29:24","slug":"taurele-kaljanui-bigmaks-barrel","status":"publish","type":"product","link":"https:\/\/hookahshop.lt\/lv\/produkt\/kauss-udenspipe-bigmaks-muca\/","title":{"rendered":"BIGMAKS Mucas"},"content":{"rendered":"<h2><strong>Kauss \u016bdensp\u012bpei BigMaks Barrel<\/strong><\/h2>\n<p>Izgatavots ar rok\u0101m no sarkan\u0101 m\u0101la. \u0160is m\u0101ls lieliski uzsilst, saglab\u0101 siltumu un ne\u013cauj \u016bdensp\u012bpes mais\u012bjumam p\u0101rkarst.<br \/>\nKr\u016bzes tilpums: 15-18 grami.<\/p>\n<p>Specifik\u0101cijas:<br \/>\nAugstums: 76 mm<br \/>\nDiametrs (\u0101r\u0113jais): 67 mm<br \/>\nDiametrs (iek\u0161\u0113jais): 57 mm<br \/>\nDzi\u013cums: 17 mm<br \/>\nCauruma diametrs: 7 mm<br \/>\nCaurumu skaits: 7 gab<br \/>\nSvars: apm\u0113ram 240 g.<\/p>\n<p>Vai jums ir k\u0101di jaut\u0101jumi? Sazinies ar mums <a href=\"https:\/\/hookahshop.lt\/lv\/kontaktiem\/\">kontaktu lapa<\/a> vai rakstiet mums pa e-pastu <a href=\"https:\/\/facebook.com\/HookahShop.lt\/\" target=\"_blank\" rel=\"noopener noreferrer\">Facebook konts<\/a> un m\u0113s atbild\u0113sim uz j\u016bsu piepras\u012bjumu taj\u0101 pa\u0161\u0101 dien\u0101.<\/p>","protected":false},"excerpt":{"rendered":"<p>B\u013coda \u016bdensp\u012bpei BigMaks Muca Ra\u017eots ar rok\u0101m no sarkan\u0101 m\u0101la. \u0160is m\u0101ls lieliski uzsilst, saglab\u0101 siltumu un ne\u013cauj \u016bdensp\u012bpes mais\u012bjumam p\u0101rkarst. Kr\u016bzes tilpums: 15-18 grami. Specifik\u0101cijas: Augstums: 76mm Diametrs (\u0101r\u0113jais): 67mm Diametrs (iek\u0161\u0113jais): 57mm Dzi\u013cums: 17mm Cauruma diametrs: 7mm Caurumu skaits: 7 gab. Svars: apm\u0113ram 240g. Vai jums ir k\u0101di jaut\u0101jumi? Sazinieties ar mums, izmantojot m\u016bsu kontaktinform\u0101ciju [\u2026]<\/p>","protected":false},"featured_media":14987,"comment_status":"open","ping_status":"closed","template":"","meta":[],"_links":{"self":[{"href":"https:\/\/hookahshop.lt\/lv\/wp-json\/wp\/v2\/product\/14983"}],"collection":[{"href":"https:\/\/hookahshop.lt\/lv\/wp-json\/wp\/v2\/product"}],"about":[{"href":"https:\/\/hookahshop.lt\/lv\/wp-json\/wp\/v2\/types\/product"}],"replies":[{"embeddable":true,"href":"https:\/\/hookahshop.lt\/lv\/wp-json\/wp\/v2\/comments?post=14983"}],"version-history":[{"count":4,"href":"https:\/\/hookahshop.lt\/lv\/wp-json\/wp\/v2\/product\/14983\/revisions"}],"predecessor-version":[{"id":36517,"href":"https:\/\/hookahshop.lt\/lv\/wp-json\/wp\/v2\/product\/14983\/revisions\/36517"}],"wp:featuredmedia":[{"embeddable":true,"href":"https:\/\/hookahshop.lt\/lv\/wp-json\/wp\/v2\/media\/14987"}],"wp:attachment":[{"href":"https:\/\/hookahshop.lt\/lv\/wp-json\/wp\/v2\/media?parent=14983"}],"curies":[{"name":"wp","href":"https:\/\/api.w.org\/{rel}","templated":true}]}}