{"id":14994,"date":"2020-11-26T19:49:56","date_gmt":"2020-11-26T17:49:56","guid":{"rendered":"https:\/\/hookahshop.lt\/?post_type=product&#038;p=14994"},"modified":"2026-04-21T23:29:52","modified_gmt":"2026-04-21T20:29:52","slug":"taurele-kaljanui-smokelab-evil-black","status":"publish","type":"product","link":"https:\/\/hookahshop.lt\/lv\/produkt\/udenspipe-stikls-smokelab-launums-melns\/","title":{"rendered":"Kauss \u016bdensp\u012bpei SMOKELAB Evil Black"},"content":{"rendered":"<h2>Kauss \u016bdensp\u012bpei SMOKELAB Evil Black<\/h2>\n<p>Biez\u0101s sienas simetriski izk\u0101rto \u016bdensp\u012bpes mais\u012bjumu, un plakana dibena kl\u0101tb\u016btne neatst\u0101s vienaldz\u012bgus tos, kam pat\u012bk baud\u012bt stipr\u0101kus \u016bdensp\u012bpes d\u016bmus. Pat parastais \u016bdensp\u012bpes mais\u012bjums tiks atv\u0113rts otr\u0101 pus\u0113. Vid\u0113jais tabakas pat\u0113ri\u0146\u0161 15-20 grami. Bez folijas labi k\u016bp uz siltuma kameras.<\/p>\n<p>Specifik\u0101cijas:<br \/>\nAugstums: 98mm<br \/>\nDiametrs (\u0101r\u0113jais): 74 mm<br \/>\nDiametrs (iek\u0161\u0113jais): 63 mm<br \/>\nDzi\u013cums: 14mm<br \/>\nCauruma diametrs: 8 mm<br \/>\nCaurumu skaits: 5 gab<br \/>\nSvars: apm\u0113ram 187 g.<\/p>\n<p>Vai jums ir k\u0101di jaut\u0101jumi? Sazinies ar mums <a href=\"https:\/\/hookahshop.lt\/lv\/kontaktiem\/\">kontaktu lapa<\/a> vai rakstiet mums pa e-pastu <a href=\"https:\/\/facebook.com\/HookahShop.lt\/\" target=\"_blank\" rel=\"noopener noreferrer\">Facebook konts<\/a> un m\u0113s atbild\u0113sim uz j\u016bsu piepras\u012bjumu taj\u0101 pa\u0161\u0101 dien\u0101.<\/p>","protected":false},"excerpt":{"rendered":"<p>\u016adensp\u012bpes kr\u016bze SMOKELAB Evil Black Biez\u0101s sienas simetriski izk\u0101rto \u016bdensp\u012bpes mais\u012bjumu, un plakana dibena kl\u0101tb\u016btne neatst\u0101s vienaldz\u012bgus tos, kam pat\u012bk baud\u012bt stipr\u0101kus \u016bdensp\u012bpes d\u016bmus. Pat parastais \u016bdensp\u012bpes mais\u012bjums tiks atv\u0113rts otr\u0101 pus\u0113. Vid\u0113jais pat\u0113ri\u0146\u0161 ir 15-20 grami tabakas. Bez folijas labi k\u016bp uz siltuma kameras. Specifik\u0101cijas: Augstums: 98mm Diametrs (\u0101r\u0113jais): 74mm Diametrs (iek\u0161\u0113jais): 63mm Dzi\u013cums: [\u2026]<\/p>","protected":false},"featured_media":14996,"comment_status":"open","ping_status":"closed","template":"","meta":[],"_links":{"self":[{"href":"https:\/\/hookahshop.lt\/lv\/wp-json\/wp\/v2\/product\/14994"}],"collection":[{"href":"https:\/\/hookahshop.lt\/lv\/wp-json\/wp\/v2\/product"}],"about":[{"href":"https:\/\/hookahshop.lt\/lv\/wp-json\/wp\/v2\/types\/product"}],"replies":[{"embeddable":true,"href":"https:\/\/hookahshop.lt\/lv\/wp-json\/wp\/v2\/comments?post=14994"}],"version-history":[{"count":3,"href":"https:\/\/hookahshop.lt\/lv\/wp-json\/wp\/v2\/product\/14994\/revisions"}],"predecessor-version":[{"id":28923,"href":"https:\/\/hookahshop.lt\/lv\/wp-json\/wp\/v2\/product\/14994\/revisions\/28923"}],"wp:featuredmedia":[{"embeddable":true,"href":"https:\/\/hookahshop.lt\/lv\/wp-json\/wp\/v2\/media\/14996"}],"wp:attachment":[{"href":"https:\/\/hookahshop.lt\/lv\/wp-json\/wp\/v2\/media?parent=14994"}],"curies":[{"name":"wp","href":"https:\/\/api.w.org\/{rel}","templated":true}]}}