{"id":14999,"date":"2020-11-26T20:25:29","date_gmt":"2020-11-26T18:25:29","guid":{"rendered":"https:\/\/hookahshop.lt\/?post_type=product&#038;p=14999"},"modified":"2026-04-17T23:29:09","modified_gmt":"2026-04-17T20:29:09","slug":"gaubtas-taureles-kaitinimui-arma-black","status":"publish","type":"product","link":"https:\/\/hookahshop.lt\/lv\/produkt\/nosucejs-tases-sildisanai-arma-melns\/","title":{"rendered":"Tvaika nos\u016bc\u0113js kr\u016bz\u012b\u0161u sild\u012b\u0161anai ARMA Black"},"content":{"rendered":"<h2>Tvaika nos\u016bc\u0113js kr\u016bz\u012b\u0161u sild\u012b\u0161anai ARMA Black<\/h2>\n<p>Pasarg\u0101 no v\u0113ja, baudot \u0101ra \u016bdensp\u012bpes sesiju.<br \/>\nVar izmantot k\u0101 og\u013chidr\u0101tu pilienu aizsargu.<br \/>\nTas ar\u012b pa\u0101trina \u016bdensp\u012bpes gatavo\u0161anas laiku, t\u0101p\u0113c v\u0113lams to lietot p\u0113c og\u013chidr\u0101tu pievieno\u0161anas sesijas s\u0101kum\u0101.<\/p>\n<p>Specifik\u0101cijas:<br \/>\nAugstums: apm\u0113ram 25 cm<br \/>\nDiametrs: 12,5 cm<\/p>\n<p>Vai jums ir k\u0101di jaut\u0101jumi? Sazinies ar mums <a href=\"https:\/\/hookahshop.lt\/lv\/kontaktiem\/\">kontaktu lapa<\/a> vai rakstiet mums pa e-pastu <a href=\"https:\/\/facebook.com\/HookahShop.lt\/\" target=\"_blank\" rel=\"noopener noreferrer\">Facebook konts<\/a> un m\u0113s atbild\u0113sim uz j\u016bsu piepras\u012bjumu taj\u0101 pa\u0161\u0101 dien\u0101.<\/p>","protected":false},"excerpt":{"rendered":"<p>Kapuce kr\u016bzes sild\u012b\u0161anai ARMA Black Pasarg\u0101 no v\u0113ja, baudot \u016bdensp\u012bpes sesiju \u0101r\u0101. Var izmantot k\u0101 og\u013chidr\u0101tu pilienu aizsargu. Tas ar\u012b pa\u0101trina \u016bdensp\u012bpes gatavo\u0161anas laiku, t\u0101p\u0113c v\u0113lams to lietot p\u0113c og\u013chidr\u0101tu pievieno\u0161anas sesijas s\u0101kum\u0101. Specifik\u0101cijas: Augstums: apm\u0113ram 25 cm Diametrs: 12,5 cm Jaut\u0101jumi? Sazinieties ar mums kontaktu lap\u0101 vai rakstiet mums m\u016bsu Facebook kont\u0101 un m\u0113s atbild\u0113sim [\u2026]<\/p>","protected":false},"featured_media":15000,"comment_status":"open","ping_status":"closed","template":"","meta":[],"_links":{"self":[{"href":"https:\/\/hookahshop.lt\/lv\/wp-json\/wp\/v2\/product\/14999"}],"collection":[{"href":"https:\/\/hookahshop.lt\/lv\/wp-json\/wp\/v2\/product"}],"about":[{"href":"https:\/\/hookahshop.lt\/lv\/wp-json\/wp\/v2\/types\/product"}],"replies":[{"embeddable":true,"href":"https:\/\/hookahshop.lt\/lv\/wp-json\/wp\/v2\/comments?post=14999"}],"version-history":[{"count":8,"href":"https:\/\/hookahshop.lt\/lv\/wp-json\/wp\/v2\/product\/14999\/revisions"}],"predecessor-version":[{"id":43475,"href":"https:\/\/hookahshop.lt\/lv\/wp-json\/wp\/v2\/product\/14999\/revisions\/43475"}],"wp:featuredmedia":[{"embeddable":true,"href":"https:\/\/hookahshop.lt\/lv\/wp-json\/wp\/v2\/media\/15000"}],"wp:attachment":[{"href":"https:\/\/hookahshop.lt\/lv\/wp-json\/wp\/v2\/media?parent=14999"}],"curies":[{"name":"wp","href":"https:\/\/api.w.org\/{rel}","templated":true}]}}