{"id":15009,"date":"2020-11-26T21:04:08","date_gmt":"2020-11-26T19:04:08","guid":{"rendered":"https:\/\/hookahshop.lt\/?post_type=product&#038;p=15009"},"modified":"2026-04-18T23:28:36","modified_gmt":"2026-04-18T20:28:36","slug":"individualus-kaljano-kandiklis-bigmaks","status":"publish","type":"product","link":"https:\/\/hookahshop.lt\/lv\/produkt\/individualais-udenspipes-iemutnis-bigmax\/","title":{"rendered":"Individu\u0101ls \u016bdensp\u012bpes iemutnis BIGMAKS Da\u017e\u0101das kr\u0101sas"},"content":{"rendered":"<h2>Individu\u0101ls \u016bdensp\u012bpes iemutnis BIGMAKS<\/h2>\n<p>Izgatavots no ner\u016bs\u0113jo\u0161\u0101 t\u0113rauda un koka.<\/p>\n<p>Ir iesp\u0113jams izv\u0113l\u0113ties iemu\u0161u kr\u0101sas: \u2013<br \/>\nPas\u016btot preci, sada\u013c\u0101 &quot;Piez\u012bmes&quot; ievadiet v\u0113lamo kr\u0101su.<\/p>\n<p>Vai jums ir k\u0101di jaut\u0101jumi? Sazinies ar mums\u00a0<a href=\"https:\/\/hookahshop.lt\/lv\/kontaktiem\/\">kontaktu lapa<\/a>\u00a0vai rakstiet mums pa e-pastu\u00a0<a href=\"https:\/\/facebook.com\/HookahShop.lt\/\" target=\"_blank\" rel=\"noopener noreferrer\">Facebook konts<\/a>\u00a0un m\u0113s atbild\u0113sim uz j\u016bsu piepras\u012bjumu taj\u0101 pa\u0161\u0101 dien\u0101.<\/p>","protected":false},"excerpt":{"rendered":"<p>Atsevi\u0161\u0137s \u016bdensp\u012bpes iemutnis BIGMAKS Izgatavots no ner\u016bs\u0113jo\u0161\u0101 t\u0113rauda un koka. Ir iesp\u0113ja izv\u0113l\u0113ties iemu\u0161u kr\u0101sas: - Pas\u016btot preci, sada\u013c\u0101 &quot;Piez\u012bmes&quot; ierakstiet v\u0113lamo kr\u0101su. Vai jums ir k\u0101di jaut\u0101jumi? Sazinieties ar mums kontaktu lap\u0101 vai rakstiet mums uz m\u016bsu Facebook kontu un m\u0113s atbild\u0113sim uz j\u016bsu piepras\u012bjumu taj\u0101 pa\u0161\u0101 dien\u0101.<\/p>","protected":false},"featured_media":15012,"comment_status":"open","ping_status":"closed","template":"","meta":[],"_links":{"self":[{"href":"https:\/\/hookahshop.lt\/lv\/wp-json\/wp\/v2\/product\/15009"}],"collection":[{"href":"https:\/\/hookahshop.lt\/lv\/wp-json\/wp\/v2\/product"}],"about":[{"href":"https:\/\/hookahshop.lt\/lv\/wp-json\/wp\/v2\/types\/product"}],"replies":[{"embeddable":true,"href":"https:\/\/hookahshop.lt\/lv\/wp-json\/wp\/v2\/comments?post=15009"}],"version-history":[{"count":3,"href":"https:\/\/hookahshop.lt\/lv\/wp-json\/wp\/v2\/product\/15009\/revisions"}],"predecessor-version":[{"id":33274,"href":"https:\/\/hookahshop.lt\/lv\/wp-json\/wp\/v2\/product\/15009\/revisions\/33274"}],"wp:featuredmedia":[{"embeddable":true,"href":"https:\/\/hookahshop.lt\/lv\/wp-json\/wp\/v2\/media\/15012"}],"wp:attachment":[{"href":"https:\/\/hookahshop.lt\/lv\/wp-json\/wp\/v2\/media?parent=15009"}],"curies":[{"name":"wp","href":"https:\/\/api.w.org\/{rel}","templated":true}]}}