{"id":15044,"date":"2020-11-27T12:20:05","date_gmt":"2020-11-27T10:20:05","guid":{"rendered":"https:\/\/hookahshop.lt\/?post_type=product&#038;p=15044"},"modified":"2026-04-17T23:29:21","modified_gmt":"2026-04-17T20:29:21","slug":"kaljanas-nube-junior-red","status":"publish","type":"product","link":"https:\/\/hookahshop.lt\/lv\/produkt\/udenspipe-nube-junior-ed\/","title":{"rendered":"\u016adensp\u012bpe NUBE Junior Ed"},"content":{"rendered":"<h2>\u016adensp\u012bpe NUBE Junior Ed<\/h2>\n<p>T\u0101pat k\u0101 liel\u0101kajai da\u013cai t\u0101 br\u0101\u013cu, ar\u012b Junioram ir ner\u016bs\u0113jo\u0161\u0101 t\u0113rauda k\u0101ta, kas noz\u012bm\u0113, ka \u016bdensp\u012bpi var atst\u0101t \u016bden\u012b uz ilgu laiku. Klusai sm\u0113\u0137\u0113\u0161anai ir ieb\u016bv\u0113ts difuzors. \u0160\u013c\u016btenes savienojums ir izgatavots tie\u0161i \u0161ai atverei, kas ir diezgan uzticams un \u0113rts. Tom\u0113r galvenais \u016bdensp\u012bpes akcents sl\u0113pjas t\u0101s pamatn\u0113 \u2013 tas ir silikons. \u0160\u012b ir pirm\u0101 reize, kad m\u0113s saskaramies ar l\u012bdz\u012bgu v\u0101rpstas versiju, un tas ir \u013coti \u0113rti. Savienot\u0101js bez probl\u0113m\u0101m der gandr\u012bz jebkurai kolbai. Vien\u012bgais starplikas, kas jums b\u016bs nepiecie\u0161ams kr\u016bz\u012btei, ir iek\u013cauts komplekt\u0101. J\u016bs b\u016bsiet priec\u012bgi uzzin\u0101t Nube for Junior pieejamo kr\u0101su skaitu \u2013 t\u0101s ir asto\u0146as: ceri\u0146i, zila, dzeltena, roz\u0101, oran\u017ea, balta, sarkana un melna.<\/p>\n<p>Specifik\u0101cijas:<br \/>\nV\u0101rpstas augstums ir 48,5 cm.<br \/>\nAugstums no pamatnes l\u012bdz b\u013codai ir 30 cm.<br \/>\nIemu\u013ca garums ir 29 cm.<br \/>\nSvars (bez kolbas un b\u013codas) - 1,35 kg.<\/p>\n<p>Pilns komplekts: v\u0101rpsta, iemuts, \u0161\u013c\u016btene, pl\u0101ksne<\/p>\n<p>Vai jums ir k\u0101di jaut\u0101jumi? Sazinies ar mums <a href=\"https:\/\/hookahshop.lt\/lv\/kontaktiem\/\">kontaktu lapa<\/a> vai rakstiet mums pa e-pastu <a href=\"https:\/\/facebook.com\/HookahShop.lt\/\" target=\"_blank\" rel=\"noopener noreferrer\">Facebook konts<\/a> un m\u0113s atbild\u0113sim uz j\u016bsu piepras\u012bjumu taj\u0101 pa\u0161\u0101 dien\u0101.<\/p>","protected":false},"excerpt":{"rendered":"<p>\u016adensp\u012bpe NUBE Junior Red T\u0101pat k\u0101 liel\u0101kajai da\u013cai t\u0101s br\u0101\u013cu, ar\u012b Junior modelim ir ner\u016bs\u0113jo\u0161\u0101 t\u0113rauda k\u0101ts, kas noz\u012bm\u0113, ka \u016bdensp\u012bpi var ilgsto\u0161i atst\u0101t \u016bden\u012b. Klusai sm\u0113\u0137\u0113\u0161anai ir ieb\u016bv\u0113ts difuzors. \u0160\u013c\u016btenes savienot\u0101js ir \u012bpa\u0161i izgatavots \u0161im caurumam, kas ir diezgan uzticams un \u0113rts. Tom\u0113r \u016bdensp\u012bpes galven\u0101 priek\u0161roc\u012bba ir t\u0101s pamatne \u2014 t\u0101 ir izgatavota no silikona. \u0160\u012b ir pirm\u0101 reize, kad [\u2026]<\/p>","protected":false},"featured_media":15047,"comment_status":"open","ping_status":"closed","template":"","meta":[],"_links":{"self":[{"href":"https:\/\/hookahshop.lt\/lv\/wp-json\/wp\/v2\/product\/15044"}],"collection":[{"href":"https:\/\/hookahshop.lt\/lv\/wp-json\/wp\/v2\/product"}],"about":[{"href":"https:\/\/hookahshop.lt\/lv\/wp-json\/wp\/v2\/types\/product"}],"replies":[{"embeddable":true,"href":"https:\/\/hookahshop.lt\/lv\/wp-json\/wp\/v2\/comments?post=15044"}],"version-history":[{"count":1,"href":"https:\/\/hookahshop.lt\/lv\/wp-json\/wp\/v2\/product\/15044\/revisions"}],"predecessor-version":[{"id":22685,"href":"https:\/\/hookahshop.lt\/lv\/wp-json\/wp\/v2\/product\/15044\/revisions\/22685"}],"wp:featuredmedia":[{"embeddable":true,"href":"https:\/\/hookahshop.lt\/lv\/wp-json\/wp\/v2\/media\/15047"}],"wp:attachment":[{"href":"https:\/\/hookahshop.lt\/lv\/wp-json\/wp\/v2\/media?parent=15044"}],"curies":[{"name":"wp","href":"https:\/\/api.w.org\/{rel}","templated":true}]}}