{"id":15077,"date":"2020-11-27T13:00:15","date_gmt":"2020-11-27T11:00:15","guid":{"rendered":"https:\/\/hookahshop.lt\/?post_type=product&#038;p=15077"},"modified":"2026-04-15T12:28:50","modified_gmt":"2026-04-15T09:28:50","slug":"kaljanas-bigmaks-hookah-one","status":"publish","type":"product","link":"https:\/\/hookahshop.lt\/lv\/produkt\/udenspipe-bigmax-udenspipe-viens\/","title":{"rendered":"\u016adensp\u012bpe BIGMAKS \u016adensp\u012bpe Viens"},"content":{"rendered":"<h2>\u016adensp\u012bpe Viens \u016adensp\u012bpe Viens<\/h2>\n<p>Izgatavots no Eirop\u0101 ra\u017eota ner\u016bs\u0113jo\u0161\u0101 t\u0113rauda AISI 304 ar \u013coti prec\u012bzu v\u0101rpstas un deta\u013cu apstr\u0101di. Sav\u0101k\u0161ana p\u0113c v\u0101rpstas ievieto\u0161anas kolb\u0101.<br \/>\n\u016adensp\u012bpe BigMaks \u016adensp\u012bpei ir vid\u0113ji klasiska izloze. P\u016b\u0161anas sist\u0113ma sast\u0101v no pieciem v\u0101rstiem, kas \u013cauj vienlaikus izp\u016bst kolbu un atdzist kr\u016bzi. O-gredzena savienojums.<br \/>\nV\u0101rpstas dizains ir vi\u013c\u0146ots aug\u0161pus\u0113 un apak\u0161\u0101 un plakans vid\u016b.<\/p>\n<p>Raksturojums:<br \/>\n\u016adensp\u012bpes svars: ~ 980 gr<br \/>\n\u016adensp\u012bpes augstums: 510 mm<br \/>\nV\u0101rpstas iek\u0161\u0113j\u0101 da\u013ca: ner\u016bs\u0113jo\u0161ais t\u0113rauds, D14 mm<br \/>\nV\u0101rpstas \u0101r\u0113j\u0101 da\u013ca: ner\u016bs\u0113jo\u0161ais t\u0113rauds<br \/>\nIegremd\u0113t\u0101 v\u0101rpstas da\u013ca: ner\u016bs\u0113jo\u0161ais t\u0113rauds, D13 mm<br \/>\nPamata materi\u0101ls: ner\u016bs\u0113jo\u0161ais t\u0113rauds<br \/>\n\u0160\u013c\u016btenes savienojums: O veida gredzens<br \/>\nSavienojuma materi\u0101ls: ner\u016bs\u0113jo\u0161ais t\u0113rauds<br \/>\nV\u0101rsta savienojums: iek\u0161\u0113jais<br \/>\nDifuzors: neno\u0146emams, uz v\u0101rpstas<br \/>\nIemutnis: ner\u016bs\u0113jo\u0161ais t\u0113rauds<br \/>\nIzp\u016bt\u0113ja garums: 299 mm, biezums 10 mm<br \/>\n\u0160\u013c\u016btene: silikona m\u012bksts piesk\u0101riens<br \/>\n\u0160\u013c\u016btenes garums: 1500 mm<\/p>\n<p>Apr\u012bkojums:<br \/>\nKast\u012bte, pl\u0101ksne ar firmas grav\u0113jumu, iemuts, \u0161\u013c\u016btenes savienot\u0101js, \u0161\u013c\u016btene, plastmasas lod\u012btes (7 gab.);<\/p>\n<p>Vai jums ir k\u0101di jaut\u0101jumi? Sazinies ar mums <a href=\"https:\/\/hookahshop.lt\/lv\/kontaktiem\/\">kontaktu lapa<\/a> vai rakstiet mums pa e-pastu <a href=\"https:\/\/facebook.com\/HookahShop.lt\/\" target=\"_blank\" rel=\"noopener noreferrer\">Facebook konts<\/a> un m\u0113s atbild\u0113sim uz j\u016bsu piepras\u012bjumu taj\u0101 pa\u0161\u0101 dien\u0101.<\/p>","protected":false},"excerpt":{"rendered":"<p>\u016adensp\u012bpe BigMaks \u016adensp\u012bpe One Izgatavota no Eirop\u0101 ra\u017eota ner\u016bs\u0113jo\u0161\u0101 t\u0113rauda AISI 304 ar \u013coti prec\u012bzu v\u0101rpstas un deta\u013cu apstr\u0101di. Sav\u0101k\u0161ana p\u0113c v\u0101rpstas ievieto\u0161anas kolb\u0101. \u016adensp\u012bpe BigMaks \u016adensp\u012bpei ir vid\u0113ji klasiska izloze. Izp\u016b\u0161anas sist\u0113ma sast\u0101v no pieciem v\u0101rstiem, kas \u013cauj vienlaikus izp\u016bst kolbu un atdzes\u0113t kr\u016bzi. O-gredzena savienojums. V\u0101rpstas dizains ir vi\u013c\u0146ots aug\u0161pus\u0113 un [...]<\/p>","protected":false},"featured_media":15089,"comment_status":"open","ping_status":"closed","template":"","meta":[],"_links":{"self":[{"href":"https:\/\/hookahshop.lt\/lv\/wp-json\/wp\/v2\/product\/15077"}],"collection":[{"href":"https:\/\/hookahshop.lt\/lv\/wp-json\/wp\/v2\/product"}],"about":[{"href":"https:\/\/hookahshop.lt\/lv\/wp-json\/wp\/v2\/types\/product"}],"replies":[{"embeddable":true,"href":"https:\/\/hookahshop.lt\/lv\/wp-json\/wp\/v2\/comments?post=15077"}],"version-history":[{"count":5,"href":"https:\/\/hookahshop.lt\/lv\/wp-json\/wp\/v2\/product\/15077\/revisions"}],"predecessor-version":[{"id":37538,"href":"https:\/\/hookahshop.lt\/lv\/wp-json\/wp\/v2\/product\/15077\/revisions\/37538"}],"wp:featuredmedia":[{"embeddable":true,"href":"https:\/\/hookahshop.lt\/lv\/wp-json\/wp\/v2\/media\/15089"}],"wp:attachment":[{"href":"https:\/\/hookahshop.lt\/lv\/wp-json\/wp\/v2\/media?parent=15077"}],"curies":[{"name":"wp","href":"https:\/\/api.w.org\/{rel}","templated":true}]}}