{"id":15231,"date":"2020-12-03T23:32:30","date_gmt":"2020-12-03T21:32:30","guid":{"rendered":"https:\/\/hookahshop.lt\/?post_type=product&#038;p=15231"},"modified":"2026-04-15T12:29:16","modified_gmt":"2026-04-15T09:29:16","slug":"taurele-kaljanui-kong-carnage-edition-glaze","status":"publish","type":"product","link":"https:\/\/hookahshop.lt\/lv\/produkt\/stikla-udenspipes-kong-carnage-izdevums-glazura\/","title":{"rendered":"Kauss \u016bdensp\u012bpei KONG Carnage Edition Glaze"},"content":{"rendered":"<h3>Kauss \u016bdensp\u012bpei Kong Carnage Edition Glaze<\/h3>\n<p>KONG \u016bdensp\u012bpes kr\u016bzes tiek izgatavotas profesion\u0101los kam\u012bnos ar temperat\u016bru virs 1200 gr\u0101diem, kas neuzs\u016bc lietot\u0101s tabakas smakas. Lieto\u0161anas laik\u0101 Kong kauss nepalaid\u012bs gar\u0101m s\u012brupu un ilgu laiku saglab\u0101s s\u0101kotn\u0113jo izskatu. Kausa stiprums ir vien\u0101ds ar akmens iztur\u012bbu.<\/p>\n<p>KONG VENOM CARNAGE KILLER ir pieejams Black Symbiote form\u0101! K\u013c\u016bsti par da\u013cu no kulta filmas MARVEL - INDE! Kr\u016bz\u012btei ir melna killer forma. Lieliski darbojas ar karstumiztur\u012bgu un stipru tabaku, uzsilst 3-4 min\u016bt\u0113s. Tas ir ide\u0101li apvienots ar kalaudu un sola ilgu k\u016bpin\u0101\u0161anas procesu. Saj\u016bti Venom sp\u0113ku uz savas \u016bdensp\u012bpes!<br \/>\nSm\u0113\u0137\u0113\u0161anas laiks: 70-90 min<br \/>\nTabakas pat\u0113ri\u0146\u0161: 18 - 22 g<\/p>\n<p>Vai jums ir k\u0101di jaut\u0101jumi? Sazinies ar mums <a href=\"https:\/\/hookahshop.lt\/lv\/kontaktiem\/\">kontaktu lapa<\/a> vai rakstiet mums pa e-pastu <a href=\"https:\/\/facebook.com\/HookahShop.lt\/\" target=\"_blank\" rel=\"noopener noreferrer\">Facebook konts<\/a> un m\u0113s atbild\u0113sim uz j\u016bsu piepras\u012bjumu taj\u0101 pa\u0161\u0101 dien\u0101.<\/p>","protected":false},"excerpt":{"rendered":"<p>B\u013coda \u016bdensp\u012bpei Kong Carnage Edition Glaze KONG \u016bdensp\u012bpes b\u013codas ir izgatavotas profesion\u0101l\u0101s kr\u0101sn\u012bs ar temperat\u016bru virs 1200 gr\u0101diem, kas neuzs\u016bc lietotas tabakas smaku. Lieto\u0161anas laik\u0101 no &quot;Kong&quot; kr\u016bzes neiztec\u0113s s\u012brups un tas saglab\u0101s s\u0101kotn\u0113jo izskatu ilgu laiku. Kausa sp\u0113ks ir vien\u0101ds ar akmens sp\u0113ku. KONG VENOM CARNAGE KILLER ir pieejams Black Symbiote form\u0101! K\u013c\u016bsti par da\u013cu no kulta filmas MARVEL - INDE! Kauss [\u2026]<\/p>","protected":false},"featured_media":15235,"comment_status":"open","ping_status":"closed","template":"","meta":[],"_links":{"self":[{"href":"https:\/\/hookahshop.lt\/lv\/wp-json\/wp\/v2\/product\/15231"}],"collection":[{"href":"https:\/\/hookahshop.lt\/lv\/wp-json\/wp\/v2\/product"}],"about":[{"href":"https:\/\/hookahshop.lt\/lv\/wp-json\/wp\/v2\/types\/product"}],"replies":[{"embeddable":true,"href":"https:\/\/hookahshop.lt\/lv\/wp-json\/wp\/v2\/comments?post=15231"}],"version-history":[{"count":4,"href":"https:\/\/hookahshop.lt\/lv\/wp-json\/wp\/v2\/product\/15231\/revisions"}],"predecessor-version":[{"id":43017,"href":"https:\/\/hookahshop.lt\/lv\/wp-json\/wp\/v2\/product\/15231\/revisions\/43017"}],"wp:featuredmedia":[{"embeddable":true,"href":"https:\/\/hookahshop.lt\/lv\/wp-json\/wp\/v2\/media\/15235"}],"wp:attachment":[{"href":"https:\/\/hookahshop.lt\/lv\/wp-json\/wp\/v2\/media?parent=15231"}],"curies":[{"name":"wp","href":"https:\/\/api.w.org\/{rel}","templated":true}]}}