{"id":15247,"date":"2020-12-04T00:53:58","date_gmt":"2020-12-03T22:53:58","guid":{"rendered":"https:\/\/hookahshop.lt\/?post_type=product&#038;p=15247"},"modified":"2026-04-15T12:29:16","modified_gmt":"2026-04-15T09:29:16","slug":"taurele-kaljanui-kong-lava-razor-blue","status":"publish","type":"product","link":"https:\/\/hookahshop.lt\/lv\/produkt\/kauss-udenspipe-kong-lava-zileti-zils\/","title":{"rendered":"Kauss \u016bdensp\u012bpei KONG Lava Razor Blue"},"content":{"rendered":"<h2>Kauss \u016bdensp\u012bpei Kong Lava Razor Blue<\/h2>\n<p>Kong Lava Razor Blue kauss ir killer tipa kr\u016bze, tas ir jauns produkts tirg\u016b. \u0160is unik\u0101las formas un kr\u0101su kombin\u0101cijas stikls izce\u013cas ar savu kvalit\u0101ti un p\u0101rs\u016bt\u012bt\u0101s gar\u0161as \u012bpa\u0161\u012bb\u0101m. \u0160ai m\u0101la kr\u016bzei ir pl\u0101nas sienas, kas \u013cauj viegli kontrol\u0113t siltumu un piln\u012bb\u0101 izbaud\u012bt \u016bdensp\u012bpes prieku. Premium kvalit\u0101tes Kong kr\u016bz\u012btei ir ne tikai unik\u0101ls dizains, bet ar\u012b ilgsto\u0161as \u012bpa\u0161\u012bbas. Pl\u0101n\u0101s sienas nenoz\u012bm\u0113, ka no kr\u016bzes dr\u012bz s\u0101ks tec\u0113t s\u012brups, jo Kong uz\u0146\u0113mums nodro\u0161ina, ka vi\u0146u kr\u016bzes kalpos ilgu laiku.<\/p>\n<p>Vai jums ir k\u0101di jaut\u0101jumi? Sazinies ar mums <a href=\"https:\/\/hookahshop.lt\/lv\/kontaktiem\/\">kontaktu lapa<\/a> vai rakstiet mums pa e-pastu <a href=\"https:\/\/facebook.com\/HookahShop.lt\/\" target=\"_blank\" rel=\"noopener noreferrer\">Facebook konts<\/a> un m\u0113s atbild\u0113sim uz j\u016bsu piepras\u012bjumu taj\u0101 pa\u0161\u0101 dien\u0101.<\/p>","protected":false},"excerpt":{"rendered":"<p>\u016adensp\u012bpes kr\u016bz\u012bte Kong Lava Razor Blue Kong Lava Razor Blue kr\u016bz\u012bte ir lieliska kr\u016bz\u012b\u0161u \u0161\u0137irne, tas ir jauns produkts tirg\u016b. \u0160\u012b kr\u016bz\u012bte ar unik\u0101lu formu un kr\u0101su kombin\u0101ciju izce\u013cas ar savu kvalit\u0101ti un nodotaj\u0101m gar\u0161as \u012bpa\u0161\u012bb\u0101m. \u0160ai m\u0101la kr\u016bz\u012btei ir pl\u0101nas sienas, kas \u013cauj viegli kontrol\u0113t karstumu un piln\u012bb\u0101 izbaud\u012bt \u016bdensp\u012bpes prieku. Augst\u0101k\u0101s kvalit\u0101tes kr\u016bz\u012bte Kong [\u2026]<\/p>","protected":false},"featured_media":15248,"comment_status":"open","ping_status":"closed","template":"","meta":[],"_links":{"self":[{"href":"https:\/\/hookahshop.lt\/lv\/wp-json\/wp\/v2\/product\/15247"}],"collection":[{"href":"https:\/\/hookahshop.lt\/lv\/wp-json\/wp\/v2\/product"}],"about":[{"href":"https:\/\/hookahshop.lt\/lv\/wp-json\/wp\/v2\/types\/product"}],"replies":[{"embeddable":true,"href":"https:\/\/hookahshop.lt\/lv\/wp-json\/wp\/v2\/comments?post=15247"}],"version-history":[{"count":4,"href":"https:\/\/hookahshop.lt\/lv\/wp-json\/wp\/v2\/product\/15247\/revisions"}],"predecessor-version":[{"id":41443,"href":"https:\/\/hookahshop.lt\/lv\/wp-json\/wp\/v2\/product\/15247\/revisions\/41443"}],"wp:featuredmedia":[{"embeddable":true,"href":"https:\/\/hookahshop.lt\/lv\/wp-json\/wp\/v2\/media\/15248"}],"wp:attachment":[{"href":"https:\/\/hookahshop.lt\/lv\/wp-json\/wp\/v2\/media?parent=15247"}],"curies":[{"name":"wp","href":"https:\/\/api.w.org\/{rel}","templated":true}]}}